{"id":21172,"date":"2025-10-08T16:22:04","date_gmt":"2025-10-08T14:22:04","guid":{"rendered":"https:\/\/arqitecture.fr\/?post_type=product&#038;p=21172"},"modified":"2026-03-30T10:13:52","modified_gmt":"2026-03-30T08:13:52","slug":"meuble-comptoir-reception-blanc-et-chene-bois","status":"publish","type":"product","link":"https:\/\/arqitecture.fr\/en\/product\/meuble-comptoir-reception-blanc-et-chene-bois\/","title":{"rendered":"Meuble comptoir r\u00e9ception blanc et ch\u00eane, Bois"},"content":{"rendered":"<p>\u25ba Ambiance Nature et design<\/p>\n<p>\u25ba Il donnera une autre dimension \u00e0 l&rsquo;espace<\/p>\n<p>\u25ba Meuble de r\u00e9ception et de tenue de caisse<\/p>\n<p>\u25ba Mobilier professionnel de boutique, de magasin, d&rsquo;h\u00f4tel, restaurant ou bar<\/p>\n<p>&nbsp;<\/p>","protected":false},"excerpt":{"rendered":"<p>El\u00e9gant comptoir \u00e0 la forme l\u00e9g\u00e8rement arrondie.<\/p>\n<p>Id\u00e9al pour l&rsquo;agencement d&rsquo;un magasin ou en am\u00e9nagement int\u00e9rieur (cuisine, bar ou dressing).<\/p>\n<p>Plateau en ch\u00eane.<\/p>\n<p>Espace de rangement \u00e0 l&rsquo;arri\u00e8re avec 4 double niches pour un total de 8 casiers.<\/p>\n<p>2 espaces de rangements avec double porte pour l&rsquo;ouverture.<\/p>\n<p>Face avant blanche.<\/p>\n<p>Arri\u00e8re blanc et niches en bois naturel.<\/p>\n<p>Dimensions: 400 x 125 x H 110 cm<\/p>","protected":false},"featured_media":21173,"template":"","meta":{"_et_pb_use_builder":"","_et_pb_old_content":"","_et_gb_content_width":""},"product_brand":[],"product_cat":[7413,7406],"product_tag":[],"class_list":{"0":"post-21172","1":"product","2":"type-product","3":"status-publish","4":"has-post-thumbnail","6":"product_cat-deco-bois","7":"product_cat-tous-les-produits","9":"first","10":"instock","11":"taxable","12":"shipping-taxable","13":"purchasable","14":"product-type-simple"},"aioseo_notices":[],"_links":{"self":[{"href":"https:\/\/arqitecture.fr\/en\/wp-json\/wp\/v2\/product\/21172","targetHints":{"allow":["GET"]}}],"collection":[{"href":"https:\/\/arqitecture.fr\/en\/wp-json\/wp\/v2\/product"}],"about":[{"href":"https:\/\/arqitecture.fr\/en\/wp-json\/wp\/v2\/types\/product"}],"wp:featuredmedia":[{"embeddable":true,"href":"https:\/\/arqitecture.fr\/en\/wp-json\/wp\/v2\/media\/21173"}],"wp:attachment":[{"href":"https:\/\/arqitecture.fr\/en\/wp-json\/wp\/v2\/media?parent=21172"}],"wp:term":[{"taxonomy":"product_brand","embeddable":true,"href":"https:\/\/arqitecture.fr\/en\/wp-json\/wp\/v2\/product_brand?post=21172"},{"taxonomy":"product_cat","embeddable":true,"href":"https:\/\/arqitecture.fr\/en\/wp-json\/wp\/v2\/product_cat?post=21172"},{"taxonomy":"product_tag","embeddable":true,"href":"https:\/\/arqitecture.fr\/en\/wp-json\/wp\/v2\/product_tag?post=21172"}],"curies":[{"name":"wp","href":"https:\/\/api.w.org\/{rel}","templated":true}]}}