{"id":21157,"date":"2025-10-07T14:24:54","date_gmt":"2025-10-07T12:24:54","guid":{"rendered":"https:\/\/arqitecture.fr\/?post_type=product&#038;p=21157"},"modified":"2026-03-30T10:14:26","modified_gmt":"2026-03-30T08:14:26","slug":"bibliotheque-avec-echelle-bois","status":"publish","type":"product","link":"https:\/\/arqitecture.fr\/en\/product\/bibliotheque-avec-echelle-bois\/","title":{"rendered":"Meuble Biblioth\u00e8que avec \u00e9chelle, Bois"},"content":{"rendered":"<p>\u25ba Ambiance Nature et contemporaine<\/p>\n<p>\u25ba It will give another dimension to the space<\/p>\n<p>\u25ba Meuble de rangement pour livres<\/p>\n<p>\u25ba Cadeau de mariage ou de cr\u00e9maill\u00e8re<\/p>\n<p>&nbsp;<\/p>\n<p>Le nom de biblioth\u00e8que vient du latin bibliotheca, qui vient du grec biblioth\u00eak\u00ea, compos\u00e9 de biblion qui signifie livre et de th\u00eak\u00ea qui veut dire lieu de d\u00e9p\u00f4t.<\/p>\n<p>La plus c\u00e9l\u00e8bre biblioth\u00e8que antique date du III\u00e8me si\u00e8cle avant J.C \u00e0 Alexandrie en Egypte.<\/p>\n<p>La premi\u00e8re \u0153uvre litt\u00e9raire a \u00e9t\u00e9 \u00e9crite il y a 4500 ans sur 12 tablettes de 3000 vers intitul\u00e9e l&rsquo;Epop\u00e9e de Gilgamesh.<\/p>\n<p>L&rsquo;\u00e9criture a elle \u00e9t\u00e9 invent\u00e9e en M\u00e9sopotamie il y a 5000 ans.<\/p>\n<p>&nbsp;<\/p>\n<p>&nbsp;<\/p>","protected":false},"excerpt":{"rendered":"<p>El\u00e9gante biblioth\u00e8que avec son \u00e9chelle amovible et barre en fer.<\/p>\n<p>5 niveaux de 4 casiers soit 20 casiers au total.<\/p>\n<p>1 niveau de 4 tiroirs en bas.<\/p>\n<p>Bois: ch\u00eane<\/p>\n<p>Echelle: 112 cm<\/p>\n<p>Dimensions tiroirs : 49 x 34 x H 32<\/p>\n<p>Dimensions casiers: 54 x 43 x H 35 cm<\/p>\n<p>Dimensions total biblioth\u00e8que: 240 x 56 x H 240 cm<\/p>","protected":false},"featured_media":21158,"template":"","meta":{"_et_pb_use_builder":"","_et_pb_old_content":"","_et_gb_content_width":""},"product_brand":[],"product_cat":[7413,7408,7406],"product_tag":[],"class_list":{"0":"post-21157","1":"product","2":"type-product","3":"status-publish","4":"has-post-thumbnail","6":"product_cat-deco-bois","7":"product_cat-deco-yin","8":"product_cat-tous-les-produits","10":"first","11":"instock","12":"sale","13":"taxable","14":"shipping-taxable","15":"purchasable","16":"product-type-simple"},"aioseo_notices":[],"_links":{"self":[{"href":"https:\/\/arqitecture.fr\/en\/wp-json\/wp\/v2\/product\/21157","targetHints":{"allow":["GET"]}}],"collection":[{"href":"https:\/\/arqitecture.fr\/en\/wp-json\/wp\/v2\/product"}],"about":[{"href":"https:\/\/arqitecture.fr\/en\/wp-json\/wp\/v2\/types\/product"}],"wp:featuredmedia":[{"embeddable":true,"href":"https:\/\/arqitecture.fr\/en\/wp-json\/wp\/v2\/media\/21158"}],"wp:attachment":[{"href":"https:\/\/arqitecture.fr\/en\/wp-json\/wp\/v2\/media?parent=21157"}],"wp:term":[{"taxonomy":"product_brand","embeddable":true,"href":"https:\/\/arqitecture.fr\/en\/wp-json\/wp\/v2\/product_brand?post=21157"},{"taxonomy":"product_cat","embeddable":true,"href":"https:\/\/arqitecture.fr\/en\/wp-json\/wp\/v2\/product_cat?post=21157"},{"taxonomy":"product_tag","embeddable":true,"href":"https:\/\/arqitecture.fr\/en\/wp-json\/wp\/v2\/product_tag?post=21157"}],"curies":[{"name":"wp","href":"https:\/\/api.w.org\/{rel}","templated":true}]}}