{"id":21103,"date":"2025-10-02T14:09:47","date_gmt":"2025-10-02T12:09:47","guid":{"rendered":"https:\/\/arqitecture.fr\/?post_type=product&#038;p=21103"},"modified":"2025-10-02T14:51:29","modified_gmt":"2025-10-02T12:51:29","slug":"sculpture-origami-pitbull-chien-jaune-resine","status":"publish","type":"product","link":"https:\/\/arqitecture.fr\/en\/product\/sculpture-origami-pitbull-chien-jaune-resine\/","title":{"rendered":"Sculpture ORIGAMI Pitbull chien Jaune, R\u00e9sine"},"content":{"rendered":"<p>\u25ba Il fera le plus bel effet \u263c install\u00e9 \u00e0 m\u00eame le sol<\/p>\n<p>\u25ba Pour une touche animale \u00e0 sa d\u00e9co<\/p>\n<p>\u25ba Ambiance moderne et color\u00e9e<\/p>\n<p>\u25ba D\u00e9coration de salon, de bureau, d&rsquo;entr\u00e9e ou d&rsquo;accueil<\/p>\n<p>\u25ba Cadeau pour une cr\u00e9maill\u00e8re, un mariage, un anniversaire ou une f\u00eate des M\u00e8res \/ P\u00e8res<\/p>\n<p>The dog is the symbol of loyalty and faith.<\/p>\n<p>Les chiens nous procurent un bien-\u00eatre \u00e9motionnel, gr\u00e2ce \u00e0 l\u2019amour inconditionnel qu\u2019ils nous portent.<\/p>\n<p>The dog is close to man whether as a domestic animal or in myths and legends around the world.<\/p>\n<p>The dog has had many roles: guide or scout, protector or guard dog.<\/p>\n<p>C\u2019est en Chine que furent authentifi\u00e9es les premi\u00e8res association entre l\u2019homme et une vari\u00e9t\u00e9 de loup de petite taille (anc\u00eatre du chien) qui remonte \u00e0 150 000 ans.<\/p>\n<p>L\u2019anc\u00eatre du chien est le premier animal \u00e0 avoir \u00e9t\u00e9 domestiqu\u00e9, il y a 15 000 ans.<\/p>\n<p>The dog derives from two domestications of wolves, more than 12,500 years ago.<\/p>\n<p>Le chien est une cr\u00e9ation de l\u2019homme par s\u00e9lection artificielle.<\/p>\n<p>The dog is the eleventh sign of the Chinese zodiac.<\/p>\n<p>Dans la culture chinoise, il repr\u00e9sente l\u2019animal le plus sinc\u00e8re.<\/p>","protected":false},"excerpt":{"rendered":"<p>Sculpture d&rsquo;un chien de race Pitbull debout au design origami.<\/p>\n<p>Couleur: Jaune<\/p>\n<p>Une objet des plus tendance pour agr\u00e9menter \u00e0 votre int\u00e9rieur.<\/p>\n<p>En polyr\u00e9sine.<\/p>\n<p>Dimensions : L 91 x l 30 x H 78 cm<\/p>\n<p>Poids : 6,9 Kg<\/p>","protected":false},"featured_media":21109,"template":"","meta":{"_et_pb_use_builder":"","_et_pb_old_content":"","_et_gb_content_width":""},"product_brand":[],"product_cat":[7410,7406],"product_tag":[],"class_list":{"0":"post-21103","1":"product","2":"type-product","3":"status-publish","4":"has-post-thumbnail","6":"product_cat-deco-animaux","7":"product_cat-tous-les-produits","9":"first","10":"instock","11":"taxable","12":"shipping-taxable","13":"purchasable","14":"product-type-simple"},"aioseo_notices":[],"_links":{"self":[{"href":"https:\/\/arqitecture.fr\/en\/wp-json\/wp\/v2\/product\/21103","targetHints":{"allow":["GET"]}}],"collection":[{"href":"https:\/\/arqitecture.fr\/en\/wp-json\/wp\/v2\/product"}],"about":[{"href":"https:\/\/arqitecture.fr\/en\/wp-json\/wp\/v2\/types\/product"}],"wp:featuredmedia":[{"embeddable":true,"href":"https:\/\/arqitecture.fr\/en\/wp-json\/wp\/v2\/media\/21109"}],"wp:attachment":[{"href":"https:\/\/arqitecture.fr\/en\/wp-json\/wp\/v2\/media?parent=21103"}],"wp:term":[{"taxonomy":"product_brand","embeddable":true,"href":"https:\/\/arqitecture.fr\/en\/wp-json\/wp\/v2\/product_brand?post=21103"},{"taxonomy":"product_cat","embeddable":true,"href":"https:\/\/arqitecture.fr\/en\/wp-json\/wp\/v2\/product_cat?post=21103"},{"taxonomy":"product_tag","embeddable":true,"href":"https:\/\/arqitecture.fr\/en\/wp-json\/wp\/v2\/product_tag?post=21103"}],"curies":[{"name":"wp","href":"https:\/\/api.w.org\/{rel}","templated":true}]}}