{"id":21065,"date":"2025-09-30T14:54:08","date_gmt":"2025-09-30T12:54:08","guid":{"rendered":"https:\/\/arqitecture.fr\/?post_type=product&#038;p=21065"},"modified":"2026-03-30T10:15:21","modified_gmt":"2026-03-30T08:15:21","slug":"statue-panthere-noire-assise-ceramique","status":"publish","type":"product","link":"https:\/\/arqitecture.fr\/en\/product\/statue-panthere-noire-assise-ceramique\/","title":{"rendered":"Statue Panth\u00e8re Noire assise, C\u00e9ramique"},"content":{"rendered":"<p>Disponibilit\u00e9 : 14 novembre 2025<\/p>\n<p>\u25ba Ce f\u00e9lin fera le plus bel effet pos\u00e9 \u00e0 m\u00eame le sol<\/p>\n<p>\u25ba Chic and inspiring atmosphere<\/p>\n<p>\u25ba Entrance or living room decoration <\/p>\n<p>\u25ba Decoration of hotels, restaurants, waiting rooms, stores or lounges<\/p>\n<p>\u25ba Thank you, Christmas, birthday, Valentine&#039;s Day or holiday gift<\/p>\n<p>La panth\u00e8re est symbole d\u2019\u00e9l\u00e9gance et la force.<\/p>\n<p>Animal already extinct in certain regions.<\/p>\n<p>Tous les f\u00e9lid\u00e9s viennent d\u2019Orion, la constellation de l\u2019\u00e9veil spirituel et de la sagesse.<\/p>","protected":false},"excerpt":{"rendered":"<p>El\u00e9gante statue repr\u00e9sentant une panth\u00e8re noire assise tournant la t\u00eate.<\/p>\n<p>En c\u00e9ramique de couleur noire brillant.<\/p>\n<p>Longueur : 88 cm<br \/>\nLargeur : 54 cm<br \/>\nHauteur : 90 cm<\/p>\n<p>Poids : 23 Kg<\/p>","protected":false},"featured_media":21066,"template":"","meta":{"_et_pb_use_builder":"","_et_pb_old_content":"","_et_gb_content_width":""},"product_brand":[],"product_cat":[7410,7408,7406],"product_tag":[],"class_list":{"0":"post-21065","1":"product","2":"type-product","3":"status-publish","4":"has-post-thumbnail","6":"product_cat-deco-animaux","7":"product_cat-deco-yin","8":"product_cat-tous-les-produits","10":"first","11":"instock","12":"taxable","13":"shipping-taxable","14":"purchasable","15":"product-type-simple"},"aioseo_notices":[],"_links":{"self":[{"href":"https:\/\/arqitecture.fr\/en\/wp-json\/wp\/v2\/product\/21065","targetHints":{"allow":["GET"]}}],"collection":[{"href":"https:\/\/arqitecture.fr\/en\/wp-json\/wp\/v2\/product"}],"about":[{"href":"https:\/\/arqitecture.fr\/en\/wp-json\/wp\/v2\/types\/product"}],"wp:featuredmedia":[{"embeddable":true,"href":"https:\/\/arqitecture.fr\/en\/wp-json\/wp\/v2\/media\/21066"}],"wp:attachment":[{"href":"https:\/\/arqitecture.fr\/en\/wp-json\/wp\/v2\/media?parent=21065"}],"wp:term":[{"taxonomy":"product_brand","embeddable":true,"href":"https:\/\/arqitecture.fr\/en\/wp-json\/wp\/v2\/product_brand?post=21065"},{"taxonomy":"product_cat","embeddable":true,"href":"https:\/\/arqitecture.fr\/en\/wp-json\/wp\/v2\/product_cat?post=21065"},{"taxonomy":"product_tag","embeddable":true,"href":"https:\/\/arqitecture.fr\/en\/wp-json\/wp\/v2\/product_tag?post=21065"}],"curies":[{"name":"wp","href":"https:\/\/api.w.org\/{rel}","templated":true}]}}