{"id":21058,"date":"2025-09-23T10:37:28","date_gmt":"2025-09-23T08:37:28","guid":{"rendered":"https:\/\/arqitecture.fr\/?post_type=product&#038;p=21058"},"modified":"2026-03-30T10:17:59","modified_gmt":"2026-03-30T08:17:59","slug":"sculpture-cheval-cabre-assis-metal","status":"publish","type":"product","link":"https:\/\/arqitecture.fr\/en\/product\/sculpture-cheval-cabre-assis-metal\/","title":{"rendered":"Sculpture Cheval cabr\u00e9 m\u00e9canique, M\u00e9tal"},"content":{"rendered":"<p>\u25ba Il fera le plus bel effet \u263c install\u00e9 \u00e0 m\u00eame le sol<\/p>\n<p>\u25ba Pour une touche m\u00e9tal \u00e0 sa d\u00e9co<\/p>\n<p>\u25ba Ambiance moderne, industrielle et dynamique<\/p>\n<p>\u25ba D\u00e9coration de salon, de bureau, d&rsquo;entr\u00e9e ou d&rsquo;accueil<\/p>\n<p>\u25ba Cadeau pour une cr\u00e9maill\u00e8re, un mariage, un anniversaire ou une f\u00eate des M\u00e8res \/ P\u00e8res<\/p>\n<p>The horse symbolizes freedom and power but also conquest because it is the first means of transport long before the invention of the engine.<\/p>\n<p>It is associated with travel and adventures.<\/p>\n<p>The horse is the last animal domesticated by man.<\/p>\n<p>Animal often associated with the moon and the elements air and water.<\/p>\n<p>It is the 7th sign of the Chinese horoscope.<\/p>\n<p>In Feng shui, the horse is considered a precious helper.<\/p>\n<p>It allows us to rediscover the connection between our head, our heart and our body.<\/p>\n<p>Horse riding gives you a taste for effort, commitment, self-confidence and perseverance.<\/p>","protected":false},"excerpt":{"rendered":"<p>Imposante sculpture d&rsquo;un cheval sur socle en train de se cabrer r\u00e9alis\u00e9e avec de nombreuses pi\u00e8ces m\u00e9caniques soud\u00e9es les unes aux autres.<\/p>\n<p>Une objet des plus tendance qui pourra apporter une touche industrielle \u00e0 votre int\u00e9rieur.<\/p>\n<p>En M\u00e9tal.<\/p>\n<p>Dimensions : H 115 x 42 cm<\/p>\n<p>Poids : 21 Kg<\/p>","protected":false},"featured_media":21055,"template":"","meta":{"_et_pb_use_builder":"","_et_pb_old_content":"","_et_gb_content_width":""},"product_brand":[],"product_cat":[7410,7411,7406],"product_tag":[],"class_list":{"0":"post-21058","1":"product","2":"type-product","3":"status-publish","4":"has-post-thumbnail","6":"product_cat-deco-animaux","7":"product_cat-deco-metal","8":"product_cat-tous-les-produits","10":"first","11":"instock","12":"taxable","13":"shipping-taxable","14":"purchasable","15":"product-type-simple"},"aioseo_notices":[],"_links":{"self":[{"href":"https:\/\/arqitecture.fr\/en\/wp-json\/wp\/v2\/product\/21058","targetHints":{"allow":["GET"]}}],"collection":[{"href":"https:\/\/arqitecture.fr\/en\/wp-json\/wp\/v2\/product"}],"about":[{"href":"https:\/\/arqitecture.fr\/en\/wp-json\/wp\/v2\/types\/product"}],"wp:featuredmedia":[{"embeddable":true,"href":"https:\/\/arqitecture.fr\/en\/wp-json\/wp\/v2\/media\/21055"}],"wp:attachment":[{"href":"https:\/\/arqitecture.fr\/en\/wp-json\/wp\/v2\/media?parent=21058"}],"wp:term":[{"taxonomy":"product_brand","embeddable":true,"href":"https:\/\/arqitecture.fr\/en\/wp-json\/wp\/v2\/product_brand?post=21058"},{"taxonomy":"product_cat","embeddable":true,"href":"https:\/\/arqitecture.fr\/en\/wp-json\/wp\/v2\/product_cat?post=21058"},{"taxonomy":"product_tag","embeddable":true,"href":"https:\/\/arqitecture.fr\/en\/wp-json\/wp\/v2\/product_tag?post=21058"}],"curies":[{"name":"wp","href":"https:\/\/api.w.org\/{rel}","templated":true}]}}