{"id":21050,"date":"2025-09-28T16:06:38","date_gmt":"2025-09-28T14:06:38","guid":{"rendered":"https:\/\/arqitecture.fr\/?post_type=product&#038;p=21050"},"modified":"2026-03-30T10:16:58","modified_gmt":"2026-03-30T08:16:58","slug":"sculpture-saxophone-aluminium-metal","status":"publish","type":"product","link":"https:\/\/arqitecture.fr\/en\/product\/sculpture-saxophone-aluminium-metal\/","title":{"rendered":"Sculpture Saxophone m\u00e9canique, M\u00e9tal"},"content":{"rendered":"<p>\u25ba Il fera le plus bel effet \u263c install\u00e9 \u00e0 m\u00eame le sol ou sur une colonne<\/p>\n<p>\u25ba Ambiance moderne, industrielle et enchanteresse<\/p>\n<p>\u25ba D\u00e9coration de salon, de bureau, d&rsquo;entr\u00e9e ou d&rsquo;accueil<\/p>\n<p>\u25ba Cadeau id\u00e9al pour les saxophonistes<\/p>\n<p>\u25ba Cadeau pour une cr\u00e9maill\u00e8re, un mariage, un anniversaire ou une f\u00eate des M\u00e8res \/ P\u00e8res<\/p>\n<p>Le saxophone est le symbole de l&rsquo;excellence et de la passion.<br \/>\nIl est synonyme de romantisme gr\u00e2ce \u00e0 ses sonorit\u00e9s sensuelles.<br \/>\nIl apporte \u00e0 la fois une puissance et douceur \u00e0 chaque morceau de musique.<br \/>\nIl a le pouvoir d&#8217;emmener l&rsquo;auditeur dans un \u00e9ventail d&rsquo;\u00e9motions, de le faire vibrer.<\/p>","protected":false},"excerpt":{"rendered":"<p>Sculpture d&rsquo;un Saxophone sur socle de forme ronde. Il est fait de plusieurs pi\u00e8ces m\u00e9talliques telles que les \u00e9crous, vis, engrenage &#8230; le tout soud\u00e9s les unes aux autres.<\/p>\n<p>En aluminium tr\u00e8s travaill\u00e9 aux parfaites finitions et avec un grand soucis du d\u00e9tail.<\/p>\n<p>Style industriel.<\/p>\n<p>Dimensions : H 82 x 40 cm<\/p>\n<p>Poids: 7,8 Kg<\/p>","protected":false},"featured_media":21051,"template":"","meta":{"_et_pb_use_builder":"on","_et_pb_old_content":"\u25ba Il fera le plus bel effet \u263c install\u00e9 \u00e0 m\u00eame le sol ou sur une colonne\r\n\r\n\u25ba Ambiance moderne, industrielle et enchanteresse\r\n\r\n\u25ba D\u00e9coration de salon, de bureau, d'entr\u00e9e ou d'accueil\r\n\r\n\u25ba Cadeau id\u00e9al pour les saxophonistes\r\n\r\n\u25ba Cadeau pour une cr\u00e9maill\u00e8re, un mariage, un anniversaire ou une f\u00eate des M\u00e8res \/ P\u00e8res\r\n\r\n\r\nLe saxophone est le symbole de l'excellence et de la passion.\r\nIl est synonyme de romantisme gr\u00e2ce \u00e0 ses sonorit\u00e9s sensuelles.\r\nIl apporte \u00e0 la fois une puissance et douceur \u00e0 chaque morceau de musique.\r\nIl a le pouvoir d'emmener l'auditeur dans un \u00e9ventail d'\u00e9motions, de le faire vibrer.","_et_gb_content_width":""},"product_brand":[],"product_cat":[7411,7409,7406],"product_tag":[],"class_list":{"0":"post-21050","1":"product","2":"type-product","3":"status-publish","4":"has-post-thumbnail","6":"product_cat-deco-metal","7":"product_cat-deco-yang","8":"product_cat-tous-les-produits","10":"first","11":"instock","12":"taxable","13":"shipping-taxable","14":"purchasable","15":"product-type-simple"},"aioseo_notices":[],"_links":{"self":[{"href":"https:\/\/arqitecture.fr\/en\/wp-json\/wp\/v2\/product\/21050","targetHints":{"allow":["GET"]}}],"collection":[{"href":"https:\/\/arqitecture.fr\/en\/wp-json\/wp\/v2\/product"}],"about":[{"href":"https:\/\/arqitecture.fr\/en\/wp-json\/wp\/v2\/types\/product"}],"wp:featuredmedia":[{"embeddable":true,"href":"https:\/\/arqitecture.fr\/en\/wp-json\/wp\/v2\/media\/21051"}],"wp:attachment":[{"href":"https:\/\/arqitecture.fr\/en\/wp-json\/wp\/v2\/media?parent=21050"}],"wp:term":[{"taxonomy":"product_brand","embeddable":true,"href":"https:\/\/arqitecture.fr\/en\/wp-json\/wp\/v2\/product_brand?post=21050"},{"taxonomy":"product_cat","embeddable":true,"href":"https:\/\/arqitecture.fr\/en\/wp-json\/wp\/v2\/product_cat?post=21050"},{"taxonomy":"product_tag","embeddable":true,"href":"https:\/\/arqitecture.fr\/en\/wp-json\/wp\/v2\/product_tag?post=21050"}],"curies":[{"name":"wp","href":"https:\/\/api.w.org\/{rel}","templated":true}]}}