{"id":21040,"date":"2025-09-29T13:47:23","date_gmt":"2025-09-29T11:47:23","guid":{"rendered":"https:\/\/arqitecture.fr\/?post_type=product&#038;p=21040"},"modified":"2026-03-30T10:15:48","modified_gmt":"2026-03-30T08:15:48","slug":"tableau-sculpture-signature-inox-metal","status":"publish","type":"product","link":"https:\/\/arqitecture.fr\/en\/product\/tableau-sculpture-signature-inox-metal\/","title":{"rendered":"Tableau Sculpture Signature inox, M\u00e9tal"},"content":{"rendered":"<p>\u25ba \u263c Will look great hanging on a wall<\/p>\n<p>\u25ba Il attira tous les regards<\/p>\n<p>\u25ba Modern and energetic atmosphere<\/p>\n<p>\u25ba Decoration of entrance, living room or veranda<\/p>\n<p>\u25ba Decoration of hotels, restaurants, waiting rooms, stores or lounges<\/p>\n<p>\u25ba Ideal gift for art lovers<\/p>\n<p>\u25ba Thank you, Christmas, birthday, Valentine&#039;s Day or holiday gift<\/p>","protected":false},"excerpt":{"rendered":"<p>Large tableau sculpture repr\u00e9sentant une succession de boucles telle une signature. <\/p>\n<p>Il donnera un nouveau souffle et volume \u00e0 votre d\u00e9coration int\u00e9rieure.<\/p>\n<p>Apporte une touche industrielle.<\/p>\n<p>En acier inoxydable.<\/p>\n<p>Dimensions: 187 x 65 cm<\/p>","protected":false},"featured_media":21041,"template":"","meta":{"_et_pb_use_builder":"","_et_pb_old_content":"","_et_gb_content_width":""},"product_brand":[],"product_cat":[7411,7406],"product_tag":[],"class_list":{"0":"post-21040","1":"product","2":"type-product","3":"status-publish","4":"has-post-thumbnail","6":"product_cat-deco-metal","7":"product_cat-tous-les-produits","9":"first","10":"instock","11":"taxable","12":"shipping-taxable","13":"purchasable","14":"product-type-simple"},"aioseo_notices":[],"_links":{"self":[{"href":"https:\/\/arqitecture.fr\/en\/wp-json\/wp\/v2\/product\/21040","targetHints":{"allow":["GET"]}}],"collection":[{"href":"https:\/\/arqitecture.fr\/en\/wp-json\/wp\/v2\/product"}],"about":[{"href":"https:\/\/arqitecture.fr\/en\/wp-json\/wp\/v2\/types\/product"}],"wp:featuredmedia":[{"embeddable":true,"href":"https:\/\/arqitecture.fr\/en\/wp-json\/wp\/v2\/media\/21041"}],"wp:attachment":[{"href":"https:\/\/arqitecture.fr\/en\/wp-json\/wp\/v2\/media?parent=21040"}],"wp:term":[{"taxonomy":"product_brand","embeddable":true,"href":"https:\/\/arqitecture.fr\/en\/wp-json\/wp\/v2\/product_brand?post=21040"},{"taxonomy":"product_cat","embeddable":true,"href":"https:\/\/arqitecture.fr\/en\/wp-json\/wp\/v2\/product_cat?post=21040"},{"taxonomy":"product_tag","embeddable":true,"href":"https:\/\/arqitecture.fr\/en\/wp-json\/wp\/v2\/product_tag?post=21040"}],"curies":[{"name":"wp","href":"https:\/\/api.w.org\/{rel}","templated":true}]}}