{"id":21028,"date":"2025-09-29T11:06:25","date_gmt":"2025-09-29T09:06:25","guid":{"rendered":"https:\/\/arqitecture.fr\/?post_type=product&#038;p=21028"},"modified":"2026-03-30T10:16:37","modified_gmt":"2026-03-30T08:16:37","slug":"tableau-sculpture-abstrait-dore-inox-metal","status":"publish","type":"product","link":"https:\/\/arqitecture.fr\/en\/product\/tableau-sculpture-abstrait-dore-inox-metal\/","title":{"rendered":"Tableau sculpture Filaments dor\u00e9s inox, M\u00e9tal"},"content":{"rendered":"<p>\u25ba \u263c Will look great hanging on a wall<\/p>\n<p>\u25ba Luxurious and welcoming atmosphere<\/p>\n<p>\u25ba Decoration of entrance, living room or veranda<\/p>\n<p>\u25ba Decoration of hotels, restaurants, waiting rooms, stores or lounges<\/p>\n<p>\u25ba Thank you, Christmas, birthday, Valentine&#039;s Day or holiday gift<\/p>","protected":false},"excerpt":{"rendered":"<p>Large tableau sculpture repr\u00e9sentant des files ou tubes en mouvements semi-circulaires au tr\u00e8s beau relief.<\/p>\n<p>Friendly and warm atmosphere.<\/p>\n<p>Acier inoxydable tr\u00e8s travaill\u00e9 et de qualit\u00e9.<\/p>\n<p>Dimensions: 181 x 85 cm<\/p>","protected":false},"featured_media":21029,"template":"","meta":{"_et_pb_use_builder":"","_et_pb_old_content":"","_et_gb_content_width":""},"product_brand":[],"product_cat":[7411,7409,7406],"product_tag":[],"class_list":{"0":"post-21028","1":"product","2":"type-product","3":"status-publish","4":"has-post-thumbnail","6":"product_cat-deco-metal","7":"product_cat-deco-yang","8":"product_cat-tous-les-produits","10":"first","11":"instock","12":"taxable","13":"shipping-taxable","14":"purchasable","15":"product-type-simple"},"aioseo_notices":[],"_links":{"self":[{"href":"https:\/\/arqitecture.fr\/en\/wp-json\/wp\/v2\/product\/21028","targetHints":{"allow":["GET"]}}],"collection":[{"href":"https:\/\/arqitecture.fr\/en\/wp-json\/wp\/v2\/product"}],"about":[{"href":"https:\/\/arqitecture.fr\/en\/wp-json\/wp\/v2\/types\/product"}],"wp:featuredmedia":[{"embeddable":true,"href":"https:\/\/arqitecture.fr\/en\/wp-json\/wp\/v2\/media\/21029"}],"wp:attachment":[{"href":"https:\/\/arqitecture.fr\/en\/wp-json\/wp\/v2\/media?parent=21028"}],"wp:term":[{"taxonomy":"product_brand","embeddable":true,"href":"https:\/\/arqitecture.fr\/en\/wp-json\/wp\/v2\/product_brand?post=21028"},{"taxonomy":"product_cat","embeddable":true,"href":"https:\/\/arqitecture.fr\/en\/wp-json\/wp\/v2\/product_cat?post=21028"},{"taxonomy":"product_tag","embeddable":true,"href":"https:\/\/arqitecture.fr\/en\/wp-json\/wp\/v2\/product_tag?post=21028"}],"curies":[{"name":"wp","href":"https:\/\/api.w.org\/{rel}","templated":true}]}}