{"id":21021,"date":"2025-09-28T16:00:08","date_gmt":"2025-09-28T14:00:08","guid":{"rendered":"https:\/\/arqitecture.fr\/?post_type=product&#038;p=21021"},"modified":"2026-03-30T10:17:05","modified_gmt":"2026-03-30T08:17:05","slug":"sculpture-violon-aluminium-metal","status":"publish","type":"product","link":"https:\/\/arqitecture.fr\/en\/product\/sculpture-violon-aluminium-metal\/","title":{"rendered":"Sculpture Violon aluminium, M\u00e9tal"},"content":{"rendered":"<p>\u25ba Il fera le plus bel effet \u263c install\u00e9 \u00e0 m\u00eame le sol ou sur une colonne<\/p>\n<p>\u25ba Pour une touche dor\u00e9e \u00e0 sa d\u00e9co<\/p>\n<p>\u25ba Ambiance moderne, industrielle et enchanteresse<\/p>\n<p>\u25ba D\u00e9coration de salon, de bureau, d&rsquo;entr\u00e9e ou d&rsquo;accueil<\/p>\n<p>\u25ba Cadeau id\u00e9al pour les violonistes<\/p>\n<p>\u25ba Cadeau pour une cr\u00e9maill\u00e8re, un mariage, un anniversaire ou une f\u00eate des M\u00e8res \/ P\u00e8res<\/p>\n<p>Le violon est le symbole de l&rsquo;\u00eatre spirituel et invite \u00e0 repenser la vie.<br \/>\nLe violon est comme un miroir, une porte d&rsquo;acc\u00e8s, une voie qui s&rsquo;ouvre o\u00f9 l&rsquo;infini passe dans le fini et vice versa.<\/p>","protected":false},"excerpt":{"rendered":"<p>Sculpture d&rsquo;un Violon sur socle rond bomb\u00e9. La face avant du violon est faite de plusieurs morceaux de m\u00e9tal en forme de triangle, \u00e9toile, rond&#8230; le tout assembl\u00e9 les une aux autres.<\/p>\n<p>En aluminium tr\u00e8s travaill\u00e9 aux parfaites finitions et avec un grand soucis du d\u00e9tail.<\/p>\n<p>Style industriel.<\/p>\n<p>Dimensions : H 110 x 63 cm<\/p>\n<p>Poids : 7,1 Kg<\/p>","protected":false},"featured_media":21023,"template":"","meta":{"_et_pb_use_builder":"","_et_pb_old_content":"","_et_gb_content_width":""},"product_brand":[],"product_cat":[7411,7409,7406],"product_tag":[],"class_list":{"0":"post-21021","1":"product","2":"type-product","3":"status-publish","4":"has-post-thumbnail","6":"product_cat-deco-metal","7":"product_cat-deco-yang","8":"product_cat-tous-les-produits","10":"first","11":"instock","12":"taxable","13":"shipping-taxable","14":"purchasable","15":"product-type-simple"},"aioseo_notices":[],"_links":{"self":[{"href":"https:\/\/arqitecture.fr\/en\/wp-json\/wp\/v2\/product\/21021","targetHints":{"allow":["GET"]}}],"collection":[{"href":"https:\/\/arqitecture.fr\/en\/wp-json\/wp\/v2\/product"}],"about":[{"href":"https:\/\/arqitecture.fr\/en\/wp-json\/wp\/v2\/types\/product"}],"wp:featuredmedia":[{"embeddable":true,"href":"https:\/\/arqitecture.fr\/en\/wp-json\/wp\/v2\/media\/21023"}],"wp:attachment":[{"href":"https:\/\/arqitecture.fr\/en\/wp-json\/wp\/v2\/media?parent=21021"}],"wp:term":[{"taxonomy":"product_brand","embeddable":true,"href":"https:\/\/arqitecture.fr\/en\/wp-json\/wp\/v2\/product_brand?post=21021"},{"taxonomy":"product_cat","embeddable":true,"href":"https:\/\/arqitecture.fr\/en\/wp-json\/wp\/v2\/product_cat?post=21021"},{"taxonomy":"product_tag","embeddable":true,"href":"https:\/\/arqitecture.fr\/en\/wp-json\/wp\/v2\/product_tag?post=21021"}],"curies":[{"name":"wp","href":"https:\/\/api.w.org\/{rel}","templated":true}]}}