{"id":21014,"date":"2025-09-28T16:46:54","date_gmt":"2025-09-28T14:46:54","guid":{"rendered":"https:\/\/arqitecture.fr\/?post_type=product&#038;p=21014"},"modified":"2026-03-30T10:16:51","modified_gmt":"2026-03-30T08:16:51","slug":"tableau-sculpture-soleil-dore-inox-metal","status":"publish","type":"product","link":"https:\/\/arqitecture.fr\/en\/product\/tableau-sculpture-soleil-dore-inox-metal\/","title":{"rendered":"Tableau Sculpture Soleil dor\u00e9 inox, M\u00e9tal"},"content":{"rendered":"<p>\u25ba \u263c Will look great hanging on a wall<\/p>\n<p>\u25ba Luxurious and welcoming atmosphere<\/p>\n<p>\u25ba Entrance or living room decoration <\/p>\n<p>\u25ba D\u00e9coration d&rsquo;h\u00f4tels, restaurants, salle d&rsquo;attente ou magasins <\/p>\n<p>\u25ba Thank you, Christmas, birthday, Valentine&#039;s Day or holiday gift<\/p>\n<p>Le Soleil symbolise l&rsquo;\u00e9ternit\u00e9, l&rsquo;esp\u00e9rance et la vie.<br \/>\nC&rsquo;est une source d&rsquo;inspiration infinie.<br \/>\nAstre du Lion, il repr\u00e9sente l&rsquo;accomplissement personnel.<br \/>\nIl est le contraire de la Lune.<\/p>","protected":false},"excerpt":{"rendered":"<p>Tableau sculpture d&rsquo;un Soleil avec ses multiples rayons de couleurs dor\u00e9s et au centre un miroir circulaire.<\/p>\n<p>Friendly and warm atmosphere.<\/p>\n<p>Stainless steel.<\/p>\n<p>Diam\u00e8tre : 85 cm<\/p>","protected":false},"featured_media":21015,"template":"","meta":{"_et_pb_use_builder":"","_et_pb_old_content":"","_et_gb_content_width":""},"product_brand":[],"product_cat":[7412,7411,7406],"product_tag":[],"class_list":{"0":"post-21014","1":"product","2":"type-product","3":"status-publish","4":"has-post-thumbnail","6":"product_cat-deco-feu","7":"product_cat-deco-metal","8":"product_cat-tous-les-produits","10":"first","11":"instock","12":"taxable","13":"shipping-taxable","14":"purchasable","15":"product-type-simple"},"aioseo_notices":[],"_links":{"self":[{"href":"https:\/\/arqitecture.fr\/en\/wp-json\/wp\/v2\/product\/21014","targetHints":{"allow":["GET"]}}],"collection":[{"href":"https:\/\/arqitecture.fr\/en\/wp-json\/wp\/v2\/product"}],"about":[{"href":"https:\/\/arqitecture.fr\/en\/wp-json\/wp\/v2\/types\/product"}],"wp:featuredmedia":[{"embeddable":true,"href":"https:\/\/arqitecture.fr\/en\/wp-json\/wp\/v2\/media\/21015"}],"wp:attachment":[{"href":"https:\/\/arqitecture.fr\/en\/wp-json\/wp\/v2\/media?parent=21014"}],"wp:term":[{"taxonomy":"product_brand","embeddable":true,"href":"https:\/\/arqitecture.fr\/en\/wp-json\/wp\/v2\/product_brand?post=21014"},{"taxonomy":"product_cat","embeddable":true,"href":"https:\/\/arqitecture.fr\/en\/wp-json\/wp\/v2\/product_cat?post=21014"},{"taxonomy":"product_tag","embeddable":true,"href":"https:\/\/arqitecture.fr\/en\/wp-json\/wp\/v2\/product_tag?post=21014"}],"curies":[{"name":"wp","href":"https:\/\/api.w.org\/{rel}","templated":true}]}}