{"id":20994,"date":"2025-09-26T10:14:53","date_gmt":"2025-09-26T08:14:53","guid":{"rendered":"https:\/\/arqitecture.fr\/?post_type=product&#038;p=20994"},"modified":"2026-03-30T10:17:31","modified_gmt":"2026-03-30T08:17:31","slug":"tableau-sculpture-lunes-dorees-inox-metal","status":"publish","type":"product","link":"https:\/\/arqitecture.fr\/en\/product\/tableau-sculpture-lunes-dorees-inox-metal\/","title":{"rendered":"Tableau sculpture Lunes dor\u00e9es inox, M\u00e9tal"},"content":{"rendered":"<p>Delivery 2 weeks<\/p>\n<p>\u25ba Tableau sculpture qui attirera tous les regards<\/p>\n<p>\u25ba Donne une autre dimension \u00e0 l&rsquo;espace <\/p>\n<p>\u25ba Ambiance \u00e9nergique et moderne<\/p>\n<p>\u25ba Superbe d\u00e9coration de salon, de bureau, salle de d\u00e9tente ou de restaurants \/ h\u00f4tels<\/p>\n<p>\u25ba Tr\u00e8s beau cadeau pour votre femme, ami(e), ou une occasion telle qu&rsquo;un anniversaire, un mariage, une cr\u00e9maill\u00e8re<br \/>\nou un d\u00e9part en retraite<\/p>","protected":false},"excerpt":{"rendered":"<p>Large d\u00e9coration murale de plusieurs croissants de lune arrondis.<\/p>\n<p>En acier inoxydable de couleur dor\u00e9 tr\u00e8s travaill\u00e9 aux parfaites finitions et avec un grand soucis du d\u00e9tail.<\/p>\n<p>Dimensions : 150 x 60 cm<\/p>","protected":false},"featured_media":20995,"template":"","meta":{"_et_pb_use_builder":"","_et_pb_old_content":"","_et_gb_content_width":""},"product_brand":[],"product_cat":[7411,7406],"product_tag":[],"class_list":{"0":"post-20994","1":"product","2":"type-product","3":"status-publish","4":"has-post-thumbnail","6":"product_cat-deco-metal","7":"product_cat-tous-les-produits","9":"first","10":"instock","11":"taxable","12":"shipping-taxable","13":"purchasable","14":"product-type-simple"},"aioseo_notices":[],"_links":{"self":[{"href":"https:\/\/arqitecture.fr\/en\/wp-json\/wp\/v2\/product\/20994","targetHints":{"allow":["GET"]}}],"collection":[{"href":"https:\/\/arqitecture.fr\/en\/wp-json\/wp\/v2\/product"}],"about":[{"href":"https:\/\/arqitecture.fr\/en\/wp-json\/wp\/v2\/types\/product"}],"wp:featuredmedia":[{"embeddable":true,"href":"https:\/\/arqitecture.fr\/en\/wp-json\/wp\/v2\/media\/20995"}],"wp:attachment":[{"href":"https:\/\/arqitecture.fr\/en\/wp-json\/wp\/v2\/media?parent=20994"}],"wp:term":[{"taxonomy":"product_brand","embeddable":true,"href":"https:\/\/arqitecture.fr\/en\/wp-json\/wp\/v2\/product_brand?post=20994"},{"taxonomy":"product_cat","embeddable":true,"href":"https:\/\/arqitecture.fr\/en\/wp-json\/wp\/v2\/product_cat?post=20994"},{"taxonomy":"product_tag","embeddable":true,"href":"https:\/\/arqitecture.fr\/en\/wp-json\/wp\/v2\/product_tag?post=20994"}],"curies":[{"name":"wp","href":"https:\/\/api.w.org\/{rel}","templated":true}]}}