{"id":20991,"date":"2025-09-22T14:00:07","date_gmt":"2025-09-22T12:00:07","guid":{"rendered":"https:\/\/arqitecture.fr\/?post_type=product&#038;p=20991"},"modified":"2026-03-30T10:18:05","modified_gmt":"2026-03-30T08:18:05","slug":"sculpture-infini-metal","status":"publish","type":"product","link":"https:\/\/arqitecture.fr\/en\/product\/sculpture-infini-metal\/","title":{"rendered":"Sculpture Infini inox, M\u00e9tal"},"content":{"rendered":"<p>\u25ba Elle fera le plus bel effet \u263c install\u00e9e sur une colonne<\/p>\n<p>\u25ba Pour une touche m\u00e9tal \u00e0 sa d\u00e9co<\/p>\n<p>\u25ba Ambiance moderne, industrielle et dynamique<\/p>\n<p>\u25ba D\u00e9coration de salon, de bureau, d&rsquo;entr\u00e9e ou d&rsquo;accueil<\/p>\n<p>\u25ba Cadeau pour une cr\u00e9maill\u00e8re, un mariage, un anniversaire ou une f\u00eate des M\u00e8res \/ P\u00e8res<\/p>\n<p>On nomme la forme de ce 8, une lemniscate signifiant ruban.<br \/>\nC&rsquo;est le symbole de l&rsquo;infini et repr\u00e9sente l&rsquo;\u00e9ternit\u00e9 et l&rsquo;amour pour toujours.<br \/>\nIl est \u00e9galement signe de sagesse, de r\u00e9flexion et d&rsquo;harmonie.<\/p>","protected":false},"excerpt":{"rendered":"<p>El\u00e9gante sculpture du signe de l&rsquo;infini, courbe ayant la forme d&rsquo;un 8 \u00e0 la vertical, de tr\u00e8s belles finitions.<\/p>\n<p>Apporte une touche industrielle \u00e0 votre int\u00e9rieur.<\/p>\n<p>En acier inoxydable.<\/p>\n<p>Socle en marbre.<\/p>\n<p>Dimensions : 35,5 x 20 x H 80 cm<\/p>","protected":false},"featured_media":20992,"template":"","meta":{"_et_pb_use_builder":"","_et_pb_old_content":"","_et_gb_content_width":""},"product_brand":[],"product_cat":[7411,7406],"product_tag":[],"class_list":{"0":"post-20991","1":"product","2":"type-product","3":"status-publish","4":"has-post-thumbnail","6":"product_cat-deco-metal","7":"product_cat-tous-les-produits","9":"first","10":"instock","11":"taxable","12":"shipping-taxable","13":"purchasable","14":"product-type-simple"},"aioseo_notices":[],"_links":{"self":[{"href":"https:\/\/arqitecture.fr\/en\/wp-json\/wp\/v2\/product\/20991","targetHints":{"allow":["GET"]}}],"collection":[{"href":"https:\/\/arqitecture.fr\/en\/wp-json\/wp\/v2\/product"}],"about":[{"href":"https:\/\/arqitecture.fr\/en\/wp-json\/wp\/v2\/types\/product"}],"wp:featuredmedia":[{"embeddable":true,"href":"https:\/\/arqitecture.fr\/en\/wp-json\/wp\/v2\/media\/20992"}],"wp:attachment":[{"href":"https:\/\/arqitecture.fr\/en\/wp-json\/wp\/v2\/media?parent=20991"}],"wp:term":[{"taxonomy":"product_brand","embeddable":true,"href":"https:\/\/arqitecture.fr\/en\/wp-json\/wp\/v2\/product_brand?post=20991"},{"taxonomy":"product_cat","embeddable":true,"href":"https:\/\/arqitecture.fr\/en\/wp-json\/wp\/v2\/product_cat?post=20991"},{"taxonomy":"product_tag","embeddable":true,"href":"https:\/\/arqitecture.fr\/en\/wp-json\/wp\/v2\/product_tag?post=20991"}],"curies":[{"name":"wp","href":"https:\/\/api.w.org\/{rel}","templated":true}]}}