{"id":20958,"date":"2025-09-23T10:48:22","date_gmt":"2025-09-23T08:48:22","guid":{"rendered":"https:\/\/arqitecture.fr\/?post_type=product&#038;p=20958"},"modified":"2026-03-30T10:17:51","modified_gmt":"2026-03-30T08:17:51","slug":"sculpture-buste-femme-nue-metal","status":"publish","type":"product","link":"https:\/\/arqitecture.fr\/en\/product\/sculpture-buste-femme-nue-metal\/","title":{"rendered":"Sculpture Buste femme nue, M\u00e9tal"},"content":{"rendered":"<p>\u25ba Elle fera le plus bel effet \u263c install\u00e9e \u00e0 m\u00eame le sol ou sur une colonne<\/p>\n<p>\u25ba Pour une touche m\u00e9tal \u00e0 sa d\u00e9co<\/p>\n<p>\u25ba Ambiance moderne, industrielle et dynamique<\/p>\n<p>\u25ba D\u00e9coration de salon, de bureau, d&rsquo;entr\u00e9e ou d&rsquo;accueil<\/p>\n<p>\u25ba Cadeau pour une cr\u00e9maill\u00e8re, un mariage, un anniversaire ou une f\u00eate des M\u00e8res \/ P\u00e8res<\/p>","protected":false},"excerpt":{"rendered":"<p>El\u00e9gante sculpture d&rsquo;un buste de femme nue sur socle et de tr\u00e8s belles finitions.<\/p>\n<p>Une objet des plus tendance qui pourra apporter une touche industrielle \u00e0 votre int\u00e9rieur.<\/p>\n<p>En plaque ajour\u00e9e de M\u00e9tal, aluminium.<\/p>\n<p>Dimensions : H 73 x 42 cm<\/p>\n<p>Poids : 2 Kg<\/p>","protected":false},"featured_media":20959,"template":"","meta":{"_et_pb_use_builder":"","_et_pb_old_content":"","_et_gb_content_width":""},"product_brand":[],"product_cat":[7411,7406],"product_tag":[],"class_list":{"0":"post-20958","1":"product","2":"type-product","3":"status-publish","4":"has-post-thumbnail","6":"product_cat-deco-metal","7":"product_cat-tous-les-produits","9":"first","10":"instock","11":"taxable","12":"shipping-taxable","13":"purchasable","14":"product-type-simple"},"aioseo_notices":[],"_links":{"self":[{"href":"https:\/\/arqitecture.fr\/en\/wp-json\/wp\/v2\/product\/20958","targetHints":{"allow":["GET"]}}],"collection":[{"href":"https:\/\/arqitecture.fr\/en\/wp-json\/wp\/v2\/product"}],"about":[{"href":"https:\/\/arqitecture.fr\/en\/wp-json\/wp\/v2\/types\/product"}],"wp:featuredmedia":[{"embeddable":true,"href":"https:\/\/arqitecture.fr\/en\/wp-json\/wp\/v2\/media\/20959"}],"wp:attachment":[{"href":"https:\/\/arqitecture.fr\/en\/wp-json\/wp\/v2\/media?parent=20958"}],"wp:term":[{"taxonomy":"product_brand","embeddable":true,"href":"https:\/\/arqitecture.fr\/en\/wp-json\/wp\/v2\/product_brand?post=20958"},{"taxonomy":"product_cat","embeddable":true,"href":"https:\/\/arqitecture.fr\/en\/wp-json\/wp\/v2\/product_cat?post=20958"},{"taxonomy":"product_tag","embeddable":true,"href":"https:\/\/arqitecture.fr\/en\/wp-json\/wp\/v2\/product_tag?post=20958"}],"curies":[{"name":"wp","href":"https:\/\/api.w.org\/{rel}","templated":true}]}}