{"id":20939,"date":"2025-09-22T13:35:30","date_gmt":"2025-09-22T11:35:30","guid":{"rendered":"https:\/\/arqitecture.fr\/?post_type=product&#038;p=20939"},"modified":"2026-03-30T10:18:22","modified_gmt":"2026-03-30T08:18:22","slug":"sculpture-disques-en-inox-noir-sur-socle-metal","status":"publish","type":"product","link":"https:\/\/arqitecture.fr\/en\/product\/sculpture-disques-en-inox-noir-sur-socle-metal\/","title":{"rendered":"Sculpture Disques en Inox noir sur socle, M\u00e9tal"},"content":{"rendered":"<p>\u25ba Elle fera le plus bel effet \u263c sur une table, une colonne ou une console<\/p>\n<p>\u25ba Pour une touche noire \u00e0 sa d\u00e9co<\/p>\n<p>\u25ba Ambiance chic et \u00e9nergique<\/p>\n<p>\u25ba D\u00e9coration de salon, d&rsquo;entr\u00e9e ou d&rsquo;accueil<\/p>\n<p>\u25ba Cadeau pour une cr\u00e9maill\u00e8re, un mariage, un anniversaire ou une f\u00eate des M\u00e8res \/ P\u00e8res<\/p>","protected":false},"excerpt":{"rendered":"<p>El\u00e9gante sculpture longiligne d&rsquo;une alliance de disque noirs pour d\u00e9corer votre int\u00e9rieur.<\/p>\n<p>Une objet des plus tendance qui pourra apporter une touche chic et design \u00e0 votre salon.<\/p>\n<p>En acier inoxydable.<\/p>\n<p>Socle en marbre.<\/p>\n<p>Dimensions : 46 x 55 x H90 cm<\/p>","protected":false},"featured_media":20940,"template":"","meta":{"_et_pb_use_builder":"","_et_pb_old_content":"","_et_gb_content_width":""},"product_brand":[],"product_cat":[7411,7408,7406],"product_tag":[],"class_list":{"0":"post-20939","1":"product","2":"type-product","3":"status-publish","4":"has-post-thumbnail","6":"product_cat-deco-metal","7":"product_cat-deco-yin","8":"product_cat-tous-les-produits","10":"first","11":"instock","12":"taxable","13":"shipping-taxable","14":"purchasable","15":"product-type-simple"},"aioseo_notices":[],"_links":{"self":[{"href":"https:\/\/arqitecture.fr\/en\/wp-json\/wp\/v2\/product\/20939","targetHints":{"allow":["GET"]}}],"collection":[{"href":"https:\/\/arqitecture.fr\/en\/wp-json\/wp\/v2\/product"}],"about":[{"href":"https:\/\/arqitecture.fr\/en\/wp-json\/wp\/v2\/types\/product"}],"wp:featuredmedia":[{"embeddable":true,"href":"https:\/\/arqitecture.fr\/en\/wp-json\/wp\/v2\/media\/20940"}],"wp:attachment":[{"href":"https:\/\/arqitecture.fr\/en\/wp-json\/wp\/v2\/media?parent=20939"}],"wp:term":[{"taxonomy":"product_brand","embeddable":true,"href":"https:\/\/arqitecture.fr\/en\/wp-json\/wp\/v2\/product_brand?post=20939"},{"taxonomy":"product_cat","embeddable":true,"href":"https:\/\/arqitecture.fr\/en\/wp-json\/wp\/v2\/product_cat?post=20939"},{"taxonomy":"product_tag","embeddable":true,"href":"https:\/\/arqitecture.fr\/en\/wp-json\/wp\/v2\/product_tag?post=20939"}],"curies":[{"name":"wp","href":"https:\/\/api.w.org\/{rel}","templated":true}]}}