{"id":20645,"date":"2025-07-26T15:44:31","date_gmt":"2025-07-26T13:44:31","guid":{"rendered":"https:\/\/arqitecture.fr\/?post_type=product&#038;p=20645"},"modified":"2025-07-26T15:46:20","modified_gmt":"2025-07-26T13:46:20","slug":"20645","status":"publish","type":"product","link":"https:\/\/arqitecture.fr\/en\/product\/20645\/","title":{"rendered":"Miroir mural rectangulaire, Bois marron"},"content":{"rendered":"<p>\u25ba Il fera le plus bel effet \u263c dans votre int\u00e9rieur<\/p>\n<p>\u25ba Espace agrandi et ambiance chic<\/p>\n<p>\u25ba D\u00e9coration d&rsquo;entr\u00e9e, de couloir, de salle \u00e0 manger ou d&rsquo;angle <\/p>\n<p>\u25ba Cadeau de mariage, f\u00eate des m\u00e8res ou pendaison de cr\u00e9maill\u00e8re<\/p>","protected":false},"excerpt":{"rendered":"<p>Grand miroir mural rectangulaire en bois marron.<\/p>\n<p>Poids : 31,2 Kg<\/p>\n<p>Hauteur : 176 cm<br \/>\nLongueur : 90 cm<br \/>\nEpaisseur: 8 cm<\/p>","protected":false},"featured_media":20646,"template":"","meta":{"_et_pb_use_builder":"","_et_pb_old_content":"","_et_gb_content_width":""},"product_brand":[],"product_cat":[7413,7411],"product_tag":[],"class_list":{"0":"post-20645","1":"product","2":"type-product","3":"status-publish","4":"has-post-thumbnail","6":"product_cat-deco-bois","7":"product_cat-deco-metal","9":"first","10":"instock","11":"taxable","12":"shipping-taxable","13":"purchasable","14":"product-type-simple"},"aioseo_notices":[],"_links":{"self":[{"href":"https:\/\/arqitecture.fr\/en\/wp-json\/wp\/v2\/product\/20645","targetHints":{"allow":["GET"]}}],"collection":[{"href":"https:\/\/arqitecture.fr\/en\/wp-json\/wp\/v2\/product"}],"about":[{"href":"https:\/\/arqitecture.fr\/en\/wp-json\/wp\/v2\/types\/product"}],"wp:featuredmedia":[{"embeddable":true,"href":"https:\/\/arqitecture.fr\/en\/wp-json\/wp\/v2\/media\/20646"}],"wp:attachment":[{"href":"https:\/\/arqitecture.fr\/en\/wp-json\/wp\/v2\/media?parent=20645"}],"wp:term":[{"taxonomy":"product_brand","embeddable":true,"href":"https:\/\/arqitecture.fr\/en\/wp-json\/wp\/v2\/product_brand?post=20645"},{"taxonomy":"product_cat","embeddable":true,"href":"https:\/\/arqitecture.fr\/en\/wp-json\/wp\/v2\/product_cat?post=20645"},{"taxonomy":"product_tag","embeddable":true,"href":"https:\/\/arqitecture.fr\/en\/wp-json\/wp\/v2\/product_tag?post=20645"}],"curies":[{"name":"wp","href":"https:\/\/api.w.org\/{rel}","templated":true}]}}