{"id":20640,"date":"2025-07-26T15:31:42","date_gmt":"2025-07-26T13:31:42","guid":{"rendered":"https:\/\/arqitecture.fr\/?post_type=product&#038;p=20640"},"modified":"2025-07-26T15:31:42","modified_gmt":"2025-07-26T13:31:42","slug":"pot-jarre-fleurs-bois-brun","status":"publish","type":"product","link":"https:\/\/arqitecture.fr\/en\/product\/pot-jarre-fleurs-bois-brun\/","title":{"rendered":"Pot jarre fleurs, Bois brun"},"content":{"rendered":"<p>\u25ba Il fera le plus bel effet \u263c dans votre int\u00e9rieur<\/p>\n<p>\u25ba Ambiance nature et chic<\/p>\n<p>\u25ba D\u00e9coration d&rsquo;entr\u00e9e, de bureau, d&rsquo;angle ou de salon<\/p>\n<p>\u25ba Cadeau de mariage, f\u00eate des m\u00e8res ou pendaison de cr\u00e9maill\u00e8re<\/p>","protected":false},"excerpt":{"rendered":"<p>Pot Paulownia en bois brut de couleur brun.<\/p>\n<p>Poids 10,02 Kg<\/p>\n<p>Hauteur : 52 cm<br \/>\nLargeur : 43 cm<br \/>\nLongueur : 43 cm<\/p>","protected":false},"featured_media":20641,"template":"","meta":{"_et_pb_use_builder":"","_et_pb_old_content":"","_et_gb_content_width":""},"product_brand":[],"product_cat":[7413],"product_tag":[],"class_list":{"0":"post-20640","1":"product","2":"type-product","3":"status-publish","4":"has-post-thumbnail","6":"product_cat-deco-bois","8":"first","9":"instock","10":"taxable","11":"shipping-taxable","12":"purchasable","13":"product-type-simple"},"aioseo_notices":[],"_links":{"self":[{"href":"https:\/\/arqitecture.fr\/en\/wp-json\/wp\/v2\/product\/20640","targetHints":{"allow":["GET"]}}],"collection":[{"href":"https:\/\/arqitecture.fr\/en\/wp-json\/wp\/v2\/product"}],"about":[{"href":"https:\/\/arqitecture.fr\/en\/wp-json\/wp\/v2\/types\/product"}],"wp:featuredmedia":[{"embeddable":true,"href":"https:\/\/arqitecture.fr\/en\/wp-json\/wp\/v2\/media\/20641"}],"wp:attachment":[{"href":"https:\/\/arqitecture.fr\/en\/wp-json\/wp\/v2\/media?parent=20640"}],"wp:term":[{"taxonomy":"product_brand","embeddable":true,"href":"https:\/\/arqitecture.fr\/en\/wp-json\/wp\/v2\/product_brand?post=20640"},{"taxonomy":"product_cat","embeddable":true,"href":"https:\/\/arqitecture.fr\/en\/wp-json\/wp\/v2\/product_cat?post=20640"},{"taxonomy":"product_tag","embeddable":true,"href":"https:\/\/arqitecture.fr\/en\/wp-json\/wp\/v2\/product_tag?post=20640"}],"curies":[{"name":"wp","href":"https:\/\/api.w.org\/{rel}","templated":true}]}}