{"id":20628,"date":"2025-05-12T14:40:40","date_gmt":"2025-05-12T12:40:40","guid":{"rendered":"https:\/\/arqitecture.fr\/?post_type=product&#038;p=20628"},"modified":"2025-05-12T14:44:28","modified_gmt":"2025-05-12T12:44:28","slug":"tapis-mouton-blanc-grand-fourrure","status":"publish","type":"product","link":"https:\/\/arqitecture.fr\/en\/product\/tapis-mouton-blanc-grand-fourrure\/","title":{"rendered":"Tapis Mouton Blanc Grand, Fourrure"},"content":{"rendered":"<p>\u25ba Il fera le plus bel effet \u00e0 m\u00eame le sol<\/p>\n<p>\u25ba Pour une touche blanche \u00e0 sa d\u00e9co<\/p>\n<p>\u25ba Ambiance nature, apaisante et douillette<\/p>\n<p>\u25ba Create your own oasis of well-being<\/p>\n<p>\u25ba D\u00e9coration de salon<\/p>\n<p>\u25ba Cadeau pour un mariage, une cr\u00e9maill\u00e8re, de remerciements, d&rsquo;anniversaire ou f\u00eate des M\u00e8res<\/p>","protected":false},"excerpt":{"rendered":"<p>Doux tapis en mouton blanc \u00e0 poils longs, fourrure.<\/p>\n<p>Hauteur: 12 cm<br \/>\nLongueur: 336 cm<br \/>\nLargeur: 210 cm<br \/>\nPoids: 8,135 Kg<\/p>","protected":false},"featured_media":20627,"template":"","meta":{"_et_pb_use_builder":"","_et_pb_old_content":"","_et_gb_content_width":""},"product_brand":[],"product_cat":[7410,7408],"product_tag":[],"class_list":{"0":"post-20628","1":"product","2":"type-product","3":"status-publish","4":"has-post-thumbnail","6":"product_cat-deco-animaux","7":"product_cat-deco-yin","9":"first","10":"instock","11":"taxable","12":"shipping-taxable","13":"purchasable","14":"product-type-simple"},"aioseo_notices":[],"_links":{"self":[{"href":"https:\/\/arqitecture.fr\/en\/wp-json\/wp\/v2\/product\/20628","targetHints":{"allow":["GET"]}}],"collection":[{"href":"https:\/\/arqitecture.fr\/en\/wp-json\/wp\/v2\/product"}],"about":[{"href":"https:\/\/arqitecture.fr\/en\/wp-json\/wp\/v2\/types\/product"}],"wp:featuredmedia":[{"embeddable":true,"href":"https:\/\/arqitecture.fr\/en\/wp-json\/wp\/v2\/media\/20627"}],"wp:attachment":[{"href":"https:\/\/arqitecture.fr\/en\/wp-json\/wp\/v2\/media?parent=20628"}],"wp:term":[{"taxonomy":"product_brand","embeddable":true,"href":"https:\/\/arqitecture.fr\/en\/wp-json\/wp\/v2\/product_brand?post=20628"},{"taxonomy":"product_cat","embeddable":true,"href":"https:\/\/arqitecture.fr\/en\/wp-json\/wp\/v2\/product_cat?post=20628"},{"taxonomy":"product_tag","embeddable":true,"href":"https:\/\/arqitecture.fr\/en\/wp-json\/wp\/v2\/product_tag?post=20628"}],"curies":[{"name":"wp","href":"https:\/\/api.w.org\/{rel}","templated":true}]}}