{"id":20613,"date":"2025-05-12T14:02:36","date_gmt":"2025-05-12T12:02:36","guid":{"rendered":"https:\/\/arqitecture.fr\/?post_type=product&#038;p=20613"},"modified":"2025-05-12T14:22:52","modified_gmt":"2025-05-12T12:22:52","slug":"lampe-champignon-brillant-noire-extra-large-metal","status":"publish","type":"product","link":"https:\/\/arqitecture.fr\/en\/product\/lampe-champignon-brillant-noire-extra-large-metal\/","title":{"rendered":"Lampe Champignon Extra Large, M\u00e9tal noir mat"},"content":{"rendered":"<p>\u25ba Elle fera le plus bel effet \u00e0 m\u00eame le sol<\/p>\n<p>\u25ba Pour une touche noire \u00e0 sa d\u00e9co<\/p>\n<p>\u25ba Ambiance nature et chic<\/p>\n<p>\u25ba D\u00e9coration de salon ou entr\u00e9e<\/p>\n<p>\u25ba Cadeau pour une cr\u00e9maill\u00e8re, de remerciements, d&rsquo;anniversaire ou f\u00eate des M\u00e8res<\/p>","protected":false},"excerpt":{"rendered":"<p>Lampe de pied repr\u00e9sentant un grand champignon noir de type Boletus edulis.<\/p>\n<p>Couleur noir mat.<br \/>\nMati\u00e8re en m\u00e9tal.<\/p>\n<p>Puissance maximale: 25.00 W<br \/>\nLongueur du c\u00e2ble: 3,50 m<br \/>\nE27 <\/p>\n<p>Hauteur: 97,5 cm<br \/>\nLongueur: 51 cm<br \/>\nLargeur: 51 cm<br \/>\nPoids 5,655 Kg<\/p>\n<p>Ne convient pas \u00e0 un usage ext\u00e9rieur<\/p>","protected":false},"featured_media":20617,"template":"","meta":{"_et_pb_use_builder":"","_et_pb_old_content":"","_et_gb_content_width":""},"product_brand":[],"product_cat":[7412,7411],"product_tag":[],"class_list":{"0":"post-20613","1":"product","2":"type-product","3":"status-publish","4":"has-post-thumbnail","6":"product_cat-deco-feu","7":"product_cat-deco-metal","9":"first","10":"instock","11":"taxable","12":"shipping-taxable","13":"purchasable","14":"product-type-simple"},"aioseo_notices":[],"_links":{"self":[{"href":"https:\/\/arqitecture.fr\/en\/wp-json\/wp\/v2\/product\/20613","targetHints":{"allow":["GET"]}}],"collection":[{"href":"https:\/\/arqitecture.fr\/en\/wp-json\/wp\/v2\/product"}],"about":[{"href":"https:\/\/arqitecture.fr\/en\/wp-json\/wp\/v2\/types\/product"}],"wp:featuredmedia":[{"embeddable":true,"href":"https:\/\/arqitecture.fr\/en\/wp-json\/wp\/v2\/media\/20617"}],"wp:attachment":[{"href":"https:\/\/arqitecture.fr\/en\/wp-json\/wp\/v2\/media?parent=20613"}],"wp:term":[{"taxonomy":"product_brand","embeddable":true,"href":"https:\/\/arqitecture.fr\/en\/wp-json\/wp\/v2\/product_brand?post=20613"},{"taxonomy":"product_cat","embeddable":true,"href":"https:\/\/arqitecture.fr\/en\/wp-json\/wp\/v2\/product_cat?post=20613"},{"taxonomy":"product_tag","embeddable":true,"href":"https:\/\/arqitecture.fr\/en\/wp-json\/wp\/v2\/product_tag?post=20613"}],"curies":[{"name":"wp","href":"https:\/\/api.w.org\/{rel}","templated":true}]}}