{"id":20606,"date":"2025-05-12T13:58:45","date_gmt":"2025-05-12T11:58:45","guid":{"rendered":"https:\/\/arqitecture.fr\/?post_type=product&#038;p=20606"},"modified":"2025-05-12T14:23:28","modified_gmt":"2025-05-12T12:23:28","slug":"lampe-champignon-brillant-blanc-extra-large-metal","status":"publish","type":"product","link":"https:\/\/arqitecture.fr\/en\/product\/lampe-champignon-brillant-blanc-extra-large-metal\/","title":{"rendered":"Lampe Champignon Brillant Blanc Extra Large, M\u00e9tal"},"content":{"rendered":"<p>\u25ba Elle fera le plus bel effet \u00e0 m\u00eame le sol<\/p>\n<p>\u25ba Pour une touche blanche \u00e0 sa d\u00e9co<\/p>\n<p>\u25ba Ambiance nature et puret\u00e9<\/p>\n<p>\u25ba D\u00e9coration de salon ou entr\u00e9e<\/p>\n<p>\u25ba Cadeau pour une cr\u00e9maill\u00e8re, de remerciements, d&rsquo;anniversaire ou f\u00eate des M\u00e8res<\/p>","protected":false},"excerpt":{"rendered":"<p>Lampe de pied repr\u00e9sentant un grand champignon blanc de type Boletus edulis.<\/p>\n<p>Couleur blanc brillant.<br \/>\nMati\u00e8re en m\u00e9tal.<\/p>\n<p>Puissance maximale: 25.00 W<br \/>\nLongueur du c\u00e2ble: 2,50 m<br \/>\nE27 <\/p>\n<p>Hauteur: 97,5 cm<br \/>\nLongueur: 51 cm<br \/>\nLargeur: 51 cm<br \/>\nPoids 5,655 Kg<\/p>\n<p>Ne convient pas \u00e0 un usage ext\u00e9rieur<\/p>","protected":false},"featured_media":20612,"template":"","meta":{"_et_pb_use_builder":"","_et_pb_old_content":"","_et_gb_content_width":""},"product_brand":[],"product_cat":[7412,7411],"product_tag":[],"class_list":{"0":"post-20606","1":"product","2":"type-product","3":"status-publish","4":"has-post-thumbnail","6":"product_cat-deco-feu","7":"product_cat-deco-metal","9":"first","10":"instock","11":"taxable","12":"shipping-taxable","13":"purchasable","14":"product-type-simple"},"aioseo_notices":[],"_links":{"self":[{"href":"https:\/\/arqitecture.fr\/en\/wp-json\/wp\/v2\/product\/20606","targetHints":{"allow":["GET"]}}],"collection":[{"href":"https:\/\/arqitecture.fr\/en\/wp-json\/wp\/v2\/product"}],"about":[{"href":"https:\/\/arqitecture.fr\/en\/wp-json\/wp\/v2\/types\/product"}],"wp:featuredmedia":[{"embeddable":true,"href":"https:\/\/arqitecture.fr\/en\/wp-json\/wp\/v2\/media\/20612"}],"wp:attachment":[{"href":"https:\/\/arqitecture.fr\/en\/wp-json\/wp\/v2\/media?parent=20606"}],"wp:term":[{"taxonomy":"product_brand","embeddable":true,"href":"https:\/\/arqitecture.fr\/en\/wp-json\/wp\/v2\/product_brand?post=20606"},{"taxonomy":"product_cat","embeddable":true,"href":"https:\/\/arqitecture.fr\/en\/wp-json\/wp\/v2\/product_cat?post=20606"},{"taxonomy":"product_tag","embeddable":true,"href":"https:\/\/arqitecture.fr\/en\/wp-json\/wp\/v2\/product_tag?post=20606"}],"curies":[{"name":"wp","href":"https:\/\/api.w.org\/{rel}","templated":true}]}}