{"id":20600,"date":"2025-05-12T12:09:41","date_gmt":"2025-05-12T10:09:41","guid":{"rendered":"https:\/\/arqitecture.fr\/?post_type=product&#038;p=20600"},"modified":"2025-09-26T10:42:24","modified_gmt":"2025-09-26T08:42:24","slug":"chien-de-chasse-beagle-morceaux-bois-teck-naturel","status":"publish","type":"product","link":"https:\/\/arqitecture.fr\/en\/product\/chien-de-chasse-beagle-morceaux-bois-teck-naturel\/","title":{"rendered":"Sculpture Chien de chasse Beagle, Bois teck Naturel"},"content":{"rendered":"<p>\u25ba Il fera le plus bel effet \u00e0 m\u00eame le sol<\/p>\n<p>\u25ba Pour une touche animale \u00e0 sa d\u00e9co<\/p>\n<p>\u25ba Ambiance nature et \u00e9nergique<\/p>\n<p>\u25ba D\u00e9coration de salon, entr\u00e9e ou bureau<\/p>\n<p>\u25ba Cadeau pour une cr\u00e9maill\u00e8re, de mariage, d&rsquo;anniversaire ou f\u00eate des M\u00e8res<\/p>","protected":false},"excerpt":{"rendered":"<p>Sculpture d\u00e9co d&rsquo;un chien de chasse \u00ab\u00a0de type Beagle\u00a0\u00bb debout et museau en l&rsquo;air.<\/p>\n<p>Fabriqu\u00e9 \u00e0 partir de morceaux de bois de Teck.<\/p>\n<p>La t\u00eate et les pattes sont sculpt\u00e9es pour une d\u00e9finition parfaite.<\/p>\n<p>Hauteur: 51 cm<br \/>\nLongueur: 69 cm<br \/>\nLargeur: 19 cm<br \/>\nPoids: 11,5 Kg<\/p>\n<p>Ne convient pas \u00e0 un usage ext\u00e9rieur.<\/p>","protected":false},"featured_media":20603,"template":"","meta":{"_et_pb_use_builder":"","_et_pb_old_content":"","_et_gb_content_width":""},"product_brand":[],"product_cat":[7410,7413],"product_tag":[],"class_list":{"0":"post-20600","1":"product","2":"type-product","3":"status-publish","4":"has-post-thumbnail","6":"product_cat-deco-animaux","7":"product_cat-deco-bois","9":"first","10":"instock","11":"taxable","12":"shipping-taxable","13":"purchasable","14":"product-type-simple"},"aioseo_notices":[],"_links":{"self":[{"href":"https:\/\/arqitecture.fr\/en\/wp-json\/wp\/v2\/product\/20600","targetHints":{"allow":["GET"]}}],"collection":[{"href":"https:\/\/arqitecture.fr\/en\/wp-json\/wp\/v2\/product"}],"about":[{"href":"https:\/\/arqitecture.fr\/en\/wp-json\/wp\/v2\/types\/product"}],"wp:featuredmedia":[{"embeddable":true,"href":"https:\/\/arqitecture.fr\/en\/wp-json\/wp\/v2\/media\/20603"}],"wp:attachment":[{"href":"https:\/\/arqitecture.fr\/en\/wp-json\/wp\/v2\/media?parent=20600"}],"wp:term":[{"taxonomy":"product_brand","embeddable":true,"href":"https:\/\/arqitecture.fr\/en\/wp-json\/wp\/v2\/product_brand?post=20600"},{"taxonomy":"product_cat","embeddable":true,"href":"https:\/\/arqitecture.fr\/en\/wp-json\/wp\/v2\/product_cat?post=20600"},{"taxonomy":"product_tag","embeddable":true,"href":"https:\/\/arqitecture.fr\/en\/wp-json\/wp\/v2\/product_tag?post=20600"}],"curies":[{"name":"wp","href":"https:\/\/api.w.org\/{rel}","templated":true}]}}