{"id":20589,"date":"2025-05-12T11:56:58","date_gmt":"2025-05-12T09:56:58","guid":{"rendered":"https:\/\/arqitecture.fr\/?post_type=product&#038;p=20589"},"modified":"2025-05-12T14:24:37","modified_gmt":"2025-05-12T12:24:37","slug":"colonne-rectangulaire-haute-argile-noir","status":"publish","type":"product","link":"https:\/\/arqitecture.fr\/en\/product\/colonne-rectangulaire-haute-argile-noir\/","title":{"rendered":"Colonne Rectangulaire Haute, Argile Noir"},"content":{"rendered":"<p>\u25ba Elle fera le plus bel effet \u263c dans votre int\u00e9rieur<\/p>\n<p>\u25ba Ambiance chic et luxueuse<\/p>\n<p>\u25ba Pour une touche noir \u00e0 sa d\u00e9co<\/p>\n<p>\u25ba D\u00e9coration d&rsquo;entr\u00e9e, de bureau, d&rsquo;angle ou de salon<\/p>\n<p>\u25ba Cadeau de mariage, f\u00eate des m\u00e8res ou pendaison de cr\u00e9maill\u00e8re<\/p>","protected":false},"excerpt":{"rendered":"<p>El\u00e9gante et grande colonne rectangulaire en argile de couleur noir.<\/p>\n<p>Non lisse, effet des rainures du bois sur le support.<\/p>\n<p>Socle carr\u00e9.<\/p>\n<p>Mati\u00e8re : Poterie<\/p>\n<p>Hauteur: 121 cm<br \/>\nLongueur: 35 cm<br \/>\nLargeur: 35 cm<br \/>\nPoids: 22,7 Kg<\/p>\n<p>Convient \u00e0 un usage ext\u00e9rieur > 0\u00b0<\/p>","protected":false},"featured_media":20604,"template":"","meta":{"_et_pb_use_builder":"","_et_pb_old_content":"","_et_gb_content_width":""},"product_brand":[],"product_cat":[7415,7408],"product_tag":[8482],"class_list":{"0":"post-20589","1":"product","2":"type-product","3":"status-publish","4":"has-post-thumbnail","6":"product_cat-deco-terre","7":"product_cat-deco-yin","8":"product_tag-colonne","10":"first","11":"instock","12":"taxable","13":"shipping-taxable","14":"purchasable","15":"product-type-simple"},"aioseo_notices":[],"_links":{"self":[{"href":"https:\/\/arqitecture.fr\/en\/wp-json\/wp\/v2\/product\/20589","targetHints":{"allow":["GET"]}}],"collection":[{"href":"https:\/\/arqitecture.fr\/en\/wp-json\/wp\/v2\/product"}],"about":[{"href":"https:\/\/arqitecture.fr\/en\/wp-json\/wp\/v2\/types\/product"}],"wp:featuredmedia":[{"embeddable":true,"href":"https:\/\/arqitecture.fr\/en\/wp-json\/wp\/v2\/media\/20604"}],"wp:attachment":[{"href":"https:\/\/arqitecture.fr\/en\/wp-json\/wp\/v2\/media?parent=20589"}],"wp:term":[{"taxonomy":"product_brand","embeddable":true,"href":"https:\/\/arqitecture.fr\/en\/wp-json\/wp\/v2\/product_brand?post=20589"},{"taxonomy":"product_cat","embeddable":true,"href":"https:\/\/arqitecture.fr\/en\/wp-json\/wp\/v2\/product_cat?post=20589"},{"taxonomy":"product_tag","embeddable":true,"href":"https:\/\/arqitecture.fr\/en\/wp-json\/wp\/v2\/product_tag?post=20589"}],"curies":[{"name":"wp","href":"https:\/\/api.w.org\/{rel}","templated":true}]}}