{"id":20573,"date":"2025-04-18T15:05:59","date_gmt":"2025-04-18T13:05:59","guid":{"rendered":"https:\/\/arqitecture.fr\/?post_type=product&#038;p=20573"},"modified":"2025-05-12T11:27:30","modified_gmt":"2025-05-12T09:27:30","slug":"lampe-de-pied-bois-flotte-et-abat-jour","status":"publish","type":"product","link":"https:\/\/arqitecture.fr\/en\/product\/lampe-de-pied-bois-flotte-et-abat-jour\/","title":{"rendered":"Lampadaire pied bois flott\u00e9 et abat-jour"},"content":{"rendered":"<p>Delivery 2 weeks<\/p>\n<p>\u25ba A la fois discr\u00e8te et originale<\/p>\n<p>\u25ba Ambiance nature et authenticit\u00e9<\/p>\n<p>\u25ba Superbe d\u00e9coration de salon, de bureau, salle de m\u00e9ditation ou de restaurant<\/p>\n<p>\u25ba Decoration of hotels, restaurants or bars<\/p>\n<p>\u25ba Tr\u00e8s beau cadeau pour votre femme, ami(e) ou une occasion telle qu&rsquo;un anniversaire, un mariage, une cr\u00e9maill\u00e8re ou un d\u00e9part en retraite<\/p>","protected":false},"excerpt":{"rendered":"<p>Lampadaire de pied en bois flott\u00e9 naturel et son abat-jour blanc.<\/p>\n<p>Puissance maximale 60 W<br \/>\nAmpoule E27<br \/>\nLongueur du c\u00e2ble 1,5 cm<\/p>\n<p>Hauteur 90 cm<br \/>\nLargeur 42 cm<br \/>\nPoids 5,2 Kg<\/p>","protected":false},"featured_media":20574,"template":"","meta":{"_et_pb_use_builder":"","_et_pb_old_content":"","_et_gb_content_width":""},"product_brand":[],"product_cat":[7413,7412],"product_tag":[],"class_list":{"0":"post-20573","1":"product","2":"type-product","3":"status-publish","4":"has-post-thumbnail","6":"product_cat-deco-bois","7":"product_cat-deco-feu","9":"first","10":"instock","11":"taxable","12":"shipping-taxable","13":"purchasable","14":"product-type-simple"},"aioseo_notices":[],"_links":{"self":[{"href":"https:\/\/arqitecture.fr\/en\/wp-json\/wp\/v2\/product\/20573","targetHints":{"allow":["GET"]}}],"collection":[{"href":"https:\/\/arqitecture.fr\/en\/wp-json\/wp\/v2\/product"}],"about":[{"href":"https:\/\/arqitecture.fr\/en\/wp-json\/wp\/v2\/types\/product"}],"wp:featuredmedia":[{"embeddable":true,"href":"https:\/\/arqitecture.fr\/en\/wp-json\/wp\/v2\/media\/20574"}],"wp:attachment":[{"href":"https:\/\/arqitecture.fr\/en\/wp-json\/wp\/v2\/media?parent=20573"}],"wp:term":[{"taxonomy":"product_brand","embeddable":true,"href":"https:\/\/arqitecture.fr\/en\/wp-json\/wp\/v2\/product_brand?post=20573"},{"taxonomy":"product_cat","embeddable":true,"href":"https:\/\/arqitecture.fr\/en\/wp-json\/wp\/v2\/product_cat?post=20573"},{"taxonomy":"product_tag","embeddable":true,"href":"https:\/\/arqitecture.fr\/en\/wp-json\/wp\/v2\/product_tag?post=20573"}],"curies":[{"name":"wp","href":"https:\/\/api.w.org\/{rel}","templated":true}]}}