{"id":20563,"date":"2025-04-15T15:15:17","date_gmt":"2025-04-15T13:15:17","guid":{"rendered":"https:\/\/arqitecture.fr\/?post_type=product&#038;p=20563"},"modified":"2025-04-15T15:15:17","modified_gmt":"2025-04-15T13:15:17","slug":"vases-ronds-hauts-x3-ceramique-noire","status":"publish","type":"product","link":"https:\/\/arqitecture.fr\/en\/product\/vases-ronds-hauts-x3-ceramique-noire\/","title":{"rendered":"Vases Ronds Hauts x3, C\u00e9ramique Noire"},"content":{"rendered":"<p>\u25ba Ils feront le plus bel effet \u263c dans votre int\u00e9rieur<\/p>\n<p>\u25ba Ambiance verdoyante et luxueuse<\/p>\n<p>\u25ba D\u00e9coration d&rsquo;entr\u00e9e, de cuisine, de bureau, d&rsquo;angle ou de salon<\/p>\n<p>\u25ba Cadeau de mariage, f\u00eate des m\u00e8res ou pendaison de cr\u00e9maill\u00e8re<\/p>","protected":false},"excerpt":{"rendered":"<p>Set de 3 hauts Vases ronds en c\u00e9ramique noire.<\/p>\n<p>Poterie qui convient \u00e0 l&rsquo;usage ext\u00e9rieur.<\/p>\n<p>Une couleur sobre pour mettre en valeur vos fleurs ou plantes en pot.<\/p>\n<p>Poids : 15,68 Kg<\/p>\n<p>This set includes:<br \/>\n\u2022\tL: 57cm x L: 57 cm x H: 63.5 cm Vase rond c\u00e9ramique haut noir Grand<br \/>\n\u2022\tL: 47cm x L: 47 cm x H: 52.5 cm Vase rond c\u00e9ramique haut noir Moyen<br \/>\n\u2022\tL: 37cm x L: 37 cm x H: 41.5 cm Vase rond c\u00e9ramique haut noir Petit<\/p>","protected":false},"featured_media":20571,"template":"","meta":{"_et_pb_use_builder":"","_et_pb_old_content":"","_et_gb_content_width":""},"product_brand":[],"product_cat":[7413],"product_tag":[],"class_list":{"0":"post-20563","1":"product","2":"type-product","3":"status-publish","4":"has-post-thumbnail","6":"product_cat-deco-bois","8":"first","9":"instock","10":"taxable","11":"shipping-taxable","12":"purchasable","13":"product-type-simple"},"aioseo_notices":[],"_links":{"self":[{"href":"https:\/\/arqitecture.fr\/en\/wp-json\/wp\/v2\/product\/20563","targetHints":{"allow":["GET"]}}],"collection":[{"href":"https:\/\/arqitecture.fr\/en\/wp-json\/wp\/v2\/product"}],"about":[{"href":"https:\/\/arqitecture.fr\/en\/wp-json\/wp\/v2\/types\/product"}],"wp:featuredmedia":[{"embeddable":true,"href":"https:\/\/arqitecture.fr\/en\/wp-json\/wp\/v2\/media\/20571"}],"wp:attachment":[{"href":"https:\/\/arqitecture.fr\/en\/wp-json\/wp\/v2\/media?parent=20563"}],"wp:term":[{"taxonomy":"product_brand","embeddable":true,"href":"https:\/\/arqitecture.fr\/en\/wp-json\/wp\/v2\/product_brand?post=20563"},{"taxonomy":"product_cat","embeddable":true,"href":"https:\/\/arqitecture.fr\/en\/wp-json\/wp\/v2\/product_cat?post=20563"},{"taxonomy":"product_tag","embeddable":true,"href":"https:\/\/arqitecture.fr\/en\/wp-json\/wp\/v2\/product_tag?post=20563"}],"curies":[{"name":"wp","href":"https:\/\/api.w.org\/{rel}","templated":true}]}}