{"id":20532,"date":"2025-02-18T12:45:19","date_gmt":"2025-02-18T11:45:19","guid":{"rendered":"https:\/\/arqitecture.fr\/?post_type=product&#038;p=20532"},"modified":"2025-02-18T13:07:35","modified_gmt":"2025-02-18T12:07:35","slug":"homme-livre-sculpture-h80cm-resine","status":"publish","type":"product","link":"https:\/\/arqitecture.fr\/en\/product\/homme-livre-sculpture-h80cm-resine\/","title":{"rendered":"Sculpture Homme et son livre H80cm, R\u00e9sine bronze"},"content":{"rendered":"<p>\u25ba Fera le plus bel effet \u263c par terre ou sur un petit tapis<\/p>\n<p>\u25ba Ambiance D\u00e9tente <\/p>\n<p>\u25ba D\u00e9coration de bureau, biblioth\u00e8que ou de salon<\/p>\n<p>\u25ba Cadeau id\u00e9al pour les amateurs, passionn\u00e9s de lecture<\/p>\n<p>\u25ba Gift for Valentine&#039;s Day, Christmas, wedding, birthday or housewarming<\/p>\n<p>La lecture, les mots ont un fort impact sur l&rsquo;esprit&#8230; dans le bon sens comme le mauvais.<br \/>\nBien choisir ses \u0153uvres litt\u00e9raires.<\/p>","protected":false},"excerpt":{"rendered":"<p>Sculpture d\u00e9corative d&rsquo;un homme assis \u00e0 m\u00eame le sol entrain de lire.<\/p>\n<p>Gold poly resin<\/p>\n<p>H 80 cm<\/p>","protected":false},"featured_media":20533,"template":"","meta":{"_et_pb_use_builder":"","_et_pb_old_content":"","_et_gb_content_width":""},"product_brand":[],"product_cat":[7408,7406],"product_tag":[8194,7995,8231,8013,8746],"class_list":{"0":"post-20532","1":"product","2":"type-product","3":"status-publish","4":"has-post-thumbnail","6":"product_cat-deco-yin","7":"product_cat-tous-les-produits","8":"product_tag-arbre","9":"product_tag-deco","10":"product_tag-homme","11":"product_tag-resine","12":"product_tag-serrre-livre","13":"pa_hauteur-80cm","14":"pa_largeur-59-cm","15":"pa_longueur-66-cm","17":"first","18":"instock","19":"taxable","20":"shipping-taxable","21":"purchasable","22":"product-type-simple"},"aioseo_notices":[],"_links":{"self":[{"href":"https:\/\/arqitecture.fr\/en\/wp-json\/wp\/v2\/product\/20532","targetHints":{"allow":["GET"]}}],"collection":[{"href":"https:\/\/arqitecture.fr\/en\/wp-json\/wp\/v2\/product"}],"about":[{"href":"https:\/\/arqitecture.fr\/en\/wp-json\/wp\/v2\/types\/product"}],"wp:featuredmedia":[{"embeddable":true,"href":"https:\/\/arqitecture.fr\/en\/wp-json\/wp\/v2\/media\/20533"}],"wp:attachment":[{"href":"https:\/\/arqitecture.fr\/en\/wp-json\/wp\/v2\/media?parent=20532"}],"wp:term":[{"taxonomy":"product_brand","embeddable":true,"href":"https:\/\/arqitecture.fr\/en\/wp-json\/wp\/v2\/product_brand?post=20532"},{"taxonomy":"product_cat","embeddable":true,"href":"https:\/\/arqitecture.fr\/en\/wp-json\/wp\/v2\/product_cat?post=20532"},{"taxonomy":"product_tag","embeddable":true,"href":"https:\/\/arqitecture.fr\/en\/wp-json\/wp\/v2\/product_tag?post=20532"}],"curies":[{"name":"wp","href":"https:\/\/api.w.org\/{rel}","templated":true}]}}