{"id":20452,"date":"2024-01-23T17:05:39","date_gmt":"2024-01-23T16:05:39","guid":{"rendered":"https:\/\/arqitecture.fr\/produit\/affiche-murale-de-bouddha-du-vermont-4-portraits-aux-choix\/"},"modified":"2025-01-21T10:55:45","modified_gmt":"2025-01-21T09:55:45","slug":"affiche-murale-de-bouddha-du-vermont-4-portraits-aux-choix","status":"publish","type":"product","link":"https:\/\/arqitecture.fr\/en\/product\/affiche-murale-de-bouddha-du-vermont-4-portraits-aux-choix\/","title":{"rendered":"Affiche murale de Bouddha du Vermont, 4 portraits aux choix"},"content":{"rendered":"<div class=\"product-specs-list-container\">\n<p>\u25ba Elle fera le plus bel effet \u263c sur un mur<\/p>\n<p>\u25ba Ambiance d\u00e9tente<\/p>\n<p>\u25ba Decoration of entrance, office or living room<\/p>\n<p>\u25ba Cadeau de cr\u00e9maill\u00e8re, anniversaire, St Valentin, de f\u00eate des Mamans<\/p>\n<p>&nbsp;<\/p>\n<p><span class=\"ILfuVd\" lang=\"fr\"><span class=\"d9FyLd\"><b>\u262f\u00a0 <\/b><\/span><\/span>Popular Feng shui decoration because its presence in a living space brings happiness and serenity.<\/p>\n<p>\u25ba To be placed looking towards a door and especially not under a staircase.<\/p>\n<p>Decorative Asian art to place in a meditative space for a moment of rest and relaxation.<\/p>\n<p>A touch of exoticism and spirituality in its interior decoration.<\/p>\n<p>&nbsp;<\/p>\n<\/div>","protected":false},"excerpt":{"rendered":"<p>Cette affiche imprim\u00e9e d&rsquo;un Bouddha entrain de m\u00e9diter va apaiser votre int\u00e9rieur et apporter une touche zen.<\/p>\n<p>De forme rectangle verticale.<\/p>\n<p>Imprim\u00e9e sur une toile HD en tissu coton fin et lisse.<\/p>\n<p>Encre imperm\u00e9able \u00e0 l\u2019eau<\/p>\n<p>Sans cadre<\/p>","protected":false},"featured_media":20515,"template":"","meta":{"_et_pb_use_builder":"","_et_pb_old_content":"","_et_gb_content_width":""},"product_brand":[],"product_cat":[7408],"product_tag":[],"class_list":{"0":"post-20452","1":"product","2":"type-product","3":"status-publish","4":"has-post-thumbnail","6":"product_cat-deco-yin","7":"pa_couleur-8819","8":"pa_couleur-8820","9":"pa_couleur-8822","10":"pa_couleur-8821","12":"first","13":"instock","14":"taxable","15":"shipping-taxable","16":"purchasable","17":"product-type-variable"},"aioseo_notices":[],"_links":{"self":[{"href":"https:\/\/arqitecture.fr\/en\/wp-json\/wp\/v2\/product\/20452","targetHints":{"allow":["GET"]}}],"collection":[{"href":"https:\/\/arqitecture.fr\/en\/wp-json\/wp\/v2\/product"}],"about":[{"href":"https:\/\/arqitecture.fr\/en\/wp-json\/wp\/v2\/types\/product"}],"wp:featuredmedia":[{"embeddable":true,"href":"https:\/\/arqitecture.fr\/en\/wp-json\/wp\/v2\/media\/20515"}],"wp:attachment":[{"href":"https:\/\/arqitecture.fr\/en\/wp-json\/wp\/v2\/media?parent=20452"}],"wp:term":[{"taxonomy":"product_brand","embeddable":true,"href":"https:\/\/arqitecture.fr\/en\/wp-json\/wp\/v2\/product_brand?post=20452"},{"taxonomy":"product_cat","embeddable":true,"href":"https:\/\/arqitecture.fr\/en\/wp-json\/wp\/v2\/product_cat?post=20452"},{"taxonomy":"product_tag","embeddable":true,"href":"https:\/\/arqitecture.fr\/en\/wp-json\/wp\/v2\/product_tag?post=20452"}],"curies":[{"name":"wp","href":"https:\/\/api.w.org\/{rel}","templated":true}]}}