{"id":20440,"date":"2024-01-23T17:04:24","date_gmt":"2024-01-23T16:04:24","guid":{"rendered":"https:\/\/arqitecture.fr\/produit\/statue-de-tete-de-bouddha-du-vermont-retro-pour-la-decoration-de-la-maison-artisanat-en-resine-nouveau-tathagmi-chinois-salon-et-salon-de-the\/"},"modified":"2025-01-30T11:20:51","modified_gmt":"2025-01-30T10:20:51","slug":"statue-de-tete-de-bouddha-du-vermont-retro-pour-la-decoration-de-la-maison-artisanat-en-resine-nouveau-tathagmi-chinois","status":"publish","type":"product","link":"https:\/\/arqitecture.fr\/en\/product\/statue-de-tete-de-bouddha-du-vermont-retro-pour-la-decoration-de-la-maison-artisanat-en-resine-nouveau-tathagmi-chinois\/","title":{"rendered":"Statue Bouddha du Vermont, 3 mod\u00e8les au choix"},"content":{"rendered":"<div class=\"detailmodule_html\">\n<div class=\"detail-desc-decorate-richtext\">\n<p>\u25ba Elle fera le plus bel effet \u263c sur un meuble<\/p>\n<p>\u25ba Ambiance moderne et ser\u00e8ne<\/p>\n<p>\u25ba Decoration of entrance, office or living room<\/p>\n<p>\u25ba Cadeau de cr\u00e9maill\u00e8re, anniversaire, St Valentin, de f\u00eate des Mamans<\/p>\n<p>&nbsp;<\/p>\n<p><span class=\"ILfuVd\" lang=\"fr\"><span class=\"d9FyLd\"><b>\u262f\u00a0 <\/b><\/span><\/span>Popular Feng shui decoration because its presence in a living space brings happiness and serenity.<\/p>\n<p>\u25ba To be placed looking towards a door and especially not under a staircase.<\/p>\n<p>Decorative Asian art to place in a meditative space for a moment of rest and relaxation.<\/p>\n<p>A touch of exoticism and spirituality in its interior decoration.<\/p>\n<p>&nbsp;<\/p>\n<p>&nbsp;<\/p>\n<\/div>\n<\/div>","protected":false},"excerpt":{"rendered":"<p>Statue d&rsquo;un Bouddha entrain de m\u00e9diter va apaiser votre int\u00e9rieur et apporter une touche zen.<\/p>\n<p>En r\u00e9sine<\/p>\n<p>Sold separately<\/p>","protected":false},"featured_media":20448,"template":"","meta":{"_et_pb_use_builder":"","_et_pb_old_content":"","_et_gb_content_width":""},"product_brand":[],"product_cat":[7408],"product_tag":[],"class_list":{"0":"post-20440","1":"product","2":"type-product","3":"status-publish","4":"has-post-thumbnail","6":"product_cat-deco-yin","7":"pa_couleur-a","8":"pa_couleur-b","9":"pa_couleur-c","11":"first","12":"instock","13":"taxable","14":"shipping-taxable","15":"purchasable","16":"product-type-variable"},"aioseo_notices":[],"_links":{"self":[{"href":"https:\/\/arqitecture.fr\/en\/wp-json\/wp\/v2\/product\/20440","targetHints":{"allow":["GET"]}}],"collection":[{"href":"https:\/\/arqitecture.fr\/en\/wp-json\/wp\/v2\/product"}],"about":[{"href":"https:\/\/arqitecture.fr\/en\/wp-json\/wp\/v2\/types\/product"}],"wp:featuredmedia":[{"embeddable":true,"href":"https:\/\/arqitecture.fr\/en\/wp-json\/wp\/v2\/media\/20448"}],"wp:attachment":[{"href":"https:\/\/arqitecture.fr\/en\/wp-json\/wp\/v2\/media?parent=20440"}],"wp:term":[{"taxonomy":"product_brand","embeddable":true,"href":"https:\/\/arqitecture.fr\/en\/wp-json\/wp\/v2\/product_brand?post=20440"},{"taxonomy":"product_cat","embeddable":true,"href":"https:\/\/arqitecture.fr\/en\/wp-json\/wp\/v2\/product_cat?post=20440"},{"taxonomy":"product_tag","embeddable":true,"href":"https:\/\/arqitecture.fr\/en\/wp-json\/wp\/v2\/product_tag?post=20440"}],"curies":[{"name":"wp","href":"https:\/\/api.w.org\/{rel}","templated":true}]}}