{"id":20387,"date":"2024-01-23T17:03:18","date_gmt":"2024-01-23T16:03:18","guid":{"rendered":"https:\/\/arqitecture.fr\/produit\/affiche-murale-bouddha-noir-et-blanc\/"},"modified":"2025-01-21T09:41:19","modified_gmt":"2025-01-21T08:41:19","slug":"affiche-murale-bouddha-noir-et-blanc","status":"publish","type":"product","link":"https:\/\/arqitecture.fr\/en\/product\/affiche-murale-bouddha-noir-et-blanc\/","title":{"rendered":"Affiche murale Bouddha noir et blanc"},"content":{"rendered":"<div class=\"product-specs-list-container\">\n<p>\u25ba It will have the most beautiful effect \u263c on your wall<\/p>\n<p>\u25ba Ambiance moderne<\/p>\n<p>\u25ba Decoration of entrance, office or living room<\/p>\n<p>\u25ba Cadeau de cr\u00e9maill\u00e8re, anniversaire, St Valentin, de f\u00eate des Mamans<\/p>\n<p>&nbsp;<\/p>\n<p><span class=\"ILfuVd\" lang=\"fr\"><span class=\"d9FyLd\"><b>\u262f\u00a0 <\/b><\/span><\/span>Popular Feng shui decoration because its presence in a living space brings happiness and serenity.<\/p>\n<p>\u25ba To be placed looking towards a door and especially not under a staircase.<\/p>\n<p>Decorative Asian art to place in a meditative space for a moment of rest and relaxation.<\/p>\n<p>A touch of exoticism and spirituality in its interior decoration.<\/p>\n<p>&nbsp;<\/p>\n<\/div>","protected":false},"excerpt":{"rendered":"<p>Affiche de Bouddha assis m\u00e9ditant le Vermont.<\/p>\n<p><span class=\"property-title\">De forme r<\/span><span class=\"property-desc line-limit-length\">ectangle et verticale.<\/span><\/p>\n<p>Imprim\u00e9e sur une toile HD en tissu coton fin et lisse.<\/p>\n<p>Couleur : d\u00e9grad\u00e9 de blanc et noir.<\/p>\n<p>Encre imperm\u00e9able \u00e0 l\u2019eau<\/p>\n<p>Sans cadre<\/p>","protected":false},"featured_media":20435,"template":"","meta":{"_et_pb_use_builder":"","_et_pb_old_content":"","_et_gb_content_width":""},"product_brand":[],"product_cat":[7408],"product_tag":[],"class_list":{"0":"post-20387","1":"product","2":"type-product","3":"status-publish","4":"has-post-thumbnail","6":"product_cat-deco-yin","7":"pa_couleur-noir-et-blanc","9":"first","10":"instock","11":"taxable","12":"shipping-taxable","13":"purchasable","14":"product-type-variable"},"aioseo_notices":[],"_links":{"self":[{"href":"https:\/\/arqitecture.fr\/en\/wp-json\/wp\/v2\/product\/20387","targetHints":{"allow":["GET"]}}],"collection":[{"href":"https:\/\/arqitecture.fr\/en\/wp-json\/wp\/v2\/product"}],"about":[{"href":"https:\/\/arqitecture.fr\/en\/wp-json\/wp\/v2\/types\/product"}],"wp:featuredmedia":[{"embeddable":true,"href":"https:\/\/arqitecture.fr\/en\/wp-json\/wp\/v2\/media\/20435"}],"wp:attachment":[{"href":"https:\/\/arqitecture.fr\/en\/wp-json\/wp\/v2\/media?parent=20387"}],"wp:term":[{"taxonomy":"product_brand","embeddable":true,"href":"https:\/\/arqitecture.fr\/en\/wp-json\/wp\/v2\/product_brand?post=20387"},{"taxonomy":"product_cat","embeddable":true,"href":"https:\/\/arqitecture.fr\/en\/wp-json\/wp\/v2\/product_cat?post=20387"},{"taxonomy":"product_tag","embeddable":true,"href":"https:\/\/arqitecture.fr\/en\/wp-json\/wp\/v2\/product_tag?post=20387"}],"curies":[{"name":"wp","href":"https:\/\/api.w.org\/{rel}","templated":true}]}}