{"id":20251,"date":"2024-01-23T17:00:00","date_gmt":"2024-01-23T16:00:00","guid":{"rendered":"https:\/\/arqitecture.fr\/produit\/affiche-bouddha-plusieurs-tailles\/"},"modified":"2025-01-20T16:04:45","modified_gmt":"2025-01-20T15:04:45","slug":"affiche-bouddha-plusieurs-tailles","status":"publish","type":"product","link":"https:\/\/arqitecture.fr\/en\/product\/affiche-bouddha-plusieurs-tailles\/","title":{"rendered":"Affiche murale Bouddha, plusieurs tailles"},"content":{"rendered":"<div class=\"product-specs-list-container\">\n<p>\u25ba It will have the most beautiful effect \u263c on your wall<\/p>\n<p>\u25ba Ambiance moderne et ser\u00e8ne<\/p>\n<p>\u25ba Decoration of entrance, office or living room<\/p>\n<p>\u25ba Cadeau de cr\u00e9maill\u00e8re, anniversaire, St Valentin, de f\u00eate des Mamans<\/p>\n<p>&nbsp;<\/p>\n<p><span class=\"ILfuVd\" lang=\"fr\"><span class=\"d9FyLd\"><b>\u262f\u00a0 <\/b><\/span><\/span>Popular Feng shui decoration because its presence in a living space brings happiness and serenity.<\/p>\n<p>\u25ba To be placed looking towards a door and especially not under a staircase.<\/p>\n<p>Decorative Asian art to place in a meditative space for a moment of rest and relaxation.<\/p>\n<p>A touch of exoticism and spirituality in its interior decoration.<\/p>\n<\/div>","protected":false},"excerpt":{"rendered":"<p>Cette affiche imprim\u00e9e d&rsquo;un Bouddha en marbre blanc entrain de m\u00e9diter va apaiser votre int\u00e9rieur et apporter une touche zen.<\/p>\n<p>De forme rectangle horizontale.<\/p>\n<p>Imprim\u00e9e sur une toile HD en tissu coton fin et lisse.<\/p>\n<p>Encre imperm\u00e9able \u00e0 l\u2019eau<\/p>\n<p>Sans cadre<\/p>\n<div class=\"product-specs-list-container\"><\/div>","protected":false},"featured_media":20270,"template":"","meta":{"_et_pb_use_builder":"","_et_pb_old_content":"","_et_gb_content_width":""},"product_brand":[],"product_cat":[7408],"product_tag":[],"class_list":{"0":"post-20251","1":"product","2":"type-product","3":"status-publish","4":"has-post-thumbnail","6":"product_cat-deco-yin","7":"pa_couleur-effet-ombrage","9":"first","10":"instock","11":"taxable","12":"shipping-taxable","13":"purchasable","14":"product-type-variable"},"aioseo_notices":[],"_links":{"self":[{"href":"https:\/\/arqitecture.fr\/en\/wp-json\/wp\/v2\/product\/20251","targetHints":{"allow":["GET"]}}],"collection":[{"href":"https:\/\/arqitecture.fr\/en\/wp-json\/wp\/v2\/product"}],"about":[{"href":"https:\/\/arqitecture.fr\/en\/wp-json\/wp\/v2\/types\/product"}],"wp:featuredmedia":[{"embeddable":true,"href":"https:\/\/arqitecture.fr\/en\/wp-json\/wp\/v2\/media\/20270"}],"wp:attachment":[{"href":"https:\/\/arqitecture.fr\/en\/wp-json\/wp\/v2\/media?parent=20251"}],"wp:term":[{"taxonomy":"product_brand","embeddable":true,"href":"https:\/\/arqitecture.fr\/en\/wp-json\/wp\/v2\/product_brand?post=20251"},{"taxonomy":"product_cat","embeddable":true,"href":"https:\/\/arqitecture.fr\/en\/wp-json\/wp\/v2\/product_cat?post=20251"},{"taxonomy":"product_tag","embeddable":true,"href":"https:\/\/arqitecture.fr\/en\/wp-json\/wp\/v2\/product_tag?post=20251"}],"curies":[{"name":"wp","href":"https:\/\/api.w.org\/{rel}","templated":true}]}}