{"id":20113,"date":"2024-06-17T18:23:01","date_gmt":"2024-06-17T16:23:01","guid":{"rendered":"https:\/\/arqitecture.fr\/?post_type=product&#038;p=20113"},"modified":"2024-10-31T08:29:54","modified_gmt":"2024-10-31T07:29:54","slug":"lanterne-h34cm-osier-noir","status":"publish","type":"product","link":"https:\/\/arqitecture.fr\/en\/product\/lanterne-h34cm-osier-noir\/","title":{"rendered":"Lanterne lampion cylindrique H34cm, Osier noir"},"content":{"rendered":"<p>\u25ba Elle fera le plus bel effet \u263c \u00e0 m\u00eame le sol<\/p>\n<p>\u25ba Ambiance chaleureuse et naturelle<\/p>\n<p>\u25ba D\u00e9coration d&rsquo;entr\u00e9e, de cuisine, de bureau ou de salon<\/p>\n<p>\u25ba D\u00e9coration de balcon ou terrasse<\/p>\n<p>\u25ba Cadeau de remerciement, de mariage, f\u00eate des m\u00e8res, pendaison de cr\u00e9maill\u00e8re, pour une invitation \u00e0 diner ou une St Valentin<\/p>","protected":false},"excerpt":{"rendered":"<p>Inspir\u00e9 des traditionnels lampions asiatiques, sa cage est en osier tress\u00e9e de couleur noire avec une anse pour la d\u00e9placer \u00e0 votre gr\u00e9. <\/p>\n<p>Pour une d\u00e9coration Zen de sa terrasse, balcon ou un coin du salon.<\/p>\n<p>Glass container for candle.<\/p>\n<p>Interior Exterior<\/p>\n<p>Lanterne pour les soir\u00e9es festives en terrasse, \u00e0 poser ou \u00e0 suspendre.<\/p>\n<p>La bougie se rentre par le dessus.<\/p>\n<p>Id\u00e9ale pour cr\u00e9er une atmosph\u00e8re tamis\u00e9e et chaleureuse.<\/p>\n<p>Bois Rotin noir.<\/p>\n<p>H 34 cm et diam\u00e8tre 30 cm<\/p>","protected":false},"featured_media":20129,"template":"","meta":{"_et_pb_use_builder":"","_et_pb_old_content":"","_et_gb_content_width":""},"product_brand":[],"product_cat":[7413,7412,7406],"product_tag":[7995,8195,8044,8041,8181],"class_list":{"0":"post-20113","1":"product","2":"type-product","3":"status-publish","4":"has-post-thumbnail","6":"product_cat-deco-bois","7":"product_cat-deco-feu","8":"product_cat-tous-les-produits","9":"product_tag-deco","10":"product_tag-ete","11":"product_tag-lanterne","12":"product_tag-terrasse","13":"product_tag-verre","15":"first","16":"instock","17":"sale","18":"taxable","19":"shipping-taxable","20":"purchasable","21":"product-type-simple"},"aioseo_notices":[],"_links":{"self":[{"href":"https:\/\/arqitecture.fr\/en\/wp-json\/wp\/v2\/product\/20113","targetHints":{"allow":["GET"]}}],"collection":[{"href":"https:\/\/arqitecture.fr\/en\/wp-json\/wp\/v2\/product"}],"about":[{"href":"https:\/\/arqitecture.fr\/en\/wp-json\/wp\/v2\/types\/product"}],"wp:featuredmedia":[{"embeddable":true,"href":"https:\/\/arqitecture.fr\/en\/wp-json\/wp\/v2\/media\/20129"}],"wp:attachment":[{"href":"https:\/\/arqitecture.fr\/en\/wp-json\/wp\/v2\/media?parent=20113"}],"wp:term":[{"taxonomy":"product_brand","embeddable":true,"href":"https:\/\/arqitecture.fr\/en\/wp-json\/wp\/v2\/product_brand?post=20113"},{"taxonomy":"product_cat","embeddable":true,"href":"https:\/\/arqitecture.fr\/en\/wp-json\/wp\/v2\/product_cat?post=20113"},{"taxonomy":"product_tag","embeddable":true,"href":"https:\/\/arqitecture.fr\/en\/wp-json\/wp\/v2\/product_tag?post=20113"}],"curies":[{"name":"wp","href":"https:\/\/api.w.org\/{rel}","templated":true}]}}