{"id":20018,"date":"2024-03-08T11:26:39","date_gmt":"2024-03-08T10:26:39","guid":{"rendered":"https:\/\/arqitecture.fr\/?post_type=product&#038;p=20018"},"modified":"2024-11-26T10:09:20","modified_gmt":"2024-11-26T09:09:20","slug":"cache-pot-vase-martele-design-deco","status":"publish","type":"product","link":"https:\/\/arqitecture.fr\/en\/product\/cache-pot-vase-martele-design-deco\/","title":{"rendered":"Cache-pot martel\u00e9 vase h20cm, Design d\u00e9co"},"content":{"rendered":"<p>\u25ba Il fera le plus bel effet \u263c \u00e0 m\u00eame le sol<\/p>\n<p>\u25ba Ambiance moderne<\/p>\n<p>\u25ba D\u00e9coration d&rsquo;entr\u00e9e, de cuisine, de bureau ou de salon<\/p>\n<p>\u25ba Cadeau de remerciement, de mariage, f\u00eate des m\u00e8res, pendaison de cr\u00e9maill\u00e8re, pour une invitation \u00e0 diner ou une St Valentin<\/p>","protected":false},"excerpt":{"rendered":"<p>Agr\u00e9menter votre d\u00e9coration avec ce cache-pot rond argent\u00e9.<\/p>\n<p>Mise en valeur de vos plantes assur\u00e9e.<\/p>\n<p>Des lignes grav\u00e9es verticales gravitent tout autour du pot.<\/p>\n<p>En m\u00e9tal aluminium brut martel\u00e9.<\/p>\n<p>Diam\u00e8tre : 19 cm<\/p>\n<p>\u00e9paisseur : 5 mm<\/p>","protected":false},"featured_media":20024,"template":"","meta":{"_et_pb_use_builder":"","_et_pb_old_content":"","_et_gb_content_width":""},"product_brand":[],"product_cat":[7413,7411,7406],"product_tag":[],"class_list":{"0":"post-20018","1":"product","2":"type-product","3":"status-publish","4":"has-post-thumbnail","6":"product_cat-deco-bois","7":"product_cat-deco-metal","8":"product_cat-tous-les-produits","9":"pa_hauteur-20cm","11":"first","12":"instock","13":"taxable","14":"shipping-taxable","15":"purchasable","16":"product-type-simple"},"aioseo_notices":[],"_links":{"self":[{"href":"https:\/\/arqitecture.fr\/en\/wp-json\/wp\/v2\/product\/20018","targetHints":{"allow":["GET"]}}],"collection":[{"href":"https:\/\/arqitecture.fr\/en\/wp-json\/wp\/v2\/product"}],"about":[{"href":"https:\/\/arqitecture.fr\/en\/wp-json\/wp\/v2\/types\/product"}],"wp:featuredmedia":[{"embeddable":true,"href":"https:\/\/arqitecture.fr\/en\/wp-json\/wp\/v2\/media\/20024"}],"wp:attachment":[{"href":"https:\/\/arqitecture.fr\/en\/wp-json\/wp\/v2\/media?parent=20018"}],"wp:term":[{"taxonomy":"product_brand","embeddable":true,"href":"https:\/\/arqitecture.fr\/en\/wp-json\/wp\/v2\/product_brand?post=20018"},{"taxonomy":"product_cat","embeddable":true,"href":"https:\/\/arqitecture.fr\/en\/wp-json\/wp\/v2\/product_cat?post=20018"},{"taxonomy":"product_tag","embeddable":true,"href":"https:\/\/arqitecture.fr\/en\/wp-json\/wp\/v2\/product_tag?post=20018"}],"curies":[{"name":"wp","href":"https:\/\/api.w.org\/{rel}","templated":true}]}}