{"id":19929,"date":"2024-10-08T18:37:13","date_gmt":"2024-10-08T16:37:13","guid":{"rendered":"https:\/\/arqitecture.fr\/?post_type=product&#038;p=19929"},"modified":"2024-10-18T12:49:50","modified_gmt":"2024-10-18T10:49:50","slug":"sculpture-squelette-dino-raptor-h-82cm-resine","status":"publish","type":"product","link":"https:\/\/arqitecture.fr\/en\/product\/sculpture-squelette-dino-raptor-h-82cm-resine\/","title":{"rendered":"Sculpture Squelette Dinosaure Raptor H 82cm, R\u00e9sine"},"content":{"rendered":"<p>Montage requis<\/p>\n<p>\u25ba Fera le plus bel effet \u263c \u00e0 m\u00eame le sol<\/p>\n<p>\u25ba Ambiance dynamique et sauvage<\/p>\n<p>\u25ba Decoration of entrance, office or living room<\/p>\n<p>\u25ba Cadeau id\u00e9al pour passionn\u00e9s de dinosaures<\/p>\n<p>\u25ba Cadeau de No\u00ebl, mariage, anniversaire ou cr\u00e9maill\u00e8re<\/p>","protected":false},"excerpt":{"rendered":"<p>Grand squelette du fameux dinosaure, le Raptor.<\/p>\n<p>Sur socle.<\/p>\n<p>En r\u00e9sine marron clair.<\/p>\n<p>Hauteur: 82 cm<\/p>\n<p>Largeur : 50 cm<\/p>\n<p>Longueur : 148 cm<\/p>\n<p>Poids : 11,3Kg<\/p>","protected":false},"featured_media":19933,"template":"","meta":{"_et_pb_use_builder":"","_et_pb_old_content":"","_et_gb_content_width":""},"product_brand":[],"product_cat":[7410,7406],"product_tag":[],"class_list":{"0":"post-19929","1":"product","2":"type-product","3":"status-publish","4":"has-post-thumbnail","6":"product_cat-deco-animaux","7":"product_cat-tous-les-produits","9":"first","10":"instock","11":"taxable","12":"shipping-taxable","13":"purchasable","14":"product-type-simple"},"aioseo_notices":[],"_links":{"self":[{"href":"https:\/\/arqitecture.fr\/en\/wp-json\/wp\/v2\/product\/19929","targetHints":{"allow":["GET"]}}],"collection":[{"href":"https:\/\/arqitecture.fr\/en\/wp-json\/wp\/v2\/product"}],"about":[{"href":"https:\/\/arqitecture.fr\/en\/wp-json\/wp\/v2\/types\/product"}],"wp:featuredmedia":[{"embeddable":true,"href":"https:\/\/arqitecture.fr\/en\/wp-json\/wp\/v2\/media\/19933"}],"wp:attachment":[{"href":"https:\/\/arqitecture.fr\/en\/wp-json\/wp\/v2\/media?parent=19929"}],"wp:term":[{"taxonomy":"product_brand","embeddable":true,"href":"https:\/\/arqitecture.fr\/en\/wp-json\/wp\/v2\/product_brand?post=19929"},{"taxonomy":"product_cat","embeddable":true,"href":"https:\/\/arqitecture.fr\/en\/wp-json\/wp\/v2\/product_cat?post=19929"},{"taxonomy":"product_tag","embeddable":true,"href":"https:\/\/arqitecture.fr\/en\/wp-json\/wp\/v2\/product_tag?post=19929"}],"curies":[{"name":"wp","href":"https:\/\/api.w.org\/{rel}","templated":true}]}}