{"id":19923,"date":"2024-08-18T14:48:44","date_gmt":"2024-08-18T12:48:44","guid":{"rendered":"https:\/\/arqitecture.fr\/?post_type=product&#038;p=19923"},"modified":"2025-10-02T11:30:42","modified_gmt":"2025-10-02T09:30:42","slug":"sculpture-gorille-marron-resine","status":"publish","type":"product","link":"https:\/\/arqitecture.fr\/en\/product\/sculpture-gorille-marron-resine\/","title":{"rendered":"Sculpture Gorille H91cm, R\u00e9sine"},"content":{"rendered":"<p>\u25ba It will attract all eyes and make an impression<\/p>\n<p>\u25ba For a wild and protective touch<\/p>\n<p>\u25ba Entrance or living room decoration<\/p>\n<p>\u25ba Cadeau pour une cr\u00e9maill\u00e8re, un mariage, un anniversaire ou une f\u00eate des M\u00e8res \/ P\u00e8res<\/p>\n<p>&nbsp;<\/p>\n<p>The Gorilla is the symbol of self-control.<\/p>\n<p>It is the animal which embodies the natural and hostile forces that man seeks to dominate.<\/p>","protected":false},"excerpt":{"rendered":"<p>Sculpture r\u00e9aliste d&rsquo;un Grand Gorille assis et son regard profond.<\/p>\n<p>En polyr\u00e9sine marron et dor\u00e9, aux finitions et d\u00e9tails soign\u00e9s.<\/p>\n<p>Longueur 69 cm<\/p>\n<p>Poids 21,5 Kg<\/p>\n<p>Largeur 54 cm<\/p>\n<p>&nbsp;<\/p>","protected":false},"featured_media":21073,"template":"","meta":{"_et_pb_use_builder":"","_et_pb_old_content":"","_et_gb_content_width":""},"product_brand":[],"product_cat":[7410,7406],"product_tag":[],"class_list":{"0":"post-19923","1":"product","2":"type-product","3":"status-publish","4":"has-post-thumbnail","6":"product_cat-deco-animaux","7":"product_cat-tous-les-produits","9":"first","10":"instock","11":"taxable","12":"shipping-taxable","13":"purchasable","14":"product-type-simple"},"aioseo_notices":[],"_links":{"self":[{"href":"https:\/\/arqitecture.fr\/en\/wp-json\/wp\/v2\/product\/19923","targetHints":{"allow":["GET"]}}],"collection":[{"href":"https:\/\/arqitecture.fr\/en\/wp-json\/wp\/v2\/product"}],"about":[{"href":"https:\/\/arqitecture.fr\/en\/wp-json\/wp\/v2\/types\/product"}],"wp:featuredmedia":[{"embeddable":true,"href":"https:\/\/arqitecture.fr\/en\/wp-json\/wp\/v2\/media\/21073"}],"wp:attachment":[{"href":"https:\/\/arqitecture.fr\/en\/wp-json\/wp\/v2\/media?parent=19923"}],"wp:term":[{"taxonomy":"product_brand","embeddable":true,"href":"https:\/\/arqitecture.fr\/en\/wp-json\/wp\/v2\/product_brand?post=19923"},{"taxonomy":"product_cat","embeddable":true,"href":"https:\/\/arqitecture.fr\/en\/wp-json\/wp\/v2\/product_cat?post=19923"},{"taxonomy":"product_tag","embeddable":true,"href":"https:\/\/arqitecture.fr\/en\/wp-json\/wp\/v2\/product_tag?post=19923"}],"curies":[{"name":"wp","href":"https:\/\/api.w.org\/{rel}","templated":true}]}}