{"id":19909,"date":"2024-05-07T11:24:34","date_gmt":"2024-05-07T09:24:34","guid":{"rendered":"https:\/\/arqitecture.fr\/?post_type=product&#038;p=19909"},"modified":"2024-11-26T11:46:07","modified_gmt":"2024-11-26T10:46:07","slug":"paravent-abstrait-h190cm-teck-naturel","status":"publish","type":"product","link":"https:\/\/arqitecture.fr\/en\/product\/paravent-abstrait-h190cm-teck-naturel\/","title":{"rendered":"Paravent abstrait H190cm, Teck Naturel"},"content":{"rendered":"<p>\u25ba A placer dans une pi\u00e8ce pour subdiviser, pour masquer ou embellir un mur, pour l&rsquo;intimit\u00e9 ou se prot\u00e9ger des courants d&rsquo;air<\/p>\n<p>\u25ba Permet de cr\u00e9er dans le salon\u00a0 un coin cosy ou un vestibule<\/p>\n<p>\u25ba It will attract all eyes<\/p>\n<p>\u25ba Ambiance nature<\/p>\n<p>\u25ba Mobilier de salon, couloir, bureau, h\u00f4tels ou chambre \u00e0 coucher<\/p>\n<p>\u25ba En cadeau de mariage, cr\u00e9maill\u00e8re ou anniversaire<\/p>\n<p>&nbsp;<\/p>\n<p>C&rsquo;est en Chine dans les familles nobles que les 1ers paravents apparurent au III\u00e8me si\u00e8cle avant notre \u00e8re.<\/p>\n<p>Dans certaines cultures le paravent servait \u00e0 se prot\u00e9ger des d\u00e9mons.<\/p>","protected":false},"excerpt":{"rendered":"<p class=\"p1\">Paravent fait de plusieurs morceaux de bois flott\u00e9 entrem\u00eal\u00e9s sur un socle en bois rectangle.<\/p>\n<p>Stable et robuste, ce brise vue ne n\u00e9cessite aucun entretien.<\/p>\n<p>Fixation 4 tiges m\u00e9talliques.<\/p>\n<p>En Teck naturel<\/p>\n<p class=\"p1\">190 x 60 x 33 cm<\/p>\n<p>Poids : 58,5 Kg<\/p>","protected":false},"featured_media":19912,"template":"","meta":{"_et_pb_use_builder":"","_et_pb_old_content":"","_et_gb_content_width":""},"product_brand":[],"product_cat":[7413,7406],"product_tag":[],"class_list":{"0":"post-19909","1":"product","2":"type-product","3":"status-publish","4":"has-post-thumbnail","6":"product_cat-deco-bois","7":"product_cat-tous-les-produits","9":"first","10":"instock","11":"taxable","12":"shipping-taxable","13":"purchasable","14":"product-type-simple"},"aioseo_notices":[],"_links":{"self":[{"href":"https:\/\/arqitecture.fr\/en\/wp-json\/wp\/v2\/product\/19909","targetHints":{"allow":["GET"]}}],"collection":[{"href":"https:\/\/arqitecture.fr\/en\/wp-json\/wp\/v2\/product"}],"about":[{"href":"https:\/\/arqitecture.fr\/en\/wp-json\/wp\/v2\/types\/product"}],"wp:featuredmedia":[{"embeddable":true,"href":"https:\/\/arqitecture.fr\/en\/wp-json\/wp\/v2\/media\/19912"}],"wp:attachment":[{"href":"https:\/\/arqitecture.fr\/en\/wp-json\/wp\/v2\/media?parent=19909"}],"wp:term":[{"taxonomy":"product_brand","embeddable":true,"href":"https:\/\/arqitecture.fr\/en\/wp-json\/wp\/v2\/product_brand?post=19909"},{"taxonomy":"product_cat","embeddable":true,"href":"https:\/\/arqitecture.fr\/en\/wp-json\/wp\/v2\/product_cat?post=19909"},{"taxonomy":"product_tag","embeddable":true,"href":"https:\/\/arqitecture.fr\/en\/wp-json\/wp\/v2\/product_tag?post=19909"}],"curies":[{"name":"wp","href":"https:\/\/api.w.org\/{rel}","templated":true}]}}