{"id":19903,"date":"2024-01-10T17:26:11","date_gmt":"2024-01-10T16:26:11","guid":{"rendered":"https:\/\/arqitecture.fr\/?post_type=product&#038;p=19903"},"modified":"2024-11-26T12:00:48","modified_gmt":"2024-11-26T11:00:48","slug":"paniers-ronds-ensemble-de-2-rotin-naturel","status":"publish","type":"product","link":"https:\/\/arqitecture.fr\/en\/product\/paniers-ronds-ensemble-de-2-rotin-naturel\/","title":{"rendered":"Paniers ronds, ensemble de 2, Rotin naturel"},"content":{"rendered":"<p>\u25ba Ajoute un touche d\u00e9co Nature<\/p>\n<p>\u25ba Ambiance authentique et chaleureuse<\/p>\n<p>Cadeau de pendaison de cr\u00e9maill\u00e8re ou de mariage.<\/p>\n<p>Convient \u00e0 tous les coins de la maison, couloir, salon, chambre d&rsquo;enfant ou salle de bain.<\/p>","protected":false},"excerpt":{"rendered":"<p>Ensemble de deux paniers de forme ronde.<\/p>\n<p>Deux anses pour faciliter le d\u00e9placement.<\/p>\n<p>En rotin naturel<\/p>\n<p>H 82 cm<\/p>\n<p>Diam\u00e8tre 75 cm<\/p>\n<p>17,70Kg<\/p>\n<p>Pouvant servir de jardini\u00e8re pour cacher un disgracieux pot de fleurs en plastique.<\/p>\n<p>Peut \u00eatre utile comme conteneur de nettoyage, fournitures de salle de bain, panier \u00e0 linge, serviettes en rouleaux, rangement d&rsquo;articles divers, v\u00eatements, de jouets, etc.<\/p>","protected":false},"featured_media":19905,"template":"","meta":{"_et_pb_use_builder":"","_et_pb_old_content":"","_et_gb_content_width":""},"product_brand":[],"product_cat":[7413,7406],"product_tag":[],"class_list":{"0":"post-19903","1":"product","2":"type-product","3":"status-publish","4":"has-post-thumbnail","6":"product_cat-deco-bois","7":"product_cat-tous-les-produits","9":"first","10":"instock","11":"taxable","12":"shipping-taxable","13":"purchasable","14":"product-type-simple"},"aioseo_notices":[],"_links":{"self":[{"href":"https:\/\/arqitecture.fr\/en\/wp-json\/wp\/v2\/product\/19903","targetHints":{"allow":["GET"]}}],"collection":[{"href":"https:\/\/arqitecture.fr\/en\/wp-json\/wp\/v2\/product"}],"about":[{"href":"https:\/\/arqitecture.fr\/en\/wp-json\/wp\/v2\/types\/product"}],"wp:featuredmedia":[{"embeddable":true,"href":"https:\/\/arqitecture.fr\/en\/wp-json\/wp\/v2\/media\/19905"}],"wp:attachment":[{"href":"https:\/\/arqitecture.fr\/en\/wp-json\/wp\/v2\/media?parent=19903"}],"wp:term":[{"taxonomy":"product_brand","embeddable":true,"href":"https:\/\/arqitecture.fr\/en\/wp-json\/wp\/v2\/product_brand?post=19903"},{"taxonomy":"product_cat","embeddable":true,"href":"https:\/\/arqitecture.fr\/en\/wp-json\/wp\/v2\/product_cat?post=19903"},{"taxonomy":"product_tag","embeddable":true,"href":"https:\/\/arqitecture.fr\/en\/wp-json\/wp\/v2\/product_tag?post=19903"}],"curies":[{"name":"wp","href":"https:\/\/api.w.org\/{rel}","templated":true}]}}