{"id":19893,"date":"2024-08-16T16:45:14","date_gmt":"2024-08-16T14:45:14","guid":{"rendered":"https:\/\/arqitecture.fr\/?post_type=product&#038;p=19893"},"modified":"2024-11-26T15:06:11","modified_gmt":"2024-11-26T14:06:11","slug":"lady-h74cm-resine-multicolore","status":"publish","type":"product","link":"https:\/\/arqitecture.fr\/en\/product\/lady-h74cm-resine-multicolore\/","title":{"rendered":"Sculpture Lady H74cm, R\u00e9sine multicolore"},"content":{"rendered":"<p>\u25ba Elle fera le plus bel effet \u263c sur une console<\/p>\n<p>\u25ba Ambiance branch\u00e9e et flashy<\/p>\n<p>\u25ba D\u00e9coration d&rsquo;angle, d&rsquo;entr\u00e9e, de couloir, de bureau, salle \u00e0 manger ou salon<\/p>\n<p>\u25ba Cadeau de No\u00ebl, anniversaire, cr\u00e9maill\u00e8re ou St Valentin<\/p>","protected":false},"excerpt":{"rendered":"<p>Sculpture tendance d&rsquo;une femme aux formes g\u00e9n\u00e9reuses assise et multicolore arlequin finition brillante.<\/p>\n<p>Style contemporain et design inspir\u00e9 du mouvement Pop Art.<\/p>\n<p>En r\u00e9sine.<\/p>\n<p>Laquage et vernis, haute r\u00e9sistance.<\/p>\n<p>H 74 cm ; envergure 36 cm ; L 32 cm<\/p>\n<p>&nbsp;<\/p>\n<p>&nbsp;<\/p>","protected":false},"featured_media":19896,"template":"","meta":{"_et_pb_use_builder":"","_et_pb_old_content":"","_et_gb_content_width":""},"product_brand":[],"product_cat":[7409,7406],"product_tag":[],"class_list":{"0":"post-19893","1":"product","2":"type-product","3":"status-publish","4":"has-post-thumbnail","6":"product_cat-deco-yang","7":"product_cat-tous-les-produits","9":"first","10":"instock","11":"taxable","12":"shipping-taxable","13":"purchasable","14":"product-type-simple"},"aioseo_notices":[],"_links":{"self":[{"href":"https:\/\/arqitecture.fr\/en\/wp-json\/wp\/v2\/product\/19893","targetHints":{"allow":["GET"]}}],"collection":[{"href":"https:\/\/arqitecture.fr\/en\/wp-json\/wp\/v2\/product"}],"about":[{"href":"https:\/\/arqitecture.fr\/en\/wp-json\/wp\/v2\/types\/product"}],"wp:featuredmedia":[{"embeddable":true,"href":"https:\/\/arqitecture.fr\/en\/wp-json\/wp\/v2\/media\/19896"}],"wp:attachment":[{"href":"https:\/\/arqitecture.fr\/en\/wp-json\/wp\/v2\/media?parent=19893"}],"wp:term":[{"taxonomy":"product_brand","embeddable":true,"href":"https:\/\/arqitecture.fr\/en\/wp-json\/wp\/v2\/product_brand?post=19893"},{"taxonomy":"product_cat","embeddable":true,"href":"https:\/\/arqitecture.fr\/en\/wp-json\/wp\/v2\/product_cat?post=19893"},{"taxonomy":"product_tag","embeddable":true,"href":"https:\/\/arqitecture.fr\/en\/wp-json\/wp\/v2\/product_tag?post=19893"}],"curies":[{"name":"wp","href":"https:\/\/api.w.org\/{rel}","templated":true}]}}