{"id":19885,"date":"2024-04-09T18:42:40","date_gmt":"2024-04-09T16:42:40","guid":{"rendered":"https:\/\/arqitecture.fr\/?post_type=product&#038;p=19885"},"modified":"2024-10-28T16:31:52","modified_gmt":"2024-10-28T15:31:52","slug":"vase-jarre-koi-poisson-h73cm-resine-blanc-2","status":"publish","type":"product","link":"https:\/\/arqitecture.fr\/en\/product\/vase-jarre-koi-poisson-h73cm-resine-blanc-2\/","title":{"rendered":"Vase Jarre Ko\u00ef Poisson H73cm, R\u00e9sine Blanc"},"content":{"rendered":"<p>\u25ba Il fera le plus bel effet \u263c \u00e0 m\u00eame le sol<\/p>\n<p>\u25ba D\u00e9coration d&rsquo;angle, d&rsquo;entr\u00e9e, de couloir, de bureau, salle \u00e0 manger ou salon<\/p>\n<p>\u25ba Cadeau de remerciements, No\u00ebl, anniversaire, cr\u00e9maill\u00e8re ou St Valentin<\/p>\n<p>&nbsp;<\/p>\n<p>The Koi Carp represents strength and perseverance because it swims upstream against the rivers and waterfalls (like salmon) of Japan and Asia to reproduce and die.<\/p>\n<p>The fish is the symbol of the Water element, in which it lives, of luck, fertility, abundance and therefore of life.<\/p>\n<p>The history of fish in our oceans dates back 530 million years.<\/p>\n<p>The Age of Fish began in year 0 and will end around 2150.<\/p>\n<p>Pisces is the last of the 12 astrological signs.<\/p>\n<p>Pisces is linked to the 12th house, that of universalism, receptivity and the abolition of limits.<\/p>\n<p>The fish chakra is the 3rd eye.<\/p>\n<p>The fish is one of the signs of recognition of Christians throughout the world for centuries.<\/p>\n<p>Eating well-selected fatty fish is excellent for brain health.<\/p>","protected":false},"excerpt":{"rendered":"<p>Grand vase de sol blanc avec des carpes Ko\u00ef comme motifs.<\/p>\n<p>R\u00e9sine blanc et poissons noirs en relief.<\/p>\n<p>Qualit\u00e9 et d\u00e9tails.<\/p>\n<p>Imperm\u00e9able<\/p>\n<p>H 73 cm<\/p>\n<p>Diam\u00e8tre 35 cm<\/p>\n<p>Ouverture vase: diam 12,5 cm<\/p>\n<p>&nbsp;<\/p>","protected":false},"featured_media":19886,"template":"","meta":{"_et_pb_use_builder":"","_et_pb_old_content":"","_et_gb_content_width":""},"product_brand":[],"product_cat":[7410,7406],"product_tag":[],"class_list":{"0":"post-19885","1":"product","2":"type-product","3":"status-publish","4":"has-post-thumbnail","6":"product_cat-deco-animaux","7":"product_cat-tous-les-produits","9":"first","10":"instock","11":"taxable","12":"shipping-taxable","13":"purchasable","14":"product-type-simple"},"aioseo_notices":[],"_links":{"self":[{"href":"https:\/\/arqitecture.fr\/en\/wp-json\/wp\/v2\/product\/19885","targetHints":{"allow":["GET"]}}],"collection":[{"href":"https:\/\/arqitecture.fr\/en\/wp-json\/wp\/v2\/product"}],"about":[{"href":"https:\/\/arqitecture.fr\/en\/wp-json\/wp\/v2\/types\/product"}],"wp:featuredmedia":[{"embeddable":true,"href":"https:\/\/arqitecture.fr\/en\/wp-json\/wp\/v2\/media\/19886"}],"wp:attachment":[{"href":"https:\/\/arqitecture.fr\/en\/wp-json\/wp\/v2\/media?parent=19885"}],"wp:term":[{"taxonomy":"product_brand","embeddable":true,"href":"https:\/\/arqitecture.fr\/en\/wp-json\/wp\/v2\/product_brand?post=19885"},{"taxonomy":"product_cat","embeddable":true,"href":"https:\/\/arqitecture.fr\/en\/wp-json\/wp\/v2\/product_cat?post=19885"},{"taxonomy":"product_tag","embeddable":true,"href":"https:\/\/arqitecture.fr\/en\/wp-json\/wp\/v2\/product_tag?post=19885"}],"curies":[{"name":"wp","href":"https:\/\/api.w.org\/{rel}","templated":true}]}}