{"id":19873,"date":"2024-08-23T17:18:47","date_gmt":"2024-08-23T15:18:47","guid":{"rendered":"https:\/\/arqitecture.fr\/?post_type=product&#038;p=19873"},"modified":"2024-12-12T14:11:51","modified_gmt":"2024-12-12T13:11:51","slug":"sculpture-poule-h28cm-terre-raku","status":"publish","type":"product","link":"https:\/\/arqitecture.fr\/en\/product\/sculpture-poule-h28cm-terre-raku\/","title":{"rendered":"Sculpture Poule H28cm, Terre Raku"},"content":{"rendered":"<p>\u25ba Fera le plus bel effet \u263c \u00e0 m\u00eame le sol, sur une console, une colonne ou une \u00e9tag\u00e8re<\/p>\n<p>\u25ba Ambiance contemporaine<\/p>\n<p>\u25ba Office or living room decoration<\/p>\n<p>\u25ba Cadeau id\u00e9al pour les passionn\u00e9s de raku<\/p>\n<p>\u25ba Gift for Valentine&#039;s Day, Christmas, wedding, birthday or housewarming<\/p>\n<p>&nbsp;<\/p>\n<p>Le Raku est une technique de cuisson japonais : le bonheur dans le hasard.<\/p>\n<p>Les terres \u00e0 Raku sont des terres \u00e0 gr\u00e8s.<\/p>","protected":false},"excerpt":{"rendered":"<p>Sculpture d&rsquo;une poule d\u00e9corative color\u00e9e marron et verte.<\/p>\n<p>En terre recouverte d&rsquo;\u00e9mail cuite dans un four \u00e0 Raku.<\/p>\n<p>H 28 cm\u00a0 ; L 20 cm ; l 32 cm<\/p>\n<p>Poids 3,630g<\/p>","protected":false},"featured_media":19874,"template":"","meta":{"_et_pb_use_builder":"","_et_pb_old_content":"","_et_gb_content_width":""},"product_brand":[],"product_cat":[7410,7406],"product_tag":[],"class_list":{"0":"post-19873","1":"product","2":"type-product","3":"status-publish","4":"has-post-thumbnail","6":"product_cat-deco-animaux","7":"product_cat-tous-les-produits","9":"first","10":"instock","11":"taxable","12":"shipping-taxable","13":"purchasable","14":"product-type-simple"},"aioseo_notices":[],"_links":{"self":[{"href":"https:\/\/arqitecture.fr\/en\/wp-json\/wp\/v2\/product\/19873","targetHints":{"allow":["GET"]}}],"collection":[{"href":"https:\/\/arqitecture.fr\/en\/wp-json\/wp\/v2\/product"}],"about":[{"href":"https:\/\/arqitecture.fr\/en\/wp-json\/wp\/v2\/types\/product"}],"wp:featuredmedia":[{"embeddable":true,"href":"https:\/\/arqitecture.fr\/en\/wp-json\/wp\/v2\/media\/19874"}],"wp:attachment":[{"href":"https:\/\/arqitecture.fr\/en\/wp-json\/wp\/v2\/media?parent=19873"}],"wp:term":[{"taxonomy":"product_brand","embeddable":true,"href":"https:\/\/arqitecture.fr\/en\/wp-json\/wp\/v2\/product_brand?post=19873"},{"taxonomy":"product_cat","embeddable":true,"href":"https:\/\/arqitecture.fr\/en\/wp-json\/wp\/v2\/product_cat?post=19873"},{"taxonomy":"product_tag","embeddable":true,"href":"https:\/\/arqitecture.fr\/en\/wp-json\/wp\/v2\/product_tag?post=19873"}],"curies":[{"name":"wp","href":"https:\/\/api.w.org\/{rel}","templated":true}]}}