{"id":19753,"date":"2024-04-16T16:29:34","date_gmt":"2024-04-16T14:29:34","guid":{"rendered":"https:\/\/arqitecture.fr\/?post_type=product&#038;p=19753"},"modified":"2024-10-07T11:56:00","modified_gmt":"2024-10-07T09:56:00","slug":"fontaine-mur-deau-motif-feuilles-metal-verre-de-miroir-noir-h181-cm","status":"publish","type":"product","link":"https:\/\/arqitecture.fr\/en\/product\/fontaine-mur-deau-motif-feuilles-metal-verre-de-miroir-noir-h181-cm\/","title":{"rendered":"Fontaine mur d&rsquo;eau, Motif feuilles, M\u00e9tal, Verre de miroir, Noir H181 cm"},"content":{"rendered":"<p>\u25ba Elle attirera tous les regards \u263c<\/p>\n<p>\u25ba Pour une touche de fraicheur et d\u00e9tente<\/p>\n<p>\u25ba D\u00e9coration d&rsquo;entr\u00e9e, de bureau ou terrasse \/ v\u00e9randa<\/p>\n<p>\u25ba Cadeau de cr\u00e9maill\u00e8re, d&rsquo;anniversaire ou de mariage<\/p>\n<p>&nbsp;<\/p>\n<p><span class=\"ILfuVd\" lang=\"fr\"><span class=\"d9FyLd\"><b>\u262f <\/b><\/span><\/span>D\u00e9coration Feng shui primordiale<\/p>\n<p>Symbole de richesse, l&rsquo;eau est un \u00e9l\u00e9ment Yang.<\/p>\n<p>L&rsquo;eau est la force la plus puissante en Feng Shui.<\/p>\n<p>\u00ab\u00a0Un lieu qui capte l&rsquo;eau est plus fort que celui qui capte le vent.\u00a0\u00bb<\/p>\n<p>L&rsquo;eau retient le Qi, le capte, elle l&rsquo;active, le cumul, en d\u00e9cuple les effets et le renforce.<\/p>\n<p>&nbsp;<\/p>\n<p>\u25ba Une fontaine avec de l&rsquo;eau mobile est \u00e0 placer uniquement dans un secteur o\u00f9 cet \u00e9l\u00e9ment est recommand\u00e9 (charte maison + \u00e9toiles volantes de l&rsquo;ann\u00e9e).<\/p>\n<p>\u25ba L&rsquo;Eau gouverne les aspects professionnelles, la carri\u00e8re, les finances et l&rsquo;ascension sociale.<\/p>\n<p>Correctement positionner succ\u00e8s et fortune assur\u00e9e, on parle ici plus de rivi\u00e8re o\u00f9 le sens et la direction de l&rsquo;\u00e9coulement est important (en fonction de la porte d&rsquo;entr\u00e9e ou fa\u00e7ade).<\/p>\n<p>Le Feng Shui compte plus d&rsquo;une dizaine de crit\u00e8res et formules afin de choisir le bon emplacement\u2026<\/p>\n<p>&nbsp;<\/p>\n<p>Une fontaine d&rsquo;int\u00e9rieur purifie l&rsquo;air en captant les poussi\u00e8res pr\u00e9sentes dans l&rsquo;air.<\/p>\n<p>Utiliser de l&rsquo;eau distill\u00e9e, d\u00e9min\u00e9ralis\u00e9e pour limiter les algues et tartre ou changer l&rsquo;eau r\u00e9guli\u00e8rement.<\/p>\n<p>A mettre bien de niveau, \u00e0 plat, pour un \u00e9coulement de l&rsquo;eau bien reparti.<\/p>","protected":false},"excerpt":{"rendered":"<p>Fontaine mur d&rsquo;eau avec sur la cascade un motif de feuilles jaune dor\u00e9.<\/p>\n<p>Socle et cadre en m\u00e9tal noir<\/p>\n<p>Ext\u00e9rieur ou int\u00e9rieur<\/p>\n<p>Eclairage LED (c\u00e2ble de raccordement de 10m)<\/p>\n<p>Miroir en verre avec motif de feuilles<\/p>\n<p>Pierres de rivi\u00e8re incluses<\/p>\n<p>Pompe immerg\u00e9e 220-240V 50Hz 25W avec 10m de c\u00e2ble de raccordement.<\/p>\n<p>Hauteur : 180 cm<\/p>\n<p>Longueur : 25 cm<\/p>\n<p>Envergure 48 cm<\/p>\n<p>Capacit\u00e9: 0,022m\u00b3 \u02dc 22 litres<\/p>\n<p>&nbsp;<\/p>","protected":false},"featured_media":19822,"template":"","meta":{"_et_pb_use_builder":"","_et_pb_old_content":"","_et_gb_content_width":""},"product_brand":[],"product_cat":[7414,7406],"product_tag":[8119,8354,9150,8117,7995,8025,7999,8213,8000],"class_list":{"0":"post-19753","1":"product","2":"type-product","3":"status-publish","4":"has-post-thumbnail","6":"product_cat-deco-eau","7":"product_cat-tous-les-produits","8":"product_tag-argente","9":"product_tag-banc-de-poissons","10":"product_tag-casablanca","11":"product_tag-ceramique","12":"product_tag-deco","13":"product_tag-fontaine","14":"product_tag-metal","15":"product_tag-poissons","16":"product_tag-sculpture","18":"first","19":"instock","20":"taxable","21":"shipping-taxable","22":"purchasable","23":"product-type-simple"},"aioseo_notices":[],"_links":{"self":[{"href":"https:\/\/arqitecture.fr\/en\/wp-json\/wp\/v2\/product\/19753","targetHints":{"allow":["GET"]}}],"collection":[{"href":"https:\/\/arqitecture.fr\/en\/wp-json\/wp\/v2\/product"}],"about":[{"href":"https:\/\/arqitecture.fr\/en\/wp-json\/wp\/v2\/types\/product"}],"wp:featuredmedia":[{"embeddable":true,"href":"https:\/\/arqitecture.fr\/en\/wp-json\/wp\/v2\/media\/19822"}],"wp:attachment":[{"href":"https:\/\/arqitecture.fr\/en\/wp-json\/wp\/v2\/media?parent=19753"}],"wp:term":[{"taxonomy":"product_brand","embeddable":true,"href":"https:\/\/arqitecture.fr\/en\/wp-json\/wp\/v2\/product_brand?post=19753"},{"taxonomy":"product_cat","embeddable":true,"href":"https:\/\/arqitecture.fr\/en\/wp-json\/wp\/v2\/product_cat?post=19753"},{"taxonomy":"product_tag","embeddable":true,"href":"https:\/\/arqitecture.fr\/en\/wp-json\/wp\/v2\/product_tag?post=19753"}],"curies":[{"name":"wp","href":"https:\/\/api.w.org\/{rel}","templated":true}]}}