{"id":19750,"date":"2024-01-15T15:06:07","date_gmt":"2024-01-15T14:06:07","guid":{"rendered":"https:\/\/arqitecture.fr\/?post_type=product&#038;p=19750"},"modified":"2024-10-08T11:07:58","modified_gmt":"2024-10-08T09:07:58","slug":"meuble-canape-metal-tissu-beige-l59cm","status":"publish","type":"product","link":"https:\/\/arqitecture.fr\/en\/product\/meuble-canape-metal-tissu-beige-l59cm\/","title":{"rendered":"Meuble Canap\u00e9 CONNECT M\u00e9tal, tissu beige L59cm"},"content":{"rendered":"<p>\u25ba Central element of the living room, it will attract all eyes<\/p>\n<p>\u25ba It will look great \u263c in many types of interiors<\/p>\n<p>\u25ba Exotic nature atmosphere<\/p>\n<p>\u25ba Adds a timeless touch<\/p>\n<p>\u25ba Furniture for living room, office, hotels or bedroom<\/p>\n<p>&nbsp;<\/p>\n<p>The first seats with armrests, ancestors of the current sofa, were created in the 18th century.<\/p>\n<p>They were conducive to dialogue thanks to the comfort of a padded seat.<\/p>\n<p>It was in 1865 by an Englishman that the sofa or couch as we know it was invented.<\/p>\n<p>The idea of not only sitting but also lying down and sleeping materialized.<\/p>","protected":false},"excerpt":{"rendered":"<p>El\u00e9gant et large canap\u00e9 couleur beige avec un cadre en m\u00e9tal noir.<\/p>\n<p><span style=\"text-decoration: underline;\">Matter<\/span>:<\/p>\n<p>Tissu beige<\/p>\n<p>Dimension: Longueur 59 cm, l&rsquo;envergure 92 cm, Hauteur 75 cm<\/p>\n<p>Hauteur du si\u00e8ge: H 44 cm<\/p>\n<p>Weight: 100 kg<\/p>\n<p>&nbsp;<\/p>","protected":false},"featured_media":19827,"template":"","meta":{"_et_pb_use_builder":"","_et_pb_old_content":"","_et_gb_content_width":""},"product_brand":[],"product_cat":[7413,7408,7406],"product_tag":[9150],"class_list":{"0":"post-19750","1":"product","2":"type-product","3":"status-publish","4":"has-post-thumbnail","6":"product_cat-deco-bois","7":"product_cat-deco-yin","8":"product_cat-tous-les-produits","9":"product_tag-casablanca","11":"first","12":"outofstock","13":"taxable","14":"shipping-taxable","15":"purchasable","16":"product-type-simple"},"aioseo_notices":[],"_links":{"self":[{"href":"https:\/\/arqitecture.fr\/en\/wp-json\/wp\/v2\/product\/19750","targetHints":{"allow":["GET"]}}],"collection":[{"href":"https:\/\/arqitecture.fr\/en\/wp-json\/wp\/v2\/product"}],"about":[{"href":"https:\/\/arqitecture.fr\/en\/wp-json\/wp\/v2\/types\/product"}],"wp:featuredmedia":[{"embeddable":true,"href":"https:\/\/arqitecture.fr\/en\/wp-json\/wp\/v2\/media\/19827"}],"wp:attachment":[{"href":"https:\/\/arqitecture.fr\/en\/wp-json\/wp\/v2\/media?parent=19750"}],"wp:term":[{"taxonomy":"product_brand","embeddable":true,"href":"https:\/\/arqitecture.fr\/en\/wp-json\/wp\/v2\/product_brand?post=19750"},{"taxonomy":"product_cat","embeddable":true,"href":"https:\/\/arqitecture.fr\/en\/wp-json\/wp\/v2\/product_cat?post=19750"},{"taxonomy":"product_tag","embeddable":true,"href":"https:\/\/arqitecture.fr\/en\/wp-json\/wp\/v2\/product_tag?post=19750"}],"curies":[{"name":"wp","href":"https:\/\/api.w.org\/{rel}","templated":true}]}}