{"id":19677,"date":"2024-03-12T15:07:55","date_gmt":"2024-03-12T14:07:55","guid":{"rendered":"https:\/\/arqitecture.fr\/?post_type=product&#038;p=19677"},"modified":"2025-10-03T15:11:06","modified_gmt":"2025-10-03T13:11:06","slug":"sculpture-pomme-blanche-h12cm-ceramique","status":"publish","type":"product","link":"https:\/\/arqitecture.fr\/en\/product\/sculpture-pomme-blanche-h12cm-ceramique\/","title":{"rendered":"Sculpture Pomme Blanche H13,5cm, C\u00e9ramique"},"content":{"rendered":"<p>\u25ba Elle fera le plus bel effet \u263c sur une table, une console, un meuble bas ou encore sur une \u00e9tag\u00e8re<\/p>\n<p>\u25ba Ambiance nature<\/p>\n<p>\u25ba D\u00e9coration de table, cuisine, salle \u00e0 manger ou salon<\/p>\n<p>\u25ba Decoration of lodges and guest houses by the sea or ocean<\/p>\n<p>\u25ba Cadeau pour une cr\u00e9maill\u00e8re, de remerciements, d&rsquo;anniversaire ou f\u00eate des M\u00e8res<\/p>\n<p>&nbsp;<\/p>\n<p>La pomme est l&rsquo;image de la f\u00e9minit\u00e9 et de la volupt\u00e9.<\/p>\n<p>Avoir une pomme sur une table est un signe d&rsquo;hospitalit\u00e9.<\/p>","protected":false},"excerpt":{"rendered":"<p>Pomme blanche pour d\u00e9corer votre int\u00e9rieur.<\/p>\n<p>Une objet des plus tendances qui pourra apporter une touche gourmande \u00e0 votre table.<\/p>\n<p>En c\u00e9ramique laqu\u00e9e.<\/p>\n<p>H 13,5 cm<\/p>\n<p>&nbsp;<\/p>","protected":false},"featured_media":19678,"template":"","meta":{"_et_pb_use_builder":"","_et_pb_old_content":"","_et_gb_content_width":""},"product_brand":[],"product_cat":[7415,7406],"product_tag":[8117,7995,7992,8099,8098,8100],"class_list":{"0":"post-19677","1":"product","2":"type-product","3":"status-publish","4":"has-post-thumbnail","6":"product_cat-deco-terre","7":"product_cat-tous-les-produits","8":"product_tag-ceramique","9":"product_tag-deco","10":"product_tag-decoration","11":"product_tag-pomme","12":"product_tag-rouge","13":"product_tag-table","15":"first","16":"instock","17":"taxable","18":"shipping-taxable","19":"purchasable","20":"product-type-simple"},"aioseo_notices":[],"_links":{"self":[{"href":"https:\/\/arqitecture.fr\/en\/wp-json\/wp\/v2\/product\/19677","targetHints":{"allow":["GET"]}}],"collection":[{"href":"https:\/\/arqitecture.fr\/en\/wp-json\/wp\/v2\/product"}],"about":[{"href":"https:\/\/arqitecture.fr\/en\/wp-json\/wp\/v2\/types\/product"}],"wp:featuredmedia":[{"embeddable":true,"href":"https:\/\/arqitecture.fr\/en\/wp-json\/wp\/v2\/media\/19678"}],"wp:attachment":[{"href":"https:\/\/arqitecture.fr\/en\/wp-json\/wp\/v2\/media?parent=19677"}],"wp:term":[{"taxonomy":"product_brand","embeddable":true,"href":"https:\/\/arqitecture.fr\/en\/wp-json\/wp\/v2\/product_brand?post=19677"},{"taxonomy":"product_cat","embeddable":true,"href":"https:\/\/arqitecture.fr\/en\/wp-json\/wp\/v2\/product_cat?post=19677"},{"taxonomy":"product_tag","embeddable":true,"href":"https:\/\/arqitecture.fr\/en\/wp-json\/wp\/v2\/product_tag?post=19677"}],"curies":[{"name":"wp","href":"https:\/\/api.w.org\/{rel}","templated":true}]}}