{"id":19663,"date":"2024-01-19T09:37:14","date_gmt":"2024-01-19T08:37:14","guid":{"rendered":"https:\/\/arqitecture.fr\/?post_type=product&#038;p=19663"},"modified":"2024-12-16T14:18:44","modified_gmt":"2024-12-16T13:18:44","slug":"statue-serre-livres-bouddha-h24cm-resine","status":"publish","type":"product","link":"https:\/\/arqitecture.fr\/en\/product\/statue-serre-livres-bouddha-h24cm-resine\/","title":{"rendered":"Statue serre-livres Bouddha H24cm, R\u00e9sine"},"content":{"rendered":"<p>\u25ba Il fera le plus bel effet \u263c sur une \u00e9tag\u00e8re ou biblioth\u00e8que<\/p>\n<p>\u25ba Zen and relaxed atmosphere<\/p>\n<p>\u25ba Decoration of entrance, office or living room<\/p>\n<p>\u25ba Thank you gift, Valentine&#039;s Day, Mother&#039;s Day<\/p>\n<p>&nbsp;<\/p>\n<p><span class=\"ILfuVd\" lang=\"fr\"><span class=\"d9FyLd\"><b>\u262f <\/b><\/span><\/span>Popular Feng shui decoration because its presence in a living space brings happiness and serenity.<\/p>\n<p>\u25ba To be placed looking towards a door and especially not under a staircase.<\/p>\n<p>Decorative Asian art to place in a meditative space for a moment of rest and relaxation.<\/p>\n<p>A touch of exoticism and spirituality in its interior decoration.<\/p>","protected":false},"excerpt":{"rendered":"<p>Serre-livres statue bouddha assis en position lotus entrain de m\u00e9diter.<\/p>\n<p>Fabriqu\u00e9e en polyr\u00e9sine teint\u00e9e noire.<\/p>\n<p>H 24 cm<\/p>\n<p>L 8,5 cm (socle carr\u00e9)<\/p>\n<p>&nbsp;<\/p>","protected":false},"featured_media":19668,"template":"","meta":{"_et_pb_use_builder":"","_et_pb_old_content":"","_et_gb_content_width":""},"product_brand":[],"product_cat":[7408,7406],"product_tag":[8023,8013,8005],"class_list":{"0":"post-19663","1":"product","2":"type-product","3":"status-publish","4":"has-post-thumbnail","6":"product_cat-deco-yin","7":"product_cat-tous-les-produits","8":"product_tag-bouddha","9":"product_tag-resine","10":"product_tag-statue","11":"pa_hauteur-24cm","13":"first","14":"instock","15":"taxable","16":"shipping-taxable","17":"purchasable","18":"product-type-simple"},"aioseo_notices":[],"_links":{"self":[{"href":"https:\/\/arqitecture.fr\/en\/wp-json\/wp\/v2\/product\/19663","targetHints":{"allow":["GET"]}}],"collection":[{"href":"https:\/\/arqitecture.fr\/en\/wp-json\/wp\/v2\/product"}],"about":[{"href":"https:\/\/arqitecture.fr\/en\/wp-json\/wp\/v2\/types\/product"}],"wp:featuredmedia":[{"embeddable":true,"href":"https:\/\/arqitecture.fr\/en\/wp-json\/wp\/v2\/media\/19668"}],"wp:attachment":[{"href":"https:\/\/arqitecture.fr\/en\/wp-json\/wp\/v2\/media?parent=19663"}],"wp:term":[{"taxonomy":"product_brand","embeddable":true,"href":"https:\/\/arqitecture.fr\/en\/wp-json\/wp\/v2\/product_brand?post=19663"},{"taxonomy":"product_cat","embeddable":true,"href":"https:\/\/arqitecture.fr\/en\/wp-json\/wp\/v2\/product_cat?post=19663"},{"taxonomy":"product_tag","embeddable":true,"href":"https:\/\/arqitecture.fr\/en\/wp-json\/wp\/v2\/product_tag?post=19663"}],"curies":[{"name":"wp","href":"https:\/\/api.w.org\/{rel}","templated":true}]}}