{"id":19301,"date":"2024-02-15T10:34:37","date_gmt":"2024-02-15T09:34:37","guid":{"rendered":"https:\/\/arqitecture.fr\/produit\/peinture-sur-toile-abstraite-autres-tailles-et-couleurs\/"},"modified":"2026-01-20T17:59:13","modified_gmt":"2026-01-20T16:59:13","slug":"peinture-sur-toile-abstraite-autres-tailles-et-couleurs","status":"publish","type":"product","link":"https:\/\/arqitecture.fr\/en\/product\/peinture-sur-toile-abstraite-autres-tailles-et-couleurs\/","title":{"rendered":"Peinture sur toile Abstraite, autres tailles et couleurs"},"content":{"rendered":"<p>\u25ba Tableau mural qui attire tous les regards<\/p>\n<p>\u25ba Will look great on \u263c a light tone wall<\/p>\n<p>\u25ba Festive, warm and dynamic atmosphere<\/p>\n<p>\u25ba Decoration of entrance, office, meeting room or living room<\/p>\n<p>\u25ba Decoration of hotels, restaurants or bars<\/p>\n<p>\u25ba Gift for a partner, family member or friends<\/p>\n<p>\u25ba Gift for a birthday, retirement or housewarming<\/p>\n<p>&nbsp;<\/p>\n<p>\u25ba L\u2019association de l\u2019art et de la po\u00e9sie est la recette du succ\u00e8s d&rsquo;un tableau.<\/p>","protected":false},"excerpt":{"rendered":"<p>D\u00e9coration murale d&rsquo;une peinture sur toile de type abstraite.<\/p>\n<p>Toile de forme rectangle.<\/p>\n<p>Plusieurs types de cadres convient: gris, noir ou blanc<\/p>\n<div class=\"product-specs-list-container\">\n<p><span class=\"property-desc line-limit-length\">A positionner verticalement.<\/span><\/p>\n<p><span class=\"property-desc line-limit-length\">Peinture par pulv\u00e9risation \u00e0 l&rsquo;encre imperm\u00e9able \u00e0 l&rsquo;eau.<\/span><\/p>\n<p><span class=\"property-title\">Supporte base:\u00a0<\/span><span class=\"property-desc line-limit-length\">Canvas<\/span><\/p>\n<\/div>\n<div class=\"product-specs-list-container\">\n<p>Vendu s\u00e9par\u00e9ment et sans cadre<\/p>\n<\/div>","protected":false},"featured_media":19359,"template":"","meta":{"_et_pb_use_builder":"","_et_pb_old_content":"","_et_gb_content_width":""},"product_brand":[],"product_cat":[7409,7406],"product_tag":[],"class_list":{"0":"post-19301","1":"product","2":"type-product","3":"status-publish","4":"has-post-thumbnail","6":"product_cat-deco-yang","7":"product_cat-tous-les-produits","8":"product_shipping_class-colissimo","9":"pa_couleur-a","10":"pa_couleur-b","11":"pa_couleur-c","13":"first","14":"instock","15":"taxable","16":"shipping-taxable","17":"purchasable","18":"product-type-variable"},"aioseo_notices":[],"_links":{"self":[{"href":"https:\/\/arqitecture.fr\/en\/wp-json\/wp\/v2\/product\/19301","targetHints":{"allow":["GET"]}}],"collection":[{"href":"https:\/\/arqitecture.fr\/en\/wp-json\/wp\/v2\/product"}],"about":[{"href":"https:\/\/arqitecture.fr\/en\/wp-json\/wp\/v2\/types\/product"}],"wp:featuredmedia":[{"embeddable":true,"href":"https:\/\/arqitecture.fr\/en\/wp-json\/wp\/v2\/media\/19359"}],"wp:attachment":[{"href":"https:\/\/arqitecture.fr\/en\/wp-json\/wp\/v2\/media?parent=19301"}],"wp:term":[{"taxonomy":"product_brand","embeddable":true,"href":"https:\/\/arqitecture.fr\/en\/wp-json\/wp\/v2\/product_brand?post=19301"},{"taxonomy":"product_cat","embeddable":true,"href":"https:\/\/arqitecture.fr\/en\/wp-json\/wp\/v2\/product_cat?post=19301"},{"taxonomy":"product_tag","embeddable":true,"href":"https:\/\/arqitecture.fr\/en\/wp-json\/wp\/v2\/product_tag?post=19301"}],"curies":[{"name":"wp","href":"https:\/\/api.w.org\/{rel}","templated":true}]}}