{"id":19286,"date":"2024-02-25T07:44:23","date_gmt":"2024-02-25T06:44:23","guid":{"rendered":"https:\/\/arqitecture.fr\/produit\/taiji-yin-yang-decor-mural-29-cm-metal\/"},"modified":"2024-09-16T11:27:15","modified_gmt":"2024-09-16T09:27:15","slug":"taiji-yin-yang-decor-mural-29-cm-metal","status":"publish","type":"product","link":"https:\/\/arqitecture.fr\/en\/product\/taiji-yin-yang-decor-mural-29-cm-metal\/","title":{"rendered":"Yin Yang \u00ab\u00a0Tai Ji Tu\u00a0\u00bb d\u00e9cor mural 29cm, M\u00e9tal"},"content":{"rendered":"<p>\u25ba \u263c Will look great on a wall<\/p>\n<p>\u25ba Modern and soothing atmosphere<\/p>\n<p>\u25ba D\u00e9coration d&rsquo;Entr\u00e9e, de Salon, Bureau, Biblioth\u00e8que ou Jardin<\/p>\n<p>\u25ba Cadeau en toutes occasions ; les mariages, les anniversaires, la f\u00eate des p\u00e8res ou m\u00e8res, une pendaison de cr\u00e9maill\u00e8re et No\u00ebl.<\/p>\n<p>\u25ba Pour vos amis et votre famille<\/p>\n<p>&nbsp;<\/p>\n<p><span class=\"ILfuVd\" lang=\"fr\"><span class=\"d9FyLd\"><b>\u262f<\/b> Le Tai Ji repr\u00e9sente l&rsquo;absolu au travers de la dualit\u00e9 des forces du Yin et du Yang, leur compl\u00e9mentarit\u00e9, leur opposition, leur mutation de l&rsquo;un vers l&rsquo;autre dans un cycle sans fin.<\/span><\/span><\/p>\n<p>Le principe ou th\u00e9orie du Yin et du Yang est la base du Feng Shui, tout comme pour la m\u00e9decine chinoise ou l&rsquo;astrologie orientale.<\/p>\n<p>C&rsquo;est le fondement originel de l&rsquo;univers.<\/p>\n<p>&nbsp;<\/p>\n<div class=\"detailmodule_html\">\n<div class=\"detail-desc-decorate-richtext\">\n<div class=\"detailmodule_image\" style=\"font-family: 'Open Sans', Roboto, Arial, Helvetica, sans-serif, SimSun; font-size: 14px; font-weight: 400; letter-spacing: normal; text-align: center; white-space: normal; color: #000000; background-color: #ffffff; margin: 0px; padding: 0px; box-sizing: content-box;\" align=\"center\"><\/div>\n<div class=\"detailmodule_image\" style=\"font-family: 'Open Sans', Roboto, Arial, Helvetica, sans-serif, SimSun; font-size: 14px; font-weight: 400; letter-spacing: normal; text-align: center; white-space: normal; color: #000000; background-color: #ffffff; margin: 0px; padding: 0px; box-sizing: content-box;\" align=\"center\"><\/div>\n<div class=\"detailmodule_image\" style=\"font-family: 'Open Sans', Roboto, Arial, Helvetica, sans-serif, SimSun; font-size: 14px; font-weight: 400; letter-spacing: normal; text-align: start; white-space: normal; color: #000000; background-color: #ffffff; margin: 0px; padding: 0px; box-sizing: content-box;\" align=\"start\"><\/div>\n<div class=\"detailmodule_image\" style=\"font-family: 'Open Sans', Roboto, Arial, Helvetica, sans-serif, SimSun; font-size: 14px; font-weight: 400; letter-spacing: normal; text-align: start; white-space: normal; color: #000000; background-color: #ffffff; margin: 0px; padding: 0px; box-sizing: content-box;\" align=\"start\"><\/div>\n<\/div>\n<\/div>","protected":false},"excerpt":{"rendered":"<p>Originale d\u00e9coration murale du symbole du tao\u00efsme, le Tai Ji Tu combinant le Yin et le Yang.<\/p>\n<p>Il peut \u00eatre utilis\u00e9 \u00e0 l&rsquo;int\u00e9rieur et \u00e0 l&rsquo;ext\u00e9rieur.<\/p>\n<p>Mat\u00e9riel: Fer<\/p>\n<p>Peinture sp\u00e9ciale imperm\u00e9able et UV pour le couvrir, ce qui le rendra beau pour les prochaines ann\u00e9es.<\/p>\n<p>Taille: diam\u00e8tre 29 cm<\/p>","protected":false},"featured_media":19298,"template":"","meta":{"_et_pb_use_builder":"","_et_pb_old_content":"","_et_gb_content_width":""},"product_brand":[],"product_cat":[7411,7409,7408,7406],"product_tag":[],"class_list":{"0":"post-19286","1":"product","2":"type-product","3":"status-publish","4":"has-post-thumbnail","6":"product_cat-deco-metal","7":"product_cat-deco-yang","8":"product_cat-deco-yin","9":"product_cat-tous-les-produits","10":"product_shipping_class-colissimo","11":"pa_couleur-29x29cm","13":"first","14":"instock","15":"taxable","16":"shipping-taxable","17":"purchasable","18":"product-type-simple"},"aioseo_notices":[],"_links":{"self":[{"href":"https:\/\/arqitecture.fr\/en\/wp-json\/wp\/v2\/product\/19286","targetHints":{"allow":["GET"]}}],"collection":[{"href":"https:\/\/arqitecture.fr\/en\/wp-json\/wp\/v2\/product"}],"about":[{"href":"https:\/\/arqitecture.fr\/en\/wp-json\/wp\/v2\/types\/product"}],"wp:featuredmedia":[{"embeddable":true,"href":"https:\/\/arqitecture.fr\/en\/wp-json\/wp\/v2\/media\/19298"}],"wp:attachment":[{"href":"https:\/\/arqitecture.fr\/en\/wp-json\/wp\/v2\/media?parent=19286"}],"wp:term":[{"taxonomy":"product_brand","embeddable":true,"href":"https:\/\/arqitecture.fr\/en\/wp-json\/wp\/v2\/product_brand?post=19286"},{"taxonomy":"product_cat","embeddable":true,"href":"https:\/\/arqitecture.fr\/en\/wp-json\/wp\/v2\/product_cat?post=19286"},{"taxonomy":"product_tag","embeddable":true,"href":"https:\/\/arqitecture.fr\/en\/wp-json\/wp\/v2\/product_tag?post=19286"}],"curies":[{"name":"wp","href":"https:\/\/api.w.org\/{rel}","templated":true}]}}