{"id":19277,"date":"2024-02-25T07:45:46","date_gmt":"2024-02-25T06:45:46","guid":{"rendered":"https:\/\/arqitecture.fr\/produit\/yin-composer-miroir-en-bois-feng-shui-decoration-murale-boho-miroirs-de-ferme-pour-chambre-a-coucher-salon-cadeau-de-maison\/"},"modified":"2024-09-16T11:27:02","modified_gmt":"2024-09-16T09:27:02","slug":"yin-composer-miroir-en-bois-feng-shui-decoration-murale-boho-miroirs-de-ferme-pour-chambre-a-coucher-salon-cadeau-de-maison","status":"publish","type":"product","link":"https:\/\/arqitecture.fr\/en\/product\/yin-composer-miroir-en-bois-feng-shui-decoration-murale-boho-miroirs-de-ferme-pour-chambre-a-coucher-salon-cadeau-de-maison\/","title":{"rendered":"Yin Yang \u00ab\u00a0Tai Ji Tu\u00a0\u00bb d\u00e9cor mural 29cm, Bois et miroir"},"content":{"rendered":"<div class=\"product-specs-list-container\"><span style=\"white-space-collapse: preserve;\">\u25ba \u263c Will look great on a wall<\/span><\/div>\n<div><\/div>\n<div>\u25ba Modern and soothing atmosphere<\/div>\n<div><\/div>\n<div class=\"detailmodule_html\">\n<div class=\"detail-desc-decorate-richtext\">\n<div class=\"detailmodule_text-image\">\n<p>\u25ba D\u00e9coration d&rsquo;Entr\u00e9e, de Salon, Bureau ou Biblioth\u00e8que<\/p>\n<p>\u25ba Cadeau en toutes occasions ; les mariages, les anniversaires, la f\u00eate des p\u00e8res ou m\u00e8res, une pendaison de cr\u00e9maill\u00e8re et No\u00ebl.<\/p>\n<p>\u25ba Pour vos amis et votre famille<\/p>\n<p>&nbsp;<\/p>\n<p><span class=\"ILfuVd\" lang=\"fr\"><span class=\"d9FyLd\"><b>\u262f<\/b> Le Tai Ji repr\u00e9sente l&rsquo;absolu au travers de la dualit\u00e9 des forces du Yin et du Yang, leur compl\u00e9mentarit\u00e9, leur opposition, leur mutation de l&rsquo;un vers l&rsquo;autre dans un cycle sans fin.<\/span><\/span><\/p>\n<p>Le principe ou th\u00e9orie du Yin et du Yang est la base du Feng Shui, tout comme pour la m\u00e9decine chinoise ou l&rsquo;astrologie orientale.<\/p>\n<p>C&rsquo;est le fondement originel de l&rsquo;univers.<\/p>\n<\/div>\n<div class=\"detailmodule_text-image\"><\/div>\n<div class=\"detailmodule_text-image\"><\/div>\n<div class=\"detailmodule_text-image\"><\/div>\n<div class=\"detailmodule_text-image\"><\/div>\n<p>&nbsp;<\/p>\n<\/div>\n<\/div>","protected":false},"excerpt":{"rendered":"<p>Original miroir en r\u00e9f\u00e9rence au symbole du tao\u00efsme, le Tai Ji Tu combinant le Yin et le Yang.<\/p>\n<p>Fabriqu\u00e9 en Bois 3 mm et miroir (protection \u00e0 retirer)<\/p>\n<p>Peinture acrylique et bords polis.<\/p>\n<p>A suspendre \u00e0 l&rsquo;aide de sa ficelle blanche d\u00e9cor\u00e9e de 2 boules en bois.<\/p>\n<p>Diam\u00e8tre 28 cm<\/p>\n<div class=\"detailmodule_html\">\n<div class=\"detail-desc-decorate-richtext\">\n<div class=\"detailmodule_text\">\n<p class=\"detail-desc-decorate-content\" style=\"font-family: OpenSans; font-size: 14px; font-weight: 300; line-height: 20px; white-space: pre-wrap; color: #000000; margin-bottom: 12px;\">\n<\/div>\n<\/div>\n<\/div>","protected":false},"featured_media":19300,"template":"","meta":{"_et_pb_use_builder":"","_et_pb_old_content":"","_et_gb_content_width":""},"product_brand":[],"product_cat":[7413,7409,7408,7406],"product_tag":[],"class_list":{"0":"post-19277","1":"product","2":"type-product","3":"status-publish","4":"has-post-thumbnail","6":"product_cat-deco-bois","7":"product_cat-deco-yang","8":"product_cat-deco-yin","9":"product_cat-tous-les-produits","10":"product_shipping_class-colissimo","12":"first","13":"instock","14":"taxable","15":"shipping-taxable","16":"purchasable","17":"product-type-simple"},"aioseo_notices":[],"_links":{"self":[{"href":"https:\/\/arqitecture.fr\/en\/wp-json\/wp\/v2\/product\/19277","targetHints":{"allow":["GET"]}}],"collection":[{"href":"https:\/\/arqitecture.fr\/en\/wp-json\/wp\/v2\/product"}],"about":[{"href":"https:\/\/arqitecture.fr\/en\/wp-json\/wp\/v2\/types\/product"}],"wp:featuredmedia":[{"embeddable":true,"href":"https:\/\/arqitecture.fr\/en\/wp-json\/wp\/v2\/media\/19300"}],"wp:attachment":[{"href":"https:\/\/arqitecture.fr\/en\/wp-json\/wp\/v2\/media?parent=19277"}],"wp:term":[{"taxonomy":"product_brand","embeddable":true,"href":"https:\/\/arqitecture.fr\/en\/wp-json\/wp\/v2\/product_brand?post=19277"},{"taxonomy":"product_cat","embeddable":true,"href":"https:\/\/arqitecture.fr\/en\/wp-json\/wp\/v2\/product_cat?post=19277"},{"taxonomy":"product_tag","embeddable":true,"href":"https:\/\/arqitecture.fr\/en\/wp-json\/wp\/v2\/product_tag?post=19277"}],"curies":[{"name":"wp","href":"https:\/\/api.w.org\/{rel}","templated":true}]}}