{"id":19243,"date":"2024-01-12T15:57:49","date_gmt":"2024-01-12T14:57:49","guid":{"rendered":"https:\/\/arqitecture.fr\/produit\/grand-panier-de-rangement-ovale-coton-nature-ou-gris\/"},"modified":"2024-06-27T14:22:48","modified_gmt":"2024-06-27T12:22:48","slug":"grand-panier-de-rangement-ovale-coton-nature-ou-gris","status":"publish","type":"product","link":"https:\/\/arqitecture.fr\/en\/product\/grand-panier-de-rangement-ovale-coton-nature-ou-gris\/","title":{"rendered":"Panier de rangement H25cm Ovale coton, Nature ou Gris"},"content":{"rendered":"<div class=\"product-specs-list-container\">\n<div class=\"product-specs-list-container\">\n<p>\u25ba Ajoute un touche d&rsquo;\u00e9l\u00e9gance \u00e0 votre d\u00e9coration int\u00e9rieure<\/p>\n<\/div>\n<div class=\"detailmodule_html\">\n<div class=\"detail-desc-decorate-richtext\">\n<p>\u25ba Ambiance chaleureuse et naturelle<\/p>\n<p>Cadeau de pendaison de cr\u00e9maill\u00e8re, invitation \u00e0 diner ou de remerciements.<\/p>\n<p>Le panier est polyvalent et peut \u00eatre utilis\u00e9 pour les v\u00eatements sales, pour le rangement de la buanderie, ainsi que pour les jouets, les couvertures, les oreillers, les draps et plus encore.<\/p>\n<\/div>\n<\/div>\n<\/div>\n<div class=\"detailmodule_html\">\n<div class=\"detail-desc-decorate-richtext\">\n<div class=\"detailmodule_text-image\">\n<div><\/div>\n<\/div>\n<\/div>\n<\/div>","protected":false},"excerpt":{"rendered":"<div class=\"product-specs-list-container\">\n<div class=\"detailmodule_html\">\n<div class=\"detail-desc-decorate-richtext\">\n<p>Grande capacit\u00e9 pour ce panier \u00e0 la mode en corde de coton tiss\u00e9e avec poign\u00e9es et son duo de couleurs.<\/p>\n<p><span class=\"property-title\">Type du tissu: <\/span><span class=\"property-desc line-limit-length\">100% COTTON\u00a0<\/span><\/p>\n<p>Le tissu est tr\u00e8s r\u00e9sistant, pliable et peut \u00eatre facilement restaur\u00e9 \u00e0 sa forme originale.<\/p>\n<p>Les poign\u00e9es sont flexibles, durables et d\u00e9tachables.<\/p>\n<p>R\u00e9sistant \u00e0 l&rsquo;usure et pratique, il est facile \u00e0 nettoyer et lavable en machine.<\/p>\n<p>Taille : L 38 x l 25 x H 25 cm<\/p>\n<\/div>\n<\/div>\n<\/div>","protected":false},"featured_media":19267,"template":"","meta":{"_et_pb_use_builder":"","_et_pb_old_content":"","_et_gb_content_width":""},"product_brand":[],"product_cat":[7408,7406],"product_tag":[],"class_list":{"0":"post-19243","1":"product","2":"type-product","3":"status-publish","4":"has-post-thumbnail","6":"product_cat-deco-yin","7":"product_cat-tous-les-produits","8":"product_shipping_class-colissimo","9":"pa_couleur-white","10":"pa_couleur-grey-and-white","11":"pa_couleur-grey","13":"first","14":"instock","15":"taxable","16":"shipping-taxable","17":"purchasable","18":"product-type-variable"},"aioseo_notices":[],"_links":{"self":[{"href":"https:\/\/arqitecture.fr\/en\/wp-json\/wp\/v2\/product\/19243","targetHints":{"allow":["GET"]}}],"collection":[{"href":"https:\/\/arqitecture.fr\/en\/wp-json\/wp\/v2\/product"}],"about":[{"href":"https:\/\/arqitecture.fr\/en\/wp-json\/wp\/v2\/types\/product"}],"wp:featuredmedia":[{"embeddable":true,"href":"https:\/\/arqitecture.fr\/en\/wp-json\/wp\/v2\/media\/19267"}],"wp:attachment":[{"href":"https:\/\/arqitecture.fr\/en\/wp-json\/wp\/v2\/media?parent=19243"}],"wp:term":[{"taxonomy":"product_brand","embeddable":true,"href":"https:\/\/arqitecture.fr\/en\/wp-json\/wp\/v2\/product_brand?post=19243"},{"taxonomy":"product_cat","embeddable":true,"href":"https:\/\/arqitecture.fr\/en\/wp-json\/wp\/v2\/product_cat?post=19243"},{"taxonomy":"product_tag","embeddable":true,"href":"https:\/\/arqitecture.fr\/en\/wp-json\/wp\/v2\/product_tag?post=19243"}],"curies":[{"name":"wp","href":"https:\/\/api.w.org\/{rel}","templated":true}]}}