{"id":19095,"date":"2024-01-12T15:55:48","date_gmt":"2024-01-12T14:55:48","guid":{"rendered":"https:\/\/arqitecture.fr\/produit\/grand-panier-de-rangement-coton-lin-autres-motifs-dispo-2\/"},"modified":"2024-07-02T11:52:09","modified_gmt":"2024-07-02T09:52:09","slug":"grand-panier-de-rangement-coton-lin-autres-motifs-dispo-2","status":"publish","type":"product","link":"https:\/\/arqitecture.fr\/en\/product\/grand-panier-de-rangement-coton-lin-autres-motifs-dispo-2\/","title":{"rendered":"Panier de rangement H40cm Rond Lin, Autres motifs dispo"},"content":{"rendered":"<div class=\"product-specs-list-container\">\n<p>\u25ba Ajoute un touche d\u00e9co boh\u00e8me<\/p>\n<\/div>\n<div class=\"detailmodule_html\">\n<div class=\"detail-desc-decorate-richtext\">\n<p>\u25ba Ambiance authentique, chaleureuse et naturelle<\/p>\n<p>Cadeau de pendaison de cr\u00e9maill\u00e8re, invitation \u00e0 diner ou de remerciements.<\/p>\n<p>Permet de stocker des v\u00eatements propres et bien rang\u00e9s, des serviettes, des sous-v\u00eatements, des chaussettes, des jouets, des cosm\u00e9tiques, des livres, des aliments et d&rsquo;autres n\u00e9cessit\u00e9s quotidiennes.<\/p>\n<p>Conteneur de nettoyage, fournitures de salle de bain, panier \u00e0 linge, serviettes en rouleaux, rangement d\u2019articles divers, v\u00eatements, de jouets, etc.<\/p>\n<\/div>\n<\/div>","protected":false},"excerpt":{"rendered":"<p>Robuste panier \u00e0 la mode en corde de coton avec poign\u00e9es.<\/p>\n<p>Tissage 100% coton, tissu Lin.<\/p>\n<div class=\"detailmodule_html\">\n<div class=\"detail-desc-decorate-richtext\">\n<p>Le dessous est un rev\u00eatement imperm\u00e9able, propre et sain.<\/p>\n<p>Diam\u00e8tre 35 cm<\/p>\n<p>Hauteur 40 cm<\/p>\n<p>&nbsp;<\/p>\n<\/div>\n<\/div>\n<p>Couleurs au choix :<\/p>","protected":false},"featured_media":19096,"template":"","meta":{"_et_pb_use_builder":"","_et_pb_old_content":"","_et_gb_content_width":""},"product_brand":[],"product_cat":[7408,7406],"product_tag":[],"class_list":{"0":"post-19095","1":"product","2":"type-product","3":"status-publish","4":"has-post-thumbnail","6":"product_cat-deco-yin","7":"product_cat-tous-les-produits","8":"product_shipping_class-colissimo","9":"pa_couleur-beige-35x40cm","10":"pa_couleur-solid-white-35x40cm","11":"pa_couleur-white-35x40cm","12":"pa_couleur-w-black-gray-35x40cm","13":"pa_couleur-gray-35x40cm","14":"pa_couleur-white-black-35x40cm","16":"first","17":"instock","18":"taxable","19":"shipping-taxable","20":"purchasable","21":"product-type-variable"},"aioseo_notices":[],"_links":{"self":[{"href":"https:\/\/arqitecture.fr\/en\/wp-json\/wp\/v2\/product\/19095","targetHints":{"allow":["GET"]}}],"collection":[{"href":"https:\/\/arqitecture.fr\/en\/wp-json\/wp\/v2\/product"}],"about":[{"href":"https:\/\/arqitecture.fr\/en\/wp-json\/wp\/v2\/types\/product"}],"wp:featuredmedia":[{"embeddable":true,"href":"https:\/\/arqitecture.fr\/en\/wp-json\/wp\/v2\/media\/19096"}],"wp:attachment":[{"href":"https:\/\/arqitecture.fr\/en\/wp-json\/wp\/v2\/media?parent=19095"}],"wp:term":[{"taxonomy":"product_brand","embeddable":true,"href":"https:\/\/arqitecture.fr\/en\/wp-json\/wp\/v2\/product_brand?post=19095"},{"taxonomy":"product_cat","embeddable":true,"href":"https:\/\/arqitecture.fr\/en\/wp-json\/wp\/v2\/product_cat?post=19095"},{"taxonomy":"product_tag","embeddable":true,"href":"https:\/\/arqitecture.fr\/en\/wp-json\/wp\/v2\/product_tag?post=19095"}],"curies":[{"name":"wp","href":"https:\/\/api.w.org\/{rel}","templated":true}]}}