{"id":19048,"date":"2024-01-11T11:59:01","date_gmt":"2024-01-11T10:59:01","guid":{"rendered":"https:\/\/arqitecture.fr\/produit\/panier-jardiniere-et-motifs-macrame-rotin-et-cordes\/"},"modified":"2024-06-03T15:33:18","modified_gmt":"2024-06-03T13:33:18","slug":"panier-jardiniere-et-motifs-macrame-rotin-et-cordes","status":"publish","type":"product","link":"https:\/\/arqitecture.fr\/en\/product\/panier-jardiniere-et-motifs-macrame-rotin-et-cordes\/","title":{"rendered":"Panier jardini\u00e8re et motifs macram\u00e9, Rotin et cordes"},"content":{"rendered":"<div class=\"et_pb_module et_pb_wc_description et_pb_wc_description_0_tb_body et_pb_bg_layout_light et_pb_text_align_left\">\n<div class=\"et_pb_module_inner\">\n<p>\u25ba Ajoute un touche d\u00e9co boh\u00e8me<\/p>\n<p>\u25ba Ambiance authentique, chaleureuse et naturelle<\/p>\n<p>Cadeau de pendaison de cr\u00e9maill\u00e8re, invitation \u00e0 diner ou de remerciements.<\/p>\n<p>Convient \u00e0 tous les coins de la maison, couloir, salon, chambre d&rsquo;enfant ou salle de bain.<\/p>\n<p>&nbsp;<\/p>\n<\/div>\n<p>Le Macram\u00e9 est une technique cr\u00e9ative ou art qui consiste \u00e0 faire des motifs en faisant des n\u0153uds avec une ou plusieurs cordes.<\/p>\n<p>Technique ancienne de fabrication manuelle d&rsquo;objets uniques et originaux dans plusieurs cultures dans le monde.<\/p>\n<\/div>\n<div class=\"detailmodule_html\">\n<div class=\"detail-desc-decorate-richtext\">\n<div style=\"font-size: 18px;\"><\/div>\n<\/div>\n<\/div>","protected":false},"excerpt":{"rendered":"<p>Charmant panier de jardini\u00e8re avec poign\u00e9es et motifs artistiques losanges via technique du macram\u00e9.<\/p>\n<p>Cachez un disgracieux pot de fleurs en plastique de plantes en le d\u00e9posant \u00e0 l&rsquo;int\u00e9rieur du panier.<\/p>\n<p><span class=\"property-title\">Fabriqu\u00e9 en rotin et paille<\/span><span class=\"property-desc line-limit-length\">. Corde en coton.<\/span><\/p>\n<p>Mat\u00e9riaux durables et imperm\u00e9ables.<\/p>\n<div class=\"et_pb_module et_pb_wc_description et_pb_wc_description_0_tb_body et_pb_bg_layout_light et_pb_text_align_left\">\n<div class=\"et_pb_module_inner\">\n<p>S\u00e9chage pur tiss\u00e9 \u00e0 la main style et m\u00e9thode de tressage osier.<\/p>\n<p>Couleur naturelle.<\/p>\n<p>Peut \u00eatre lav\u00e9 \u00e0 l\u2019eau, ou essuyer avec un chiffon humide.<\/p>\n<p><span class=\"property-title\">Taille : diam 25 x H 20 cm\u00a0<\/span><\/p>\n<p>Plusieurs motifs :<\/p>\n<\/div>\n<\/div>","protected":false},"featured_media":19049,"template":"","meta":{"_et_pb_use_builder":"","_et_pb_old_content":"","_et_gb_content_width":""},"product_brand":[],"product_cat":[7408,7406],"product_tag":[],"class_list":{"0":"post-19048","1":"product","2":"type-product","3":"status-publish","4":"has-post-thumbnail","6":"product_cat-deco-yin","7":"product_cat-tous-les-produits","8":"product_shipping_class-colissimo","9":"pa_couleur-style-1","10":"pa_couleur-style-2","11":"pa_couleur-style-3","12":"pa_couleur-style-4","13":"pa_couleur-style-6","14":"pa_couleur-style-7","15":"pa_couleur-style-8-double-rope","17":"first","18":"instock","19":"taxable","20":"shipping-taxable","21":"purchasable","22":"product-type-variable"},"aioseo_notices":[],"_links":{"self":[{"href":"https:\/\/arqitecture.fr\/en\/wp-json\/wp\/v2\/product\/19048","targetHints":{"allow":["GET"]}}],"collection":[{"href":"https:\/\/arqitecture.fr\/en\/wp-json\/wp\/v2\/product"}],"about":[{"href":"https:\/\/arqitecture.fr\/en\/wp-json\/wp\/v2\/types\/product"}],"wp:featuredmedia":[{"embeddable":true,"href":"https:\/\/arqitecture.fr\/en\/wp-json\/wp\/v2\/media\/19049"}],"wp:attachment":[{"href":"https:\/\/arqitecture.fr\/en\/wp-json\/wp\/v2\/media?parent=19048"}],"wp:term":[{"taxonomy":"product_brand","embeddable":true,"href":"https:\/\/arqitecture.fr\/en\/wp-json\/wp\/v2\/product_brand?post=19048"},{"taxonomy":"product_cat","embeddable":true,"href":"https:\/\/arqitecture.fr\/en\/wp-json\/wp\/v2\/product_cat?post=19048"},{"taxonomy":"product_tag","embeddable":true,"href":"https:\/\/arqitecture.fr\/en\/wp-json\/wp\/v2\/product_tag?post=19048"}],"curies":[{"name":"wp","href":"https:\/\/api.w.org\/{rel}","templated":true}]}}