{"id":18987,"date":"2024-01-10T17:27:35","date_gmt":"2024-01-10T16:27:35","guid":{"rendered":"https:\/\/arqitecture.fr\/produit\/panier-mural-facon-osier-6-tailles-au-choix\/"},"modified":"2024-06-03T15:32:23","modified_gmt":"2024-06-03T13:32:23","slug":"panier-mural-facon-osier-6-tailles-au-choix","status":"publish","type":"product","link":"https:\/\/arqitecture.fr\/en\/product\/panier-mural-facon-osier-6-tailles-au-choix\/","title":{"rendered":"Panier mural fa\u00e7on osier, 6 tailles au choix"},"content":{"rendered":"<div class=\"detailmodule_html\">\n<div class=\"detail-desc-decorate-richtext\">\n<p>\u25ba Ajoute un touche Naturelle<\/p>\n<p>\u25ba Ambiance authentique et chaleureuse<\/p>\n<p>Cadeau de pendaison de cr\u00e9maill\u00e8re, invitation \u00e0 diner ou de remerciements.<\/p>\n<p>Convient \u00e0 la cuisine comme au jardin, un couloir, au salon.<\/p>\n<p>Facile \u00e0 accrocher aux murs, aux portes, aux placards pour une sensation de ferme de campagne naturelle, parfait pour d\u00e9corer n&rsquo;importe quel espace de votre maison.<\/p>\n<\/div>\n<\/div>","protected":false},"excerpt":{"rendered":"<div>Pratique panier mural qui s&rsquo;accroche au mur et lib\u00e8re ainsi de l&rsquo;espace.<\/div>\n<div><\/div>\n<div>En corde de jute vietnamienne de haute qualit\u00e9.<\/div>\n<div class=\"product-specs-list-container\">\n<p>Fait \u00e0 la main.<\/p>\n<div>Parce que le produit est fait de coton et d&rsquo;\u00e9lastique, le produit re\u00e7u sera serr\u00e9 et la taille de l&rsquo;image sera la m\u00eame apr\u00e8s l&rsquo;accrochage.<\/div>\n<\/div>\n<div class=\"detailmodule_html\">\n<div class=\"detail-desc-decorate-richtext\">\n<p>Forte perm\u00e9abilit\u00e9 \u00e0 l&rsquo;air.<\/p>\n<p>Ce panier mural est tr\u00e8s appropri\u00e9 pour le stockage des oignons, l&rsquo;ail, la pomme de terre ou les fruits.<\/p>\n<p>Peut aussi servir aux clefs de voiture dans une entr\u00e9e ou aux produits de beaut\u00e9 dans une chambre.<\/p>\n<\/div>\n<\/div>","protected":false},"featured_media":18988,"template":"","meta":{"_et_pb_use_builder":"","_et_pb_old_content":"","_et_gb_content_width":""},"product_brand":[],"product_cat":[7408,7406],"product_tag":[],"class_list":{"0":"post-18987","1":"product","2":"type-product","3":"status-publish","4":"has-post-thumbnail","6":"product_cat-deco-yin","7":"product_cat-tous-les-produits","8":"product_shipping_class-colissimo","9":"pa_couleur-cotton-yellow-l","10":"pa_couleur-cotton-yellow-m","11":"pa_couleur-cotton-yellow-s","12":"pa_couleur-cotton-yellow-xl","13":"pa_couleur-cotton-yellow-xs","14":"pa_couleur-cotton-yellow-xxl","16":"first","17":"instock","18":"taxable","19":"shipping-taxable","20":"purchasable","21":"product-type-variable"},"aioseo_notices":[],"_links":{"self":[{"href":"https:\/\/arqitecture.fr\/en\/wp-json\/wp\/v2\/product\/18987","targetHints":{"allow":["GET"]}}],"collection":[{"href":"https:\/\/arqitecture.fr\/en\/wp-json\/wp\/v2\/product"}],"about":[{"href":"https:\/\/arqitecture.fr\/en\/wp-json\/wp\/v2\/types\/product"}],"wp:featuredmedia":[{"embeddable":true,"href":"https:\/\/arqitecture.fr\/en\/wp-json\/wp\/v2\/media\/18988"}],"wp:attachment":[{"href":"https:\/\/arqitecture.fr\/en\/wp-json\/wp\/v2\/media?parent=18987"}],"wp:term":[{"taxonomy":"product_brand","embeddable":true,"href":"https:\/\/arqitecture.fr\/en\/wp-json\/wp\/v2\/product_brand?post=18987"},{"taxonomy":"product_cat","embeddable":true,"href":"https:\/\/arqitecture.fr\/en\/wp-json\/wp\/v2\/product_cat?post=18987"},{"taxonomy":"product_tag","embeddable":true,"href":"https:\/\/arqitecture.fr\/en\/wp-json\/wp\/v2\/product_tag?post=18987"}],"curies":[{"name":"wp","href":"https:\/\/api.w.org\/{rel}","templated":true}]}}