{"id":18942,"date":"2024-01-11T15:37:58","date_gmt":"2024-01-11T14:37:58","guid":{"rendered":"https:\/\/arqitecture.fr\/produit\/grand-panier-de-rangement-coton-lin-autres-motifs-dispo\/"},"modified":"2024-06-03T15:33:10","modified_gmt":"2024-06-03T13:33:10","slug":"grand-panier-de-rangement-coton-lin-autres-motifs-dispo","status":"publish","type":"product","link":"https:\/\/arqitecture.fr\/en\/product\/grand-panier-de-rangement-coton-lin-autres-motifs-dispo\/","title":{"rendered":"Panier de rangement Taille S\/M rond Lin, Autres motifs dispo"},"content":{"rendered":"<div class=\"detailmodule_html\">\n<div class=\"detail-desc-decorate-richtext\">\n<div>\n<p>\u25ba Ajoute un touche d\u00e9co boh\u00e8me<\/p>\n<p>\u25ba Ambiance authentique, chaleureuse et naturelle<\/p>\n<p>Cadeau de pendaison de cr\u00e9maill\u00e8re, invitation \u00e0 diner ou de remerciements.<\/p>\n<p>Permet de stocker des v\u00eatements propres et bien rang\u00e9s, des serviettes, des sous-v\u00eatements, des chaussettes, des jouets, des cosm\u00e9tiques, des livres, des aliments et d&rsquo;autres n\u00e9cessit\u00e9s quotidiennes.<\/p>\n<p>Conteneur de nettoyage, fournitures de salle de bain, panier \u00e0 linge, serviettes en rouleaux, rangement d\u2019articles divers, v\u00eatements, de jouets, etc.<\/p>\n<p>&nbsp;<\/p>\n<\/div>\n<\/div>\n<\/div>","protected":false},"excerpt":{"rendered":"<p>Robuste panier \u00e0 la mode en corde de coton avec poign\u00e9es.<\/p>\n<p>Tissage 100% coton, tissu Lin.<\/p>\n<div class=\"detailmodule_html\">\n<div class=\"detail-desc-decorate-richtext\">\n<div>\n<p>Le dessous est un rev\u00eatement imperm\u00e9able, propre et sain.<\/p>\n<p>Couleurs et motifs au choix :<\/p>\n<p>Taille: S\/M<\/p>\n<\/div>\n<\/div>\n<\/div>","protected":false},"featured_media":18943,"template":"","meta":{"_et_pb_use_builder":"","_et_pb_old_content":"","_et_gb_content_width":""},"product_brand":[],"product_cat":[7408,7406],"product_tag":[],"class_list":{"0":"post-18942","1":"product","2":"type-product","3":"status-publish","4":"has-post-thumbnail","6":"product_cat-deco-yin","7":"product_cat-tous-les-produits","8":"product_shipping_class-colissimo","9":"pa_couleur-a-20x20cm","10":"pa_couleur-a-25x25cm","11":"pa_couleur-a-30x30cm","12":"pa_couleur-b-20x20cm","13":"pa_couleur-b-25x25cm","14":"pa_couleur-b-30x30cm","15":"pa_couleur-c-21x26cm","16":"pa_couleur-c-30x32cm","17":"pa_couleur-e-01-42cm","18":"pa_couleur-e-02-42cm","19":"pa_couleur-e-03-42cm","21":"first","22":"instock","23":"taxable","24":"shipping-taxable","25":"purchasable","26":"product-type-variable"},"aioseo_notices":[],"_links":{"self":[{"href":"https:\/\/arqitecture.fr\/en\/wp-json\/wp\/v2\/product\/18942","targetHints":{"allow":["GET"]}}],"collection":[{"href":"https:\/\/arqitecture.fr\/en\/wp-json\/wp\/v2\/product"}],"about":[{"href":"https:\/\/arqitecture.fr\/en\/wp-json\/wp\/v2\/types\/product"}],"wp:featuredmedia":[{"embeddable":true,"href":"https:\/\/arqitecture.fr\/en\/wp-json\/wp\/v2\/media\/18943"}],"wp:attachment":[{"href":"https:\/\/arqitecture.fr\/en\/wp-json\/wp\/v2\/media?parent=18942"}],"wp:term":[{"taxonomy":"product_brand","embeddable":true,"href":"https:\/\/arqitecture.fr\/en\/wp-json\/wp\/v2\/product_brand?post=18942"},{"taxonomy":"product_cat","embeddable":true,"href":"https:\/\/arqitecture.fr\/en\/wp-json\/wp\/v2\/product_cat?post=18942"},{"taxonomy":"product_tag","embeddable":true,"href":"https:\/\/arqitecture.fr\/en\/wp-json\/wp\/v2\/product_tag?post=18942"}],"curies":[{"name":"wp","href":"https:\/\/api.w.org\/{rel}","templated":true}]}}