{"id":18893,"date":"2024-01-11T13:58:10","date_gmt":"2024-01-11T12:58:10","guid":{"rendered":"https:\/\/arqitecture.fr\/produit\/panier-de-rangement-ronde-nature-rotin-3-tailles\/"},"modified":"2024-06-03T15:33:02","modified_gmt":"2024-06-03T13:33:02","slug":"panier-de-rangement-ronde-nature-rotin-3-tailles","status":"publish","type":"product","link":"https:\/\/arqitecture.fr\/en\/product\/panier-de-rangement-ronde-nature-rotin-3-tailles\/","title":{"rendered":"Panier de jardini\u00e8re Rond Nature Rotin, 3 tailles"},"content":{"rendered":"<p>\u25ba Ajoute un touche d\u00e9co Nature<\/p>\n<p>\u25ba Ambiance authentique et chaleureuse<\/p>\n<p>Cadeau de pendaison de cr\u00e9maill\u00e8re, invitation \u00e0 diner ou de remerciements.<\/p>\n<p>Convient \u00e0 tous les coins de la maison, couloir, salon, chambre d&rsquo;enfant ou salle de bain.<\/p>\n<div class=\"detailmodule_html\">\n<div class=\"detail-desc-decorate-richtext\">\n<div class=\"detailmodule_image\"><\/div>\n<\/div>\n<\/div>","protected":false},"excerpt":{"rendered":"<p>Charmant panier de jardini\u00e8re longiligne avec poign\u00e9es pour cacher un disgracieux pot de fleurs en plastique.<\/p>\n<p><span class=\"property-title\">Fabriqu\u00e9e en f<\/span><span class=\"property-desc line-limit-length\">ibre v\u00e9g\u00e9tale fa\u00e7on osier.<\/span><\/p>\n<p>Couleur naturelle.<\/p>\n<p>S\u00e9chage pur tiss\u00e9 \u00e0 la main.<\/p>\n<p>Peut \u00eatre lav\u00e9 \u00e0 l&rsquo;eau, ou essuyer avec un chiffon humide.<\/p>\n<p><span class=\"property-title\">3 sizes to choose from:<\/span><\/p>","protected":false},"featured_media":18895,"template":"","meta":{"_et_pb_use_builder":"","_et_pb_old_content":"","_et_gb_content_width":""},"product_brand":[],"product_cat":[7408,7406],"product_tag":[],"class_list":{"0":"post-18893","1":"product","2":"type-product","3":"status-publish","4":"has-post-thumbnail","6":"product_cat-deco-yin","7":"product_cat-tous-les-produits","8":"product_shipping_class-colissimo","9":"pa_couleur-size-l-23x40cm","10":"pa_couleur-size-m-21x35cm","11":"pa_couleur-size-s-19x29cm","12":"pa_taille-g","14":"first","15":"instock","16":"taxable","17":"shipping-taxable","18":"purchasable","19":"product-type-variable"},"aioseo_notices":[],"_links":{"self":[{"href":"https:\/\/arqitecture.fr\/en\/wp-json\/wp\/v2\/product\/18893","targetHints":{"allow":["GET"]}}],"collection":[{"href":"https:\/\/arqitecture.fr\/en\/wp-json\/wp\/v2\/product"}],"about":[{"href":"https:\/\/arqitecture.fr\/en\/wp-json\/wp\/v2\/types\/product"}],"wp:featuredmedia":[{"embeddable":true,"href":"https:\/\/arqitecture.fr\/en\/wp-json\/wp\/v2\/media\/18895"}],"wp:attachment":[{"href":"https:\/\/arqitecture.fr\/en\/wp-json\/wp\/v2\/media?parent=18893"}],"wp:term":[{"taxonomy":"product_brand","embeddable":true,"href":"https:\/\/arqitecture.fr\/en\/wp-json\/wp\/v2\/product_brand?post=18893"},{"taxonomy":"product_cat","embeddable":true,"href":"https:\/\/arqitecture.fr\/en\/wp-json\/wp\/v2\/product_cat?post=18893"},{"taxonomy":"product_tag","embeddable":true,"href":"https:\/\/arqitecture.fr\/en\/wp-json\/wp\/v2\/product_tag?post=18893"}],"curies":[{"name":"wp","href":"https:\/\/api.w.org\/{rel}","templated":true}]}}